{"id":7305,"date":"2024-04-30T17:56:47","date_gmt":"2024-04-30T09:56:47","guid":{"rendered":"https:\/\/long-join.com\/?post_type=product&#038;p=7305"},"modified":"2024-05-16T13:46:59","modified_gmt":"2024-05-16T05:46:59","slug":"ansic136-41-dispositivo-di-protezione-da-sovratensioni-tipo-nema-spd","status":"publish","type":"product","link":"https:\/\/long-join.com\/it\/product\/ansic136-41-nema-type-surge-protective-device-spd\/","title":{"rendered":"Dispositivo di protezione contro le sovratensioni (SPD) di tipo ANSIC136.41 \/ NEMA"},"content":{"rendered":"<blockquote><p>Perch\u00e9 sviluppiamo un modulo di protezione da sovratensioni? Questa presa JL-250F con un dispositivo di protezione da sovratensioni \u00e8 ideale per sistemi di traffico urbano, comuni e servizi pubblici e previene sovratensioni o sovracorrenti dovute a fulmini improvvisi o problemi di alimentazione in ambienti difficili. Inoltre, \u00e8 possibile sostituire il fotoregolatore in qualsiasi momento, in particolare sui lampioni stradali, che sono necessari per la manutenzione durante tutto l&#039;anno. Il prodotto \u00e8 dotato di protezione da sovratensioni in modalit\u00e0 differenziale e sovratensioni in modalit\u00e0 comune, che migliora notevolmente la capacit\u00e0 di funzionamento del controller di illuminazione in un ambiente con interferenze elettromagnetiche complesse.<\/p><\/blockquote>\n<blockquote><p>Caratteristica<\/p><\/blockquote>\n<blockquote><p>1-semplice tensione di esercizio, parametro di tensione di lavoro del modulo SPD modificabile;<\/p><\/blockquote>\n<blockquote><p>2-Questo modulo SPD si trova in una posizione diversa. Questo modulo si trova sopra la base NEMA e sotto il controller della luce con 120-277 V CA;<\/p><\/blockquote>\n<blockquote><p>Modulo di protezione da sovratensioni simile a quello dei concorrenti a 3 livelli, le prospettive della struttura del nostro modulo SPD combinano un design di stretta di mano meccanica umana, una rotazione pi\u00f9 comoda e la sua configurazione dello spazio interno, un design del foro di corrente di terra centrale sicuro e affidabile per garantire un funzionamento pi\u00f9 sicuro e stabile del controller della luce, evitando danni diretti efficaci dalle condizioni meteorologiche esterne severe dell&#039;apparecchio di illuminazione.<\/p><\/blockquote>\n<blockquote><p>Modulo di sovratensione plug-in 4-fast in qualsiasi momento.<\/p><\/blockquote>\n<blockquote><p>5-pu\u00f2 essere collegato tramite il terminale di terra centrale: <a href=\"https:\/\/long-join.com\/it\/product\/presa-a-7-pin-con-giunto-lungo-nema-ansi-c136-41-adatta-al-modulo-di-protezione-da-sovratensioni-jl-250f\/\" target=\"_blank\" rel=\"nofollow noopener\">Presa JL-250G 0-480V<\/a><\/p><\/blockquote>","protected":false},"excerpt":{"rendered":"<p>1. Tensione di protezione da sovratensione: 10-20 Kv<br \/>\n2. Corrente di scarica nominale di 5 kA o 10 kA<br \/>\n3. Corrente di picco: 5KA, 10KA, 20KA<br \/>\n4. Tensione di lavoro: 120-277 V CA<br \/>\n5. Presa a 7 pin con design del foro di messa a terra centrale<br \/>\n6. Soppressione della corrente di dispersione (GDT)<br \/>\n7. Questo prodotto di tipo SPD \u00e8 un modulo di interfaccia di limitazione della tensione (limitatore di tensione) definito<br \/>\n8. Certificato: ANSI C136.41, UL773, RoHS,CE,CE,UKCA<\/p>","protected":false},"featured_media":7309,"template":"","meta":{"_acf_changed":false,"_seopress_robots_primary_cat":"none","_seopress_titles_title":"","_seopress_titles_desc":"","_seopress_robots_index":""},"product_brand":[],"product_cat":[56,31,28],"product_tag":[],"class_list":{"0":"post-7305","1":"product","2":"type-product","3":"status-publish","4":"has-post-thumbnail","6":"product_cat-nema-7-pin-receptacle","7":"product_cat-nema-standard-connector","8":"product_cat-our-product","10":"first","11":"instock","12":"shipping-taxable","13":"product-type-simple"},"acf":[],"_links":{"self":[{"href":"https:\/\/long-join.com\/it\/wp-json\/wp\/v2\/product\/7305","targetHints":{"allow":["GET"]}}],"collection":[{"href":"https:\/\/long-join.com\/it\/wp-json\/wp\/v2\/product"}],"about":[{"href":"https:\/\/long-join.com\/it\/wp-json\/wp\/v2\/types\/product"}],"version-history":[{"count":0,"href":"https:\/\/long-join.com\/it\/wp-json\/wp\/v2\/product\/7305\/revisions"}],"wp:featuredmedia":[{"embeddable":true,"href":"https:\/\/long-join.com\/it\/wp-json\/wp\/v2\/media\/7309"}],"wp:attachment":[{"href":"https:\/\/long-join.com\/it\/wp-json\/wp\/v2\/media?parent=7305"}],"wp:term":[{"taxonomy":"product_brand","embeddable":true,"href":"https:\/\/long-join.com\/it\/wp-json\/wp\/v2\/product_brand?post=7305"},{"taxonomy":"product_cat","embeddable":true,"href":"https:\/\/long-join.com\/it\/wp-json\/wp\/v2\/product_cat?post=7305"},{"taxonomy":"product_tag","embeddable":true,"href":"https:\/\/long-join.com\/it\/wp-json\/wp\/v2\/product_tag?post=7305"}],"curies":[{"name":"parola chiave","href":"https:\/\/api.w.org\/{rel}","templated":true}]}}