{"id":4107,"date":"2023-12-01T18:00:22","date_gmt":"2023-12-01T10:00:22","guid":{"rendered":"https:\/\/long-join.com\/?post_type=product&#038;p=4107"},"modified":"2024-12-19T15:16:15","modified_gmt":"2024-12-19T07:16:15","slug":"interruttore-di-controllo-della-luce-intelligente-wireless-zigbee-jl-245cz","status":"publish","type":"product","link":"https:\/\/long-join.com\/it\/product\/zigbee-wireless-intelligent-light-controller-switch-photo-control-jl-245cz\/","title":{"rendered":"Interruttore di controllo della luce intelligente wireless Zigbee JL-245CZ"},"content":{"rendered":"<blockquote><p><a href=\"https:\/\/long-join.com\/it\/product\/jl-246cg-master-zigbee-controller-per-illuminazione-stradale-intelligente-wireless-120-277vac\/\" rel=\"sponsored nofollow \">JL-246CG<\/a> Il controller wireless ZigBee \u00e8 un controller master con connessione wireless multi-point JL-245CZ. Oltre alla funzione di trasmissione dati, si connette automaticamente al servizio di terminale cloud tramite diverse reti di comunicazione LTE Cat1 o supporta 2G\/3G\/4G\/NB-IOT\/LoRa\/Sigfox. Inoltre, questo controller ha una funzione di controllo strategico che accende e spegne automaticamente l&#039;illuminazione dal tramonto all&#039;alba. Suggerimenti: modalit\u00e0 di controllo dell&#039;illuminazione locale: il controller dell&#039;illuminazione pu\u00f2 funzionare automaticamente in base alle condizioni del valore di lux dell&#039;illuminazione esterna.<\/p>\n<p><img fetchpriority=\"high\" decoding=\"async\" class=\"wp-image-10412 size-full\" src=\"http:\/\/long-join.com\/wp-content\/uploads\/2024\/12\/246CG_04.jpg\" alt=\"246CG_04 controller master intelligente\" width=\"750\" height=\"963\" srcset=\"https:\/\/long-join.com\/wp-content\/uploads\/2024\/12\/246CG_04.jpg 750w, https:\/\/long-join.com\/wp-content\/uploads\/2024\/12\/246CG_04-234x300.jpg 234w, https:\/\/long-join.com\/wp-content\/uploads\/2024\/12\/246CG_04-600x770.jpg 600w\" sizes=\"(max-width: 750px) 100vw, 750px\" \/><\/p><\/blockquote>\n<blockquote><p>*Le serie JL-245 e JL-246 di controller di illuminazione intelligenti possono essere utilizzate per applicazioni di controllo singolo o per il controllo di sistemi di smart city. Come strade, fiere, scuole, centri commerciali, supermercati, fabbriche, parchi e cos\u00ec via. Queste modalit\u00e0 di controllo possono funzionare come controlli di lampade autonomi con strategie locali. Il nostro controller JL-245CZ \u00e8 dotato di comunicazione wireless ZigBee, trasmissione dati e dimmerazione 0-10 V.<\/p><\/blockquote>\n<blockquote><p>Per quanto riguarda l&#039;aspetto della comunicazione IoT, \u00e8 uno dei sistemi di illuminazione intelligente UM9000 e carica i dati (provenienti da: dispositivo di illuminazione, azionamento LED, monitor di visualizzazione LED, illuminazione di allarme, segnale del veicolo di trasporto, ecc.) sul controller master <a href=\"https:\/\/long-join.com\/it\/product\/jl-246cg-master-zigbee-controller-per-illuminazione-stradale-intelligente-wireless-120-277vac\/\" target=\"_blank\" rel=\"nofollow noopener\">JL-246CG<\/a>Quindi, puoi informarti su questo tipo di controller, se supporta la connessione al sistema di controllo di gestione locale. Dammi un suggerimento: controllo standard con comunicazione wireless, che per il sistema di gestione delle smart city locali connette il nodo, ma tramite un team tecnico di lunga data puoi scrivere il documento del protocollo UART per il trasferimento.<\/p><\/blockquote>\n<blockquote><p>*Rete di gestione IoT UM9000 (WAN): M JL-245C e un JL-246CW o JL-246CG per comporre una rete Zigbee per il controllo della luce, quindi utilizzare N *Rete Zigbee per comporre una rete pi\u00f9 grande.<\/p><\/blockquote>\n<blockquote><p>Osservazioni:<\/p>\n<blockquote><p>1\u3001 M \u00e8 la quantit\u00e0 di singolo controller, consigliato \u226450<\/p><\/blockquote>\n<blockquote><p>2\u3001 M*JL-245C + 1*JL-246 formano una rete ZigBee<\/p><\/blockquote>\n<blockquote><p>3\u3001 N \u00e8 la quantit\u00e0 di rete ZigBee<\/p><\/blockquote>\n<\/blockquote>\n<blockquote><p><strong>Caratteristiche JL-246CZ<\/strong><\/p><\/blockquote>\n<blockquote><p>* Tecnologia di rete ad hoc Zigbee, e questa rete wireless pu\u00f2 supportare <strong>maglia<\/strong> funzionalit\u00e0 di rete e funziona nelle bande di frequenza libere di 2,4 GHz (globale), 868 MHz (europea) e 915 MHz (americana).<\/p><\/blockquote>\n<blockquote><p>* Distanza di comunicazione Zigbee: \u22641000 m<\/p><\/blockquote>\n<blockquote><p>* Altitudine: \u22644000 m<\/p><\/blockquote>\n<blockquote><p>* Copertura sandwich per Long Life, questa forma con doppio PC<\/p><\/blockquote>\n<blockquote><p>* Livello di protezione contro le sovratensioni: modalit\u00e0 differenziale 6KV\/3KA<\/p><\/blockquote>\n<p><strong>Lo schema elettrico del controller NEMA a 7 pin \u00e8 il seguente<\/strong><\/p>\n<p><img decoding=\"async\" class=\"wp-image-10460 size-full\" title=\"Controller wireless intelligente JL-245CZ016\" src=\"http:\/\/long-join.com\/wp-content\/uploads\/2023\/12\/JL-245CZ016.jpg\" alt=\"Controller wireless intelligente JL-245CZ016\" width=\"750\" height=\"613\" srcset=\"https:\/\/long-join.com\/wp-content\/uploads\/2023\/12\/JL-245CZ016.jpg 750w, https:\/\/long-join.com\/wp-content\/uploads\/2023\/12\/JL-245CZ016-300x245.jpg 300w, https:\/\/long-join.com\/wp-content\/uploads\/2023\/12\/JL-245CZ016-600x490.jpg 600w\" sizes=\"(max-width: 750px) 100vw, 750px\" \/><\/p>\n<table style=\"height: 286px;\" border=\"1\" width=\"436\" cellspacing=\"0\" cellpadding=\"0\">\n<tbody>\n<tr>\n<td width=\"101\">Colore<\/td>\n<td width=\"88\">Definizione del PIN<\/td>\n<\/tr>\n<tr>\n<td>Marrone<\/td>\n<td>Terra<\/td>\n<\/tr>\n<tr>\n<td>Arancia<\/td>\n<td>Dimmerazione PWM o 0-10 V<\/td>\n<\/tr>\n<tr>\n<td>Grigio<\/td>\n<td>Terra<\/td>\n<\/tr>\n<tr>\n<td>Viola<\/td>\n<td>0-10 V +<\/td>\n<\/tr>\n<tr>\n<td>Nero<\/td>\n<td>Ingresso CA Li<\/td>\n<\/tr>\n<tr>\n<td>Bianco<\/td>\n<td>Ingresso CA N<\/td>\n<\/tr>\n<tr>\n<td>Rosso<\/td>\n<td>Ingresso CA Lo<\/td>\n<\/tr>\n<\/tbody>\n<\/table>\n<p>&nbsp;<\/p>","protected":false},"excerpt":{"rendered":"<p>1. Modello del prodotto: JL-245CZ<br \/>\n2. Grado di protezione IP: IP65\/IP67<br \/>\n3. Senza fili: Zigbee<br \/>\n4. Uscita dimmer: 0-10 V\/PWM<\/p>","protected":false},"featured_media":4113,"template":"","meta":{"_acf_changed":false,"_seopress_robots_primary_cat":"none","_seopress_titles_title":"","_seopress_titles_desc":"","_seopress_robots_index":""},"product_brand":[],"product_cat":[60,59,55],"product_tag":[],"class_list":{"0":"post-4107","1":"product","2":"type-product","3":"status-publish","4":"has-post-thumbnail","6":"product_cat-dimming-photocontrol","7":"product_cat-smart-photocell-sensor","8":"product_cat-twist-lock-photocontrollers","10":"first","11":"instock","12":"shipping-taxable","13":"product-type-simple"},"acf":[],"_links":{"self":[{"href":"https:\/\/long-join.com\/it\/wp-json\/wp\/v2\/product\/4107","targetHints":{"allow":["GET"]}}],"collection":[{"href":"https:\/\/long-join.com\/it\/wp-json\/wp\/v2\/product"}],"about":[{"href":"https:\/\/long-join.com\/it\/wp-json\/wp\/v2\/types\/product"}],"version-history":[{"count":14,"href":"https:\/\/long-join.com\/it\/wp-json\/wp\/v2\/product\/4107\/revisions"}],"predecessor-version":[{"id":10500,"href":"https:\/\/long-join.com\/it\/wp-json\/wp\/v2\/product\/4107\/revisions\/10500"}],"wp:featuredmedia":[{"embeddable":true,"href":"https:\/\/long-join.com\/it\/wp-json\/wp\/v2\/media\/4113"}],"wp:attachment":[{"href":"https:\/\/long-join.com\/it\/wp-json\/wp\/v2\/media?parent=4107"}],"wp:term":[{"taxonomy":"product_brand","embeddable":true,"href":"https:\/\/long-join.com\/it\/wp-json\/wp\/v2\/product_brand?post=4107"},{"taxonomy":"product_cat","embeddable":true,"href":"https:\/\/long-join.com\/it\/wp-json\/wp\/v2\/product_cat?post=4107"},{"taxonomy":"product_tag","embeddable":true,"href":"https:\/\/long-join.com\/it\/wp-json\/wp\/v2\/product_tag?post=4107"}],"curies":[{"name":"parola chiave","href":"https:\/\/api.w.org\/{rel}","templated":true}]}}