{"id":3650,"date":"2023-11-23T17:04:46","date_gmt":"2023-11-23T09:04:46","guid":{"rendered":"https:\/\/long-join.com\/?post_type=product&#038;p=3650"},"modified":"2023-11-23T17:04:46","modified_gmt":"2023-11-23T09:04:46","slug":"controller-fotoelettrico-per-illuminazione-stradale-jl-217c-giunto-lungo","status":"publish","type":"product","link":"https:\/\/long-join.com\/it\/product\/street-light-photo-controller-jl-217c-long-join\/","title":{"rendered":"Controller fotografico per illuminazione stradale JL-217C a giunto lungo"},"content":{"rendered":"<blockquote><p>La serie di fotocontrollo JL-217 \u00e8 applicabile per controllare automaticamente l&#039;illuminazione stradale, l&#039;illuminazione del giardino, l&#039;illuminazione dei passaggi e l&#039;illuminazione delle porte in base al livello di illuminazione naturale ambientale, laddove \u00e8 richiesta una maggiore protezione contro i fulmini.<\/p><\/blockquote>\n<blockquote><p>Questo prodotto \u00e8 progettato con circuiti a microprocessore con fototransistor filtrato IR e dotato di scaricatore di sovratensione (MOV).<\/p><\/blockquote>\n<blockquote><p>La versione HP garantisce un&#039;affidabilit\u00e0 costante poich\u00e9 il rel\u00e8 ha una durata utile di oltre 10.000 cicli e offre una durata utile extra lunga quando viene applicata anche l&#039;opzione di copertura Sandwich.<\/p><\/blockquote>\n<blockquote><p>Supporta FCC Classe A \/ Classe C <\/p><\/blockquote>","protected":false},"excerpt":{"rendered":"<p>1. Modello del prodotto: JL-217C<br \/>\n2. Tensione nominale: 120-277 V CA<br \/>\n3. Livello Lux On \/ OFF: 16 Lx acceso; 24 Lx spento<br \/>\n4. Grado di protezione IP: IP54, IP65, IP67<br \/>\n5. Standard di conformit\u00e0: CE, ROHS, UL<\/p>","protected":false},"featured_media":3654,"template":"","meta":{"_acf_changed":false,"_seopress_robots_primary_cat":"","_seopress_titles_title":"","_seopress_titles_desc":"","_seopress_robots_index":""},"product_brand":[],"product_cat":[28,55],"product_tag":[],"class_list":{"0":"post-3650","1":"product","2":"type-product","3":"status-publish","4":"has-post-thumbnail","6":"product_cat-our-product","7":"product_cat-twist-lock-photocontrollers","9":"first","10":"instock","11":"shipping-taxable","12":"product-type-simple"},"acf":[],"_links":{"self":[{"href":"https:\/\/long-join.com\/it\/wp-json\/wp\/v2\/product\/3650","targetHints":{"allow":["GET"]}}],"collection":[{"href":"https:\/\/long-join.com\/it\/wp-json\/wp\/v2\/product"}],"about":[{"href":"https:\/\/long-join.com\/it\/wp-json\/wp\/v2\/types\/product"}],"version-history":[{"count":0,"href":"https:\/\/long-join.com\/it\/wp-json\/wp\/v2\/product\/3650\/revisions"}],"wp:featuredmedia":[{"embeddable":true,"href":"https:\/\/long-join.com\/it\/wp-json\/wp\/v2\/media\/3654"}],"wp:attachment":[{"href":"https:\/\/long-join.com\/it\/wp-json\/wp\/v2\/media?parent=3650"}],"wp:term":[{"taxonomy":"product_brand","embeddable":true,"href":"https:\/\/long-join.com\/it\/wp-json\/wp\/v2\/product_brand?post=3650"},{"taxonomy":"product_cat","embeddable":true,"href":"https:\/\/long-join.com\/it\/wp-json\/wp\/v2\/product_cat?post=3650"},{"taxonomy":"product_tag","embeddable":true,"href":"https:\/\/long-join.com\/it\/wp-json\/wp\/v2\/product_tag?post=3650"}],"curies":[{"name":"parola chiave","href":"https:\/\/api.w.org\/{rel}","templated":true}]}}