{"id":3497,"date":"2023-11-15T15:03:42","date_gmt":"2023-11-15T07:03:42","guid":{"rendered":"https:\/\/long-join.com\/?post_type=product&#038;p=3497"},"modified":"2023-11-23T17:23:44","modified_gmt":"2023-11-23T09:23:44","slug":"giunto-lungo-jl-207f-480vac-illuminazione-parcheggio-fotocontrollo","status":"publish","type":"product","link":"https:\/\/long-join.com\/it\/product\/long-join-jl-207f-480vac-parking-lot-lighting-photocontrol\/","title":{"rendered":"Fotocontrollo per illuminazione parcheggio JL-207F 480VAC a giunto lungo"},"content":{"rendered":"<blockquote><p>La serie di fotocontrollo JL-207 \u00e8 applicabile per controllare automaticamente l&#039;illuminazione stradale, l&#039;illuminazione del giardino, l&#039;illuminazione dei passaggi e l&#039;illuminazione delle porte in base al livello di luce naturale ambientale, con una funzione di risparmio energetico all&#039;alba.<\/p><\/blockquote>\n<blockquote><p>La versione a lunga durata pu\u00f2 mantenere caratteristiche costanti e affidabili. Il rel\u00e8 pu\u00f2 avere pi\u00f9 di 10.000 cicli di vita operativa. L&#039;installazione del guscio protettivo a doppio strato pu\u00f2 garantire una maggiore durata operativa per JL-207. La versione HP offre un carico maggiore.<\/p><\/blockquote>\n<blockquote><p>*Altre serie ad ampia tensione: JL-207C (120-277 V CA), JL-207E (347 V CA)<\/p><\/blockquote>\n<blockquote><p>*JL-207 \u00e8 disponibile in diverse modalit\u00e0 di lavoro: Fail-On \/ Fail-Off<\/p><\/blockquote>\n<blockquote><p>*Tecnologia Zero-Cross all&#039;interno<\/p><\/blockquote>","protected":false},"excerpt":{"rendered":"<p>1. Modello del prodotto: JL-207F<br \/>\n2. Tensione nominale: 480 V CA<br \/>\n3. Livello Lux On \/ OFF: 16 Lx acceso; 24 Lx spento<br \/>\n4. Grado di protezione IP: IP54, IP65, IP67<br \/>\n5. Standard di conformit\u00e0: CE, FCC<\/p>","protected":false},"featured_media":3485,"template":"","meta":{"_acf_changed":false,"_seopress_robots_primary_cat":"none","_seopress_titles_title":"","_seopress_titles_desc":"","_seopress_robots_index":""},"product_brand":[],"product_cat":[61,28,55],"product_tag":[],"class_list":{"0":"post-3497","1":"product","2":"type-product","3":"status-publish","4":"has-post-thumbnail","6":"product_cat-jl-207-series-photocontrol","7":"product_cat-our-product","8":"product_cat-twist-lock-photocontrollers","10":"first","11":"instock","12":"shipping-taxable","13":"product-type-simple"},"acf":[],"_links":{"self":[{"href":"https:\/\/long-join.com\/it\/wp-json\/wp\/v2\/product\/3497","targetHints":{"allow":["GET"]}}],"collection":[{"href":"https:\/\/long-join.com\/it\/wp-json\/wp\/v2\/product"}],"about":[{"href":"https:\/\/long-join.com\/it\/wp-json\/wp\/v2\/types\/product"}],"version-history":[{"count":0,"href":"https:\/\/long-join.com\/it\/wp-json\/wp\/v2\/product\/3497\/revisions"}],"wp:featuredmedia":[{"embeddable":true,"href":"https:\/\/long-join.com\/it\/wp-json\/wp\/v2\/media\/3485"}],"wp:attachment":[{"href":"https:\/\/long-join.com\/it\/wp-json\/wp\/v2\/media?parent=3497"}],"wp:term":[{"taxonomy":"product_brand","embeddable":true,"href":"https:\/\/long-join.com\/it\/wp-json\/wp\/v2\/product_brand?post=3497"},{"taxonomy":"product_cat","embeddable":true,"href":"https:\/\/long-join.com\/it\/wp-json\/wp\/v2\/product_cat?post=3497"},{"taxonomy":"product_tag","embeddable":true,"href":"https:\/\/long-join.com\/it\/wp-json\/wp\/v2\/product_tag?post=3497"}],"curies":[{"name":"parola chiave","href":"https:\/\/api.w.org\/{rel}","templated":true}]}}