{"id":2105,"date":"2023-10-13T17:54:35","date_gmt":"2023-10-13T09:54:35","guid":{"rendered":"https:\/\/long-join.com\/?post_type=product&#038;p=2105"},"modified":"2025-05-09T16:27:57","modified_gmt":"2025-05-09T08:27:57","slug":"il-fornitore-di-giunti-lunghi-offre-diverse-serie-di-coperture-per-interruttori-fotocellule","status":"publish","type":"product","link":"https:\/\/long-join.com\/it\/product\/long-join-provider-offer-different-seires-photocell-switch-cover\/","title":{"rendered":"Il fornitore LONG-JOIN offre diverse serie di coperture per interruttori fotocellula"},"content":{"rendered":"<blockquote><p>Questi accessori della serie di controller di luce vengono utilizzati per futuri gruppi di controllo di luce intelligenti, come la base JL-241J, la base del modulo di interfaccia YS800076 e NEMA (presa a 3 pin, presa a 5 pin, presa a 7 pin), in particolare la base a 7 pin nel controller di fotocellula intelligente per il programma di illuminazione stradale a LED municipale wireless \u00e8 bella e popolare. Inoltre, si basa sul modulo di base del controller per sviluppare gruppi di unit\u00e0 di controllo, questo circuito di controllo \u00e8 integrato con alimentazione CA\/CC, protezione da sovratensione, rel\u00e8 con controllo di commutazione, impostazione di diverse modalit\u00e0 di modulazione.<\/p><\/blockquote>\n<blockquote><p>Quindi, un set perfetto di componenti per controller intelligenti \u00e8 composto da componenti di controllo per sensori fotoelettrici LONG-JOIN e unit\u00e0 centrali di controllo avanzate per garantire che il prodotto finito raggiunga i vostri obiettivi e soddisfi gli standard del settore. Perch\u00e9 scegliere noi per la fornitura di accessori per l&#039;illuminazione? I nostri componenti di controllo per sensori fotoelettrici sono progettati per fornire prestazioni precise e affidabili, garantendo che il vostro prodotto finito soddisfi i pi\u00f9 elevati standard di qualit\u00e0 ingegneristica. Scegliendo componenti per fotocellule Long-Join, potete essere certi di investire in una soluzione che vi aiuter\u00e0 a raggiungere i vostri obiettivi e a superare le aspettative dei vostri clienti.<\/p><\/blockquote>\n<blockquote><p><b>Dammi suggerimenti facoltativi<\/b><\/p><\/blockquote>\n<p><img fetchpriority=\"high\" decoding=\"async\" class=\"aligncenter wp-image-13194 size-full\" src=\"http:\/\/long-join.com\/wp-content\/uploads\/2023\/10\/nema-controller-cover04-1.jpg\" alt=\"\" width=\"1082\" height=\"479\" srcset=\"https:\/\/long-join.com\/wp-content\/uploads\/2023\/10\/nema-controller-cover04-1.jpg 1082w, https:\/\/long-join.com\/wp-content\/uploads\/2023\/10\/nema-controller-cover04-1-300x133.jpg 300w, https:\/\/long-join.com\/wp-content\/uploads\/2023\/10\/nema-controller-cover04-1-1024x453.jpg 1024w, https:\/\/long-join.com\/wp-content\/uploads\/2023\/10\/nema-controller-cover04-1-768x340.jpg 768w, https:\/\/long-join.com\/wp-content\/uploads\/2023\/10\/nema-controller-cover04-1-18x8.jpg 18w, https:\/\/long-join.com\/wp-content\/uploads\/2023\/10\/nema-controller-cover04-1-600x266.jpg 600w\" sizes=\"(max-width: 1082px) 100vw, 1082px\" \/><\/p>\n<blockquote><p>Di seguito sono riportate diverse funzionalit\u00e0 della struttura di copertura del controllo<\/p><\/blockquote>\n<blockquote><p>1-Copertura PC pi\u00f9 sottile del materiale PP<\/p><\/blockquote>\n<blockquote><p>Copertura a 2 pezzi disponibile con supporto per design a doppio strato e copertura di controllo a strato singolo.<\/p><\/blockquote>\n<blockquote><p>3-presente tutto il coperchio di controllo del blocco a torsione \u00e8 progettato per <strong>Copertura in stile standard per PC<\/strong><\/p><\/blockquote>","protected":false},"excerpt":{"rendered":"<p>1. Modello del prodotto: YS800076<br \/>\n2. Materiale: PC\/PP (richiesto dal cliente)<br \/>\n3. Colore: grigio\/nero<br \/>\n4. Coprire con finestra (facoltativo)<\/p>","protected":false},"featured_media":4646,"template":"","meta":{"_acf_changed":false,"_seopress_robots_primary_cat":"none","_seopress_titles_title":"","_seopress_titles_desc":"","_seopress_robots_index":""},"product_brand":[],"product_cat":[28,35],"product_tag":[],"class_list":{"0":"post-2105","1":"product","2":"type-product","3":"status-publish","4":"has-post-thumbnail","6":"product_cat-our-product","7":"product_cat-photocell-switch-fittings","9":"first","10":"instock","11":"shipping-taxable","12":"product-type-simple"},"acf":[],"_links":{"self":[{"href":"https:\/\/long-join.com\/it\/wp-json\/wp\/v2\/product\/2105","targetHints":{"allow":["GET"]}}],"collection":[{"href":"https:\/\/long-join.com\/it\/wp-json\/wp\/v2\/product"}],"about":[{"href":"https:\/\/long-join.com\/it\/wp-json\/wp\/v2\/types\/product"}],"version-history":[{"count":7,"href":"https:\/\/long-join.com\/it\/wp-json\/wp\/v2\/product\/2105\/revisions"}],"predecessor-version":[{"id":13196,"href":"https:\/\/long-join.com\/it\/wp-json\/wp\/v2\/product\/2105\/revisions\/13196"}],"wp:featuredmedia":[{"embeddable":true,"href":"https:\/\/long-join.com\/it\/wp-json\/wp\/v2\/media\/4646"}],"wp:attachment":[{"href":"https:\/\/long-join.com\/it\/wp-json\/wp\/v2\/media?parent=2105"}],"wp:term":[{"taxonomy":"product_brand","embeddable":true,"href":"https:\/\/long-join.com\/it\/wp-json\/wp\/v2\/product_brand?post=2105"},{"taxonomy":"product_cat","embeddable":true,"href":"https:\/\/long-join.com\/it\/wp-json\/wp\/v2\/product_cat?post=2105"},{"taxonomy":"product_tag","embeddable":true,"href":"https:\/\/long-join.com\/it\/wp-json\/wp\/v2\/product_tag?post=2105"}],"curies":[{"name":"parola chiave","href":"https:\/\/api.w.org\/{rel}","templated":true}]}}