{"id":2103,"date":"2023-10-13T17:52:20","date_gmt":"2023-10-13T09:52:20","guid":{"rendered":"https:\/\/long-join.com\/?post_type=product&#038;p=2103"},"modified":"2025-02-13T14:20:21","modified_gmt":"2025-02-13T06:20:21","slug":"0-10v-dimmer-tipo-z10-chiave-versione-a-presa-jl-700m","status":"publish","type":"product","link":"https:\/\/long-join.com\/it\/product\/0-10v-dimming-type-z10-key-a-version-receptacle-jl-700m\/","title":{"rendered":"Tipo di dimmerazione 0-10V Z10 Chiave Versione A Presa JL-700M"},"content":{"rendered":"<ul>\n<li>Il connettore LUMAWISE Endurance Z10 con chiave incluso nel nostro prodotto consente un&#039;integrazione perfetta con basi di diametro 40 mm e 80 mm, nonch\u00e9 con diverse cupole (35 mm e 50 mm). Questa combinazione consente la creazione di involucri robusti adatti all&#039;elettronica utilizzata in applicazioni di rilevamento del movimento, rilevamento di presenza e sfruttamento della luce diurna, sia in ambienti esterni difficili che in ambienti interni.<\/li>\n<li>Il nostro prodotto \u00e8 dotato di un&#039;esclusiva tecnologia di tenuta Pro-Craft che garantisce un grado di protezione IP66, eliminando la necessit\u00e0 di viti di montaggio. Ci\u00f2 garantisce una protezione superiore contro polvere e umidit\u00e0, rendendolo ideale per ambienti esterni difficili.<\/li>\n<li>Il nostro prodotto \u00e8 conforme alla classe IK09, garantendo un&#039;eccellente resistenza agli urti e risultando estremamente durevole e affidabile anche in condizioni difficili.<\/li>\n<li>Progettato specificamente per la compatibilit\u00e0 con i controller americani 0-10 V, il nostro prodotto \u00e8 perfetto per un&#039;integrazione senza soluzione di continuit\u00e0 e un controllo efficiente dei sistemi di illuminazione.<\/li>\n<\/ul>","protected":false},"excerpt":{"rendered":"<p>Il connettore a spina JL-700M Z10 Key A a giunzione lunga pu\u00f2 fornire combinazioni di accoppiamento 0-10 V che offrono flessibilit\u00e0 e differenziazione al progettista. \u00c8 perfetto per utilizzare un modulo di controllo avanzato, incluso un dimmer compatibile 0-10 V e un sensore per raccogliere informazioni ambientali o un connettore di comunicazione IoT tra l&#039;apparecchio di illuminazione e la rete come mezzo di trasmissione dati tipico.<\/p>\n<p>Versione predefinita<br \/>\n\u2013 Porta 1 (ROSSA): 24 VDC<br \/>\n\u2013 Porta 2 (NERO): 0~10V-\/GND<br \/>\n\u2013 Porta 3 (VIOLA): 0~10V+<br \/>\n\u2013 Porta 4 (GIALLA): Generale l\/0<\/p>","protected":false},"featured_media":2158,"template":"","meta":{"_acf_changed":false,"_seopress_robots_primary_cat":"none","_seopress_titles_title":"","_seopress_titles_desc":"","_seopress_robots_index":""},"product_brand":[],"product_cat":[28,35],"product_tag":[],"class_list":{"0":"post-2103","1":"product","2":"type-product","3":"status-publish","4":"has-post-thumbnail","6":"product_cat-our-product","7":"product_cat-photocell-switch-fittings","9":"first","10":"instock","11":"shipping-taxable","12":"product-type-simple"},"acf":[],"_links":{"self":[{"href":"https:\/\/long-join.com\/it\/wp-json\/wp\/v2\/product\/2103","targetHints":{"allow":["GET"]}}],"collection":[{"href":"https:\/\/long-join.com\/it\/wp-json\/wp\/v2\/product"}],"about":[{"href":"https:\/\/long-join.com\/it\/wp-json\/wp\/v2\/types\/product"}],"version-history":[{"count":3,"href":"https:\/\/long-join.com\/it\/wp-json\/wp\/v2\/product\/2103\/revisions"}],"predecessor-version":[{"id":11499,"href":"https:\/\/long-join.com\/it\/wp-json\/wp\/v2\/product\/2103\/revisions\/11499"}],"wp:featuredmedia":[{"embeddable":true,"href":"https:\/\/long-join.com\/it\/wp-json\/wp\/v2\/media\/2158"}],"wp:attachment":[{"href":"https:\/\/long-join.com\/it\/wp-json\/wp\/v2\/media?parent=2103"}],"wp:term":[{"taxonomy":"product_brand","embeddable":true,"href":"https:\/\/long-join.com\/it\/wp-json\/wp\/v2\/product_brand?post=2103"},{"taxonomy":"product_cat","embeddable":true,"href":"https:\/\/long-join.com\/it\/wp-json\/wp\/v2\/product_cat?post=2103"},{"taxonomy":"product_tag","embeddable":true,"href":"https:\/\/long-join.com\/it\/wp-json\/wp\/v2\/product_tag?post=2103"}],"curies":[{"name":"parola chiave","href":"https:\/\/api.w.org\/{rel}","templated":true}]}}