{"id":2076,"date":"2023-10-13T17:09:24","date_gmt":"2023-10-13T09:09:24","guid":{"rendered":"https:\/\/long-join.com\/?post_type=product&#038;p=2076"},"modified":"2024-10-24T14:01:17","modified_gmt":"2024-10-24T06:01:17","slug":"nema-ansi-c36-41-base-controller-intelligente-a-7-pin-jl-241j","status":"publish","type":"product","link":"https:\/\/long-join.com\/it\/product\/nema-ansi-c36-41-7-pin-smart-controller-base-jl-241j\/","title":{"rendered":"Base per controller intelligente NEMA\/ANSI C36.41 a 7 PIN JL-241J"},"content":{"rendered":"<blockquote><p>Questi accessori della serie di controller di luce vengono utilizzati per futuri gruppi di controllo di luce intelligenti, come la base JL-241J, la base del modulo di interfaccia YS800076 e NEMA (presa a 3 pin, presa a 5 pin, presa a 7 pin), in particolare la base a 7 pin nel controller di fotocellula intelligente per il programma di illuminazione stradale a LED municipale wireless \u00e8 bella e popolare. Inoltre, sono costruiti gruppi di unit\u00e0 di controllo di sviluppo sul modulo di base, questo circuito di controllo \u00e8 integrato con alimentazione CA\/CC, protezione da sovratensione, rel\u00e8 con controllo di commutazione, impostazione di diverse modalit\u00e0 di modulazione.<\/p><\/blockquote>\n<p><img fetchpriority=\"high\" decoding=\"async\" class=\"wp-image-4664 size-full aligncenter\" src=\"http:\/\/long-join.com\/wp-content\/uploads\/2023\/10\/JL-241J-base-photocell8.jpg\" alt=\"\" width=\"930\" height=\"412\" srcset=\"https:\/\/long-join.com\/wp-content\/uploads\/2023\/10\/JL-241J-base-photocell8.jpg 930w, https:\/\/long-join.com\/wp-content\/uploads\/2023\/10\/JL-241J-base-photocell8-300x133.jpg 300w, https:\/\/long-join.com\/wp-content\/uploads\/2023\/10\/JL-241J-base-photocell8-768x340.jpg 768w, https:\/\/long-join.com\/wp-content\/uploads\/2023\/10\/JL-241J-base-photocell8-600x266.jpg 600w\" sizes=\"(max-width: 930px) 100vw, 930px\" \/><\/p>\n<blockquote><p>Quindi, un set perfetto di componenti per controller intelligenti \u00e8 composto da componenti di controllo per sensori fotoelettrici LONG-JOIN e unit\u00e0 centrali di controllo avanzate per garantire che il prodotto finito raggiunga i vostri obiettivi e soddisfi gli standard del settore. Perch\u00e9 scegliere noi per la fornitura di accessori per l&#039;illuminazione? I nostri componenti di controllo per sensori fotoelettrici sono progettati per fornire prestazioni precise e affidabili, garantendo che il vostro prodotto finito soddisfi i pi\u00f9 elevati standard di qualit\u00e0 ingegneristica. Scegliendo componenti per fotocellule Long-Join, potete essere certi di investire in una soluzione che vi aiuter\u00e0 a raggiungere i vostri obiettivi e a superare le aspettative dei vostri clienti.<\/p><\/blockquote>\n<blockquote><p>Caratteristiche<\/p><\/blockquote>\n<ul>\n<li>\u00c8 compatibile con lo standard di interfaccia ANSI C 36.41<\/li>\n<li>\u00a0Certificato UL<\/li>\n<li>il materiale di base: PBT, aggiungi uno stabilizzatore UV, classificazione di fiamma UL94V-0<\/li>\n<li>guarnizione O-ring in silicone<\/li>\n<li>Tensione di alimentazione CA\/CC &lt;=30 V max<\/li>\n<li>4 contatti di segnale a molla (0-10 V e dimmerazione Dali)<\/li>\n<\/ul>","protected":false},"excerpt":{"rendered":"<p>1. Modello del prodotto: JL-241J<br \/>\n2. Materiale: PBT<br \/>\n3. O-ring in gomma impermeabile<br \/>\n4. Standard: UL, Cul<\/p>","protected":false},"featured_media":4657,"template":"","meta":{"_acf_changed":false,"_seopress_robots_primary_cat":"none","_seopress_titles_title":"","_seopress_titles_desc":"","_seopress_robots_index":""},"product_brand":[],"product_cat":[28,35],"product_tag":[],"class_list":{"0":"post-2076","1":"product","2":"type-product","3":"status-publish","4":"has-post-thumbnail","6":"product_cat-our-product","7":"product_cat-photocell-switch-fittings","9":"first","10":"instock","11":"shipping-taxable","12":"product-type-simple"},"acf":[],"_links":{"self":[{"href":"https:\/\/long-join.com\/it\/wp-json\/wp\/v2\/product\/2076","targetHints":{"allow":["GET"]}}],"collection":[{"href":"https:\/\/long-join.com\/it\/wp-json\/wp\/v2\/product"}],"about":[{"href":"https:\/\/long-join.com\/it\/wp-json\/wp\/v2\/types\/product"}],"version-history":[{"count":0,"href":"https:\/\/long-join.com\/it\/wp-json\/wp\/v2\/product\/2076\/revisions"}],"wp:featuredmedia":[{"embeddable":true,"href":"https:\/\/long-join.com\/it\/wp-json\/wp\/v2\/media\/4657"}],"wp:attachment":[{"href":"https:\/\/long-join.com\/it\/wp-json\/wp\/v2\/media?parent=2076"}],"wp:term":[{"taxonomy":"product_brand","embeddable":true,"href":"https:\/\/long-join.com\/it\/wp-json\/wp\/v2\/product_brand?post=2076"},{"taxonomy":"product_cat","embeddable":true,"href":"https:\/\/long-join.com\/it\/wp-json\/wp\/v2\/product_cat?post=2076"},{"taxonomy":"product_tag","embeddable":true,"href":"https:\/\/long-join.com\/it\/wp-json\/wp\/v2\/product_tag?post=2076"}],"curies":[{"name":"parola chiave","href":"https:\/\/api.w.org\/{rel}","templated":true}]}}