{"id":1728,"date":"2023-10-10T18:24:28","date_gmt":"2023-10-10T10:24:28","guid":{"rendered":"https:\/\/long-join.com\/?post_type=product&#038;p=1728"},"modified":"2025-12-26T14:05:15","modified_gmt":"2025-12-26T06:05:15","slug":"presa-zhaga-jl-710-tensione-di-uscita-cc-24v-per-controller-serie-zhaga","status":"publish","type":"product","link":"https:\/\/long-join.com\/it\/product\/jl-710-zhaga-socket-output-dc-voltage-24v-for-zhaga-series-controller\/","title":{"rendered":"Presa Zhaga JL-710 Tensione di uscita CC 24 V per controller serie Zhaga"},"content":{"rendered":"<p>This is Certificated zhaga book 18 JL-710 receptacles, it can help you to solve problem about AC switching DC. In other words, to reduce fit auxiliary power equipment cost, to best install 0-10V \/Dali zhaga controller and get steady working. on the other benefits, <span class=\"spark-text\">Se non \u00e8 necessario modificare le dimensioni attuali del foro della presa NEMA, \u00e8 possibile utilizzare la presa Zhaga JL-710 per sostituire le dimensioni del foro di fissaggio Zhaga. In questo modo, \u00e8 possibile ottenere una doppia compatibilit\u00e0 con gli standard NEMA e Zhaga.<\/span><\/p>\n<p>Caratteristica<\/p>\n<ol>\n<li>fili, \u00e8 possibile personalizzare la lunghezza.<\/li>\n<li>wires gauge: power #18AWG\/AWM1015, signal gauge #20AWG\/AWM1015.<\/li>\n<li>rondella impermeabile.<\/li>\n<li>Consumo energetico senza carico: &lt;0,12 W<\/li>\n<li>Intervallo di tensione nominale in ingresso (max): 85-305 V CA<\/li>\n<li>Tensione di uscita CC: 24 V<\/li>\n<li>Presa Zhaga e base con kit a cupola disponibili per raggiungere IP66<\/li>\n<\/ol>","protected":false},"excerpt":{"rendered":"<p>1. Modello del prodotto: JL-710<br \/>\n2. Uscita dimmer: 0-10 V<br \/>\n3. Intervallo di tensione di ingresso nominale: 100-277 V CA<br \/>\n4. Tensione di uscita: 24 V CC<br \/>\n5. Certificato: CE,UL,zhaga book18<br \/>\n6. Materiale del corpo: PBT<\/p>","protected":false},"featured_media":2314,"template":"","meta":{"_acf_changed":false,"_seopress_robots_primary_cat":"none","_seopress_titles_title":"","_seopress_titles_desc":"","_seopress_robots_index":""},"product_brand":[],"product_cat":[28,35,29,49],"product_tag":[48],"class_list":{"0":"post-1728","1":"product","2":"type-product","3":"status-publish","4":"has-post-thumbnail","6":"product_cat-our-product","7":"product_cat-photocell-switch-fittings","8":"product_cat-zhaga-series","9":"product_cat-zhaga-socket","10":"product_tag-zhaga","12":"first","13":"instock","14":"shipping-taxable","15":"product-type-simple"},"acf":[],"_links":{"self":[{"href":"https:\/\/long-join.com\/it\/wp-json\/wp\/v2\/product\/1728","targetHints":{"allow":["GET"]}}],"collection":[{"href":"https:\/\/long-join.com\/it\/wp-json\/wp\/v2\/product"}],"about":[{"href":"https:\/\/long-join.com\/it\/wp-json\/wp\/v2\/types\/product"}],"version-history":[{"count":7,"href":"https:\/\/long-join.com\/it\/wp-json\/wp\/v2\/product\/1728\/revisions"}],"predecessor-version":[{"id":16650,"href":"https:\/\/long-join.com\/it\/wp-json\/wp\/v2\/product\/1728\/revisions\/16650"}],"wp:featuredmedia":[{"embeddable":true,"href":"https:\/\/long-join.com\/it\/wp-json\/wp\/v2\/media\/2314"}],"wp:attachment":[{"href":"https:\/\/long-join.com\/it\/wp-json\/wp\/v2\/media?parent=1728"}],"wp:term":[{"taxonomy":"product_brand","embeddable":true,"href":"https:\/\/long-join.com\/it\/wp-json\/wp\/v2\/product_brand?post=1728"},{"taxonomy":"product_cat","embeddable":true,"href":"https:\/\/long-join.com\/it\/wp-json\/wp\/v2\/product_cat?post=1728"},{"taxonomy":"product_tag","embeddable":true,"href":"https:\/\/long-join.com\/it\/wp-json\/wp\/v2\/product_tag?post=1728"}],"curies":[{"name":"parola chiave","href":"https:\/\/api.w.org\/{rel}","templated":true}]}}