{"id":16114,"date":"2025-11-06T13:13:15","date_gmt":"2025-11-06T05:13:15","guid":{"rendered":"https:\/\/long-join.com\/?post_type=product&#038;p=16114"},"modified":"2025-11-06T14:02:35","modified_gmt":"2025-11-06T06:02:35","slug":"controller-zhaga-modalita-pir-rilevamento-luce-dali-dimming-jl-723a1h","status":"publish","type":"product","link":"https:\/\/long-join.com\/it\/product\/zhaga-controller-pir-mode-light-sensing-dali-dimming-jl-723a1h\/","title":{"rendered":"Controller Zhaga PIR Mode, rilevamento della luce, oscuramento Dali JL-723A1H"},"content":{"rendered":"<blockquote><p>JL-723A1H DALI2.0 Dimmig e PIR + modalit\u00e0 di rilevamento della luce. \u00c8 possibile regolare il livello di luminosit\u00e0 o rilevare le variazioni del valore lux tramite il nostro telecomando a infrarossi (modalit\u00e0 schermo, modello tastiera). Naturalmente, ci sono punti di massima differenza tra il controllo Zhaga JL722A1H e JL723A1H nelle operazioni di attivazione automatica, uno \u00e8 a microonde, l&#039;altro \u00e8 a infrarossi passivi. Tuttavia, possono realizzare perfettamente i tuoi obiettivi preimpostati. Inoltre, entrambi presentano un processo di variazione della luminosit\u00e0 comune, come i livelli di luminosit\u00e0: leggermente luminoso-luminoso al massimo-mantieni luminosit\u00e0 100% tempo 30s-quindi torna alle modalit\u00e0 di pre-luminosit\u00e0 (leggermente luminoso).<\/p><\/blockquote>\n<blockquote><p>Per risolvere i tuoi enigmi:<\/p><\/blockquote>\n<blockquote><p>Il prezzo del modello 1-722A1H \u00e8 inferiore a quello del modello JL-722A2H;<\/p><\/blockquote>\n<blockquote><p>Raggio di rilevamento 2-722A1H: 6-9 m, altezza di montaggio inferiore 12 m<\/p><\/blockquote>\n<blockquote><p>Parte 1: Dimostrazione di una parte della funzione e di come lavorare in ambienti interni<\/p><\/blockquote>\n<p><img fetchpriority=\"high\" decoding=\"async\" class=\"wp-image-8951 size-full\" src=\"http:\/\/long-join.com\/wp-content\/uploads\/2024\/08\/zhaga-control-with-trigger.jpg\" alt=\"controllo zhaga con grilletto\" width=\"758\" height=\"235\" srcset=\"https:\/\/long-join.com\/wp-content\/uploads\/2024\/08\/zhaga-control-with-trigger.jpg 758w, https:\/\/long-join.com\/wp-content\/uploads\/2024\/08\/zhaga-control-with-trigger-300x93.jpg 300w, https:\/\/long-join.com\/wp-content\/uploads\/2024\/08\/zhaga-control-with-trigger-600x186.jpg 600w\" sizes=\"(max-width: 758px) 100vw, 758px\" \/><\/p>","protected":false},"excerpt":{"rendered":"<p>1. Modello del prodotto: JL-723A1H<br \/>\n2. Uscita dimmer: DALI2.0<br \/>\n3. Standard conforme: zhaga book18<br \/>\n4. Tipo di sensore: sensibilit\u00e0 alla luce + PIR<br \/>\n5. telecomando a infrarossi per impostare diversi parametri<br \/>\n6. Sensore fotosensibile filtrato dalla luce visibile<\/p>","protected":false},"featured_media":16119,"template":"","meta":{"_acf_changed":false,"_seopress_robots_primary_cat":"none","_seopress_titles_title":"","_seopress_titles_desc":"","_seopress_robots_index":""},"product_brand":[],"product_cat":[28,50,29],"product_tag":[],"class_list":{"0":"post-16114","1":"product","2":"type-product","3":"status-publish","4":"has-post-thumbnail","6":"product_cat-our-product","7":"product_cat-zhaga-sensor","8":"product_cat-zhaga-series","10":"first","11":"instock","12":"shipping-taxable","13":"product-type-simple"},"acf":[],"_links":{"self":[{"href":"https:\/\/long-join.com\/it\/wp-json\/wp\/v2\/product\/16114","targetHints":{"allow":["GET"]}}],"collection":[{"href":"https:\/\/long-join.com\/it\/wp-json\/wp\/v2\/product"}],"about":[{"href":"https:\/\/long-join.com\/it\/wp-json\/wp\/v2\/types\/product"}],"version-history":[{"count":1,"href":"https:\/\/long-join.com\/it\/wp-json\/wp\/v2\/product\/16114\/revisions"}],"predecessor-version":[{"id":16121,"href":"https:\/\/long-join.com\/it\/wp-json\/wp\/v2\/product\/16114\/revisions\/16121"}],"wp:featuredmedia":[{"embeddable":true,"href":"https:\/\/long-join.com\/it\/wp-json\/wp\/v2\/media\/16119"}],"wp:attachment":[{"href":"https:\/\/long-join.com\/it\/wp-json\/wp\/v2\/media?parent=16114"}],"wp:term":[{"taxonomy":"product_brand","embeddable":true,"href":"https:\/\/long-join.com\/it\/wp-json\/wp\/v2\/product_brand?post=16114"},{"taxonomy":"product_cat","embeddable":true,"href":"https:\/\/long-join.com\/it\/wp-json\/wp\/v2\/product_cat?post=16114"},{"taxonomy":"product_tag","embeddable":true,"href":"https:\/\/long-join.com\/it\/wp-json\/wp\/v2\/product_tag?post=16114"}],"curies":[{"name":"parola chiave","href":"https:\/\/api.w.org\/{rel}","templated":true}]}}