{"id":14740,"date":"2025-08-29T14:22:07","date_gmt":"2025-08-29T06:22:07","guid":{"rendered":"https:\/\/long-join.com\/?post_type=product&#038;p=14740"},"modified":"2025-08-29T15:34:28","modified_gmt":"2025-08-29T07:34:28","slug":"book18-zhaga-socket-jl-700w2-versione-senza-piombo","status":"publish","type":"product","link":"https:\/\/long-join.com\/it\/product\/book18-zhaga-socket-jl-700w2-leadless-version\/","title":{"rendered":"Book18 Zhaga Socket JL-700W2 Versione senza piombo"},"content":{"rendered":"<blockquote><p><strong>Il 700W2 ha un design innovativo basato sul 700W. La differenza sta in un foro aggiuntivo situato accanto al 700W. Le assegnazioni dei cavi per questi quattro fori sono le stesse del 700W.<\/strong><\/p><\/blockquote>\n<blockquote><p>Questi fori di cablaggio aggiuntivi offrono ai produttori di apparecchi di illuminazione una maggiore scelta di driver. Questo design innovativo consente ai produttori di aggiungere facilmente driver aggiuntivi senza cablaggi complessi. Ci\u00f2 semplifica l&#039;installazione e migliora significativamente la personalizzazione e l&#039;espandibilit\u00e0 dell&#039;apparecchio.<\/p><\/blockquote>\n<blockquote><p>Con il 700W2, \u00e8 possibile realizzare apparecchi di illuminazione multifunzionali pi\u00f9 facilmente. Ad esempio, \u00e8 possibile aggiungere driver diversi allo stesso apparecchio per supportare pi\u00f9 modalit\u00e0 di illuminazione o funzioni di controllo intelligenti, tra cui dimmerazione multilivello, regolazione della temperatura colore, commutazione di scena, controllo e monitoraggio da remoto e controllo intelligente dei sensori.<\/p><\/blockquote>\n<blockquote><p><strong>Modalit\u00e0 di illuminazione multilivello<\/strong>: Utilizzando driver aggiuntivi, possiamo ottenere un controllo della dimmerazione pi\u00f9 preciso. Ad esempio, un driver potrebbe essere responsabile dell&#039;illuminazione principale, mentre un altro dell&#039;illuminazione ausiliaria o decorativa. Ci\u00f2 consente la creazione di ambienti di illuminazione multilivello per soddisfare le esigenze di diversi scenari.<\/p><\/blockquote>\n<blockquote><p><strong>Funzionalit\u00e0 di controllo intelligente<\/strong>: Utilizzando driver diversi, possiamo ottenere un controllo pi\u00f9 complesso basato su sensori. Ad esempio, un driver potrebbe controllare l&#039;illuminazione di base, mentre un altro potrebbe regolare l&#039;intensit\u00e0 luminosa aggiuntiva in base al rilevamento del movimento o della luce, migliorando l&#039;efficienza energetica.<\/p><\/blockquote>","protected":false},"excerpt":{"rendered":"<p>Il modello jl700w2 non solo ha lo standard book18, ma dispone anche di 4 fori per il cablaggio aggiuntivi accanto al 700W. Allo stesso tempo, la definizione della porta continua a essere presente nel jl-700w.<\/p>\n<p>-Porta 1: 24 V CC<br \/>\n\u2013 Porta 2: DALI\u2013\/GND<br \/>\n\u2013 Porta 3: DALI+<br \/>\n\u2013 Porta 4: riserva\/O<\/p>","protected":false},"featured_media":14743,"template":"","meta":{"_acf_changed":false,"_seopress_robots_primary_cat":"none","_seopress_titles_title":"","_seopress_titles_desc":"","_seopress_robots_index":""},"product_brand":[],"product_cat":[28,35,29,49],"product_tag":[48,54],"class_list":{"0":"post-14740","1":"product","2":"type-product","3":"status-publish","4":"has-post-thumbnail","6":"product_cat-our-product","7":"product_cat-photocell-switch-fittings","8":"product_cat-zhaga-series","9":"product_cat-zhaga-socket","10":"product_tag-zhaga","11":"product_tag-zhaga-socket","13":"first","14":"instock","15":"shipping-taxable","16":"product-type-simple"},"acf":[],"_links":{"self":[{"href":"https:\/\/long-join.com\/it\/wp-json\/wp\/v2\/product\/14740","targetHints":{"allow":["GET"]}}],"collection":[{"href":"https:\/\/long-join.com\/it\/wp-json\/wp\/v2\/product"}],"about":[{"href":"https:\/\/long-join.com\/it\/wp-json\/wp\/v2\/types\/product"}],"version-history":[{"count":2,"href":"https:\/\/long-join.com\/it\/wp-json\/wp\/v2\/product\/14740\/revisions"}],"predecessor-version":[{"id":14748,"href":"https:\/\/long-join.com\/it\/wp-json\/wp\/v2\/product\/14740\/revisions\/14748"}],"wp:featuredmedia":[{"embeddable":true,"href":"https:\/\/long-join.com\/it\/wp-json\/wp\/v2\/media\/14743"}],"wp:attachment":[{"href":"https:\/\/long-join.com\/it\/wp-json\/wp\/v2\/media?parent=14740"}],"wp:term":[{"taxonomy":"product_brand","embeddable":true,"href":"https:\/\/long-join.com\/it\/wp-json\/wp\/v2\/product_brand?post=14740"},{"taxonomy":"product_cat","embeddable":true,"href":"https:\/\/long-join.com\/it\/wp-json\/wp\/v2\/product_cat?post=14740"},{"taxonomy":"product_tag","embeddable":true,"href":"https:\/\/long-join.com\/it\/wp-json\/wp\/v2\/product_tag?post=14740"}],"curies":[{"name":"parola chiave","href":"https:\/\/api.w.org\/{rel}","templated":true}]}}