{"id":14225,"date":"2025-08-01T18:07:21","date_gmt":"2025-08-01T10:07:21","guid":{"rendered":"https:\/\/long-join.com\/?post_type=product&#038;p=14225"},"modified":"2025-08-06T10:47:09","modified_gmt":"2025-08-06T02:47:09","slug":"protocollo-di-comunicazione-del-fotocontrollore-dellilluminazione-stradale-intelligente-scalabile-semilavorato-jl-265cx","status":"publish","type":"product","link":"https:\/\/long-join.com\/it\/product\/scalable-smart-street-light-semi-finished-lighting-photocontroller-communication-protocol-jl-265cx\/","title":{"rendered":"Protocollo di comunicazione del fotocontrollore semilavorato per illuminazione stradale intelligente scalabile JL-265CX"},"content":{"rendered":"<blockquote><p>LONG-JOIN Technology vanta una profonda esperienza e capacit\u00e0 innovative nel controllo intelligente dell&#039;illuminazione. Siamo pienamente attrezzati per sviluppare soluzioni di controllo dell&#039;illuminazione altamente personalizzate per i clienti esteri. Il nostro principale vantaggio risiede nella combinazione di tecnologie avanzate di fotocontrollo con capacit\u00e0 di personalizzazione hardware flessibili per fornire soluzioni ottimizzate per il controllo dell&#039;illuminazione stradale.<\/p><\/blockquote>\n<p><img fetchpriority=\"high\" decoding=\"async\" class=\"aligncenter wp-image-14226 size-full\" title=\"Modulo di comunicazione intelligente JL-265CX01\" src=\"http:\/\/long-join.com\/wp-content\/uploads\/2025\/08\/JL-265CX-smart-communication-module.jpg\" alt=\"Modulo di comunicazione intelligente JL-265CX\" width=\"1100\" height=\"412\" srcset=\"https:\/\/long-join.com\/wp-content\/uploads\/2025\/08\/JL-265CX-smart-communication-module.jpg 1100w, https:\/\/long-join.com\/wp-content\/uploads\/2025\/08\/JL-265CX-smart-communication-module-300x112.jpg 300w, https:\/\/long-join.com\/wp-content\/uploads\/2025\/08\/JL-265CX-smart-communication-module-1024x384.jpg 1024w, https:\/\/long-join.com\/wp-content\/uploads\/2025\/08\/JL-265CX-smart-communication-module-768x288.jpg 768w, https:\/\/long-join.com\/wp-content\/uploads\/2025\/08\/JL-265CX-smart-communication-module-18x7.jpg 18w, https:\/\/long-join.com\/wp-content\/uploads\/2025\/08\/JL-265CX-smart-communication-module-600x225.jpg 600w\" sizes=\"(max-width: 1100px) 100vw, 1100px\" \/><\/p>\n<blockquote><p><strong>Capacit\u00e0 di prototipazione rapida<\/strong><\/p><\/blockquote>\n<blockquote><p>Il team di ingegneri di LONG-JOIN \u00e8 composto da ingegneri hardware esperti, esperti nello sviluppo di sistemi embedded e specialisti nell&#039;integrazione di protocolli di comunicazione. Questo team d&#039;\u00e9lite \u00e8 in grado di comprendere e rispondere rapidamente alle esigenze specifiche dei fornitori di servizi software esteri.<\/p><\/blockquote>\n<blockquote><p>Per un tipico progetto di personalizzazione PCBA, in genere completiamo l&#039;intero processo, dall&#039;analisi dei requisiti alla consegna del campione, entro 4-6 settimane. Questa efficienza \u00e8 dovuta alla nostra vasta competenza tecnica e al nostro approccio di progettazione modulare. Ad esempio, la nostra piattaforma JL-265CX (PCBA) \u00e8 preintegrata con diversi moduli funzionali comuni, come interfacce di comunicazione, circuiti dimmer e interfacce per sensori. Questo ci consente di combinare rapidamente le funzionalit\u00e0 e sviluppare soluzioni personalizzate in base alle esigenze del cliente.<\/p><\/blockquote>\n<blockquote><p><strong>Le complete capacit\u00e0 di personalizzazione del JL-265CX<\/strong><\/p><\/blockquote>\n<blockquote><p>Il JL-265CX (PCBA) \u00e8 l&#039;ultimo controller di illuminazione intelligente semi-finito di Long-join Technology con protocolli di comunicazione. Questo prodotto \u00e8 pi\u00f9 di un semplice dispositivo di controllo fotoelettrico; \u00e8 un hub di controllo intelligente che integra molteplici funzioni avanzate, soddisfacendo le complesse esigenze dei moderni sistemi di illuminazione stradale.<\/p><\/blockquote>\n<blockquote><p><strong>Long-join ha sviluppato il JL-265CX, un prodotto controller con funzioni continuamente espandibili<\/strong><\/p>\n<p><img decoding=\"async\" class=\"aligncenter wp-image-14227 size-full\" title=\"Modulo di comunicazione intelligente JL-265CX01\" src=\"http:\/\/long-join.com\/wp-content\/uploads\/2025\/08\/JL-265CX-smart-communication-module01.jpg\" alt=\"Modulo di comunicazione intelligente JL-265CX01\" width=\"815\" height=\"785\" srcset=\"https:\/\/long-join.com\/wp-content\/uploads\/2025\/08\/JL-265CX-smart-communication-module01.jpg 815w, https:\/\/long-join.com\/wp-content\/uploads\/2025\/08\/JL-265CX-smart-communication-module01-300x289.jpg 300w, https:\/\/long-join.com\/wp-content\/uploads\/2025\/08\/JL-265CX-smart-communication-module01-768x740.jpg 768w, https:\/\/long-join.com\/wp-content\/uploads\/2025\/08\/JL-265CX-smart-communication-module01-12x12.jpg 12w, https:\/\/long-join.com\/wp-content\/uploads\/2025\/08\/JL-265CX-smart-communication-module01-600x578.jpg 600w\" sizes=\"(max-width: 815px) 100vw, 815px\" \/><\/p><\/blockquote>\n<blockquote><p>1. Compatibile con altri protocolli di comunicazione<\/p><\/blockquote>\n<blockquote><p>Esistono diversi protocolli di comunicazione: LoRa, NB-IoT, 4G, Zigbee, Wi-Fi, Bluetooth e altri ancora.<\/p><\/blockquote>\n<blockquote><p>2-Pu\u00f2 fornire servizi di integrazione dell&#039;interfaccia I\/O periferica<\/p><\/blockquote>\n<blockquote><p>Sensor modules include light sensors, temperature sensors, humidity sensors, motion sensors, and GPS modules.<br \/>\nPCBAs offer integrated modules including AC-DC circuits, relay switching circuits, ultra-long life control circuits, dimming circuits, light sensing circuits, electrical metering circuits, power-off energy storage circuits, and RTC circuits.<\/p><\/blockquote>\n<blockquote><p><strong>3- Servizio di regolazione scalabile dell&#039;intensit\u00e0 luminosa<\/strong><\/p><\/blockquote>\n<ul>\n<li>\u00a0Dimmerazione 0-10 V: jl265CX pu\u00f2 essere compatibile con la maggior parte dei driver LED.<\/li>\n<li>\u00a0Protocollo DALI: supporta il controllo avanzato della regolazione con comunicazione indirizzabile.<\/li>\n<li>Dimming PWM: consente una regolazione della luminosit\u00e0 molto precisa.<\/li>\n<li>Dimmerazione a corrente costante: garantisce una luminosit\u00e0 LED stabile a diversi livelli di luminosit\u00e0.<\/li>\n<\/ul>\n<blockquote><p>Al di sopra di questi moduli funzionali possono essere gestiti e controllati in modo uniforme attraverso il <strong>Protocollo Modbus UART<\/strong>, consentendo di integrare perfettamente JL-265CX in varie piattaforme di gestione dell&#039;illuminazione intelligente.<\/p><\/blockquote>\n<blockquote><p><strong>Vantaggi unici dei prodotti PCBA a giunzione lunga<\/strong><\/p><\/blockquote>\n<blockquote><p>Nello sviluppo della gamma di prodotti JL-265CX, Long-join Technology ha tenuto conto delle esigenze dei fornitori di servizi software esteri, creando una piattaforma di controllo dell&#039;illuminazione intelligente con significativi vantaggi competitivi. Questi vantaggi si riflettono non solo nei prodotti stessi, ma anche in tutti gli aspetti della soluzione completa.<\/p><\/blockquote>\n<blockquote>\n<figure id=\"attachment_14252\" aria-describedby=\"caption-attachment-14252\" style=\"width: 923px\" class=\"wp-caption aligncenter\"><img decoding=\"async\" class=\"wp-image-14252 size-full\" title=\"Modulo di comunicazione intelligente JL-265CX02\" src=\"http:\/\/long-join.com\/wp-content\/uploads\/2025\/08\/JL-265CX-smart-communication-module03.jpg\" alt=\"Modulo di comunicazione intelligente JL-265CX03\" width=\"923\" height=\"785\" srcset=\"https:\/\/long-join.com\/wp-content\/uploads\/2025\/08\/JL-265CX-smart-communication-module03.jpg 923w, https:\/\/long-join.com\/wp-content\/uploads\/2025\/08\/JL-265CX-smart-communication-module03-300x255.jpg 300w, https:\/\/long-join.com\/wp-content\/uploads\/2025\/08\/JL-265CX-smart-communication-module03-768x653.jpg 768w, https:\/\/long-join.com\/wp-content\/uploads\/2025\/08\/JL-265CX-smart-communication-module03-14x12.jpg 14w, https:\/\/long-join.com\/wp-content\/uploads\/2025\/08\/JL-265CX-smart-communication-module03-600x510.jpg 600w\" sizes=\"(max-width: 923px) 100vw, 923px\" \/><figcaption id=\"caption-attachment-14252\" class=\"wp-caption-text\">Modulo di comunicazione intelligente JL-265CX03<\/figcaption><\/figure>\n<p><strong>1-integrazione super forte rispetto ad altri<\/strong><\/p><\/blockquote>\n<blockquote><p>Integriamo tutti i componenti chiave necessari per il controllo intelligente dell&#039;illuminazione su una scheda PCBA, inclusi microcontrollori, moduli di comunicazione, interfacce per sensori e unit\u00e0 di gestione dell&#039;alimentazione. Questo elevato grado di integrazione semplifica la progettazione del sistema e riduce notevolmente i costi complessivi e il consumo energetico. Per i fornitori di servizi software esteri, ci\u00f2 significa che possono concentrarsi sullo sviluppo del software di base senza prestare troppa attenzione alla complessit\u00e0 hardware sottostante.<\/p><\/blockquote>\n<blockquote><p><strong>flessibilit\u00e0 a 2 interfacce<\/strong><\/p><\/blockquote>\n<blockquote><p>Secondo le nostre disposizioni, la piattaforma hardware PCBA supporta un&#039;ampia gamma di opzioni di personalizzazione, dai protocolli di comunicazione alle interfacce dei sensori, che possono essere adattate in base alle esigenze del cliente. Questa flessibilit\u00e0 consente a JL-265CX di adattarsi a una variet\u00e0 di scenari applicativi diversi, che si tratti di un semplice controllo di una singola lampada o di una complessa rete di lampioni intelligenti.<\/p><\/blockquote>\n<blockquote><p><strong>3-Qui forniamo soluzioni di illuminazione complete<\/strong><\/p><\/blockquote>\n<blockquote><p>Il team tecnico del produttore Long-join non solo fornisce PCBA, ma fornisce anche alloggiamenti impermeabili di supporto e basi di montaggio. Il nostro guscio \u00e8 realizzato in plastica PC ad alta resistenza, che pu\u00f2 fornire protezione impermeabile e antipolvere di livello IP65 o persino IP66, soddisfacendo pienamente le esigenze delle applicazioni esterne. La base di montaggio, come la <a href=\"https:\/\/long-join.com\/it\/product\/base-fotocellula-intelligente-nema-7-pin-jl-242jv-con-design-a-pellicola-impermeabile-e-traspirante\/\" target=\"_blank\" rel=\"nofollow noopener\">JL-242JV<\/a> serie, fornisce uno standard<a href=\"https:\/\/long-join.com\/it\/product-category\/il-nostro-prodotto\/connettore-standard-nema\/\" target=\"_blank\" rel=\"nofollow noopener\"> Interfaccia presa a 7 pin<\/a>, compatibile con lo standard NEMA per garantire che il controller possa essere facilmente installato su vari tipi di lampioni stradali.<\/p><\/blockquote>\n<blockquote><p><strong>Regolatore di illuminazione a 4 spegnimenti in modo efficace<\/strong><\/p><\/blockquote>\n<blockquote><p>I controller personalizzati sviluppati sulla base di JL-265CX possono raggiungere caratteristiche funzionali paragonabili o addirittura migliori rispetto ai nostri prodotti standard (come JL-245CZ).<\/p><\/blockquote>\n<blockquote><p><strong>Valutare i sistemi di controllo qualit\u00e0<\/strong><\/p><\/blockquote>\n<blockquote><p>Controlliamo rigorosamente ogni fase del processo, dalla selezione delle materie prime ai test sul prodotto finito, per garantire che ogni PCBA consegnato ai nostri clienti soddisfi i pi\u00f9 elevati standard qualitativi. Il nostro laboratorio di prova all&#039;avanguardia \u00e8 dotato di apparecchiature di collaudo automatizzate in grado di simulare una variet\u00e0 di condizioni ambientali estreme, garantendo prestazioni del prodotto stabili e affidabili in un&#039;ampia gamma di scenari.<\/p><\/blockquote>\n<p><img loading=\"lazy\" decoding=\"async\" class=\"wp-image-4664 size-full aligncenter\" src=\"http:\/\/long-join.com\/wp-content\/uploads\/2023\/10\/JL-241J-base-photocell8.jpg\" alt=\"Fotocellula di base JL-241J(8)\" width=\"930\" height=\"412\" srcset=\"https:\/\/long-join.com\/wp-content\/uploads\/2023\/10\/JL-241J-base-photocell8.jpg 930w, https:\/\/long-join.com\/wp-content\/uploads\/2023\/10\/JL-241J-base-photocell8-300x133.jpg 300w, https:\/\/long-join.com\/wp-content\/uploads\/2023\/10\/JL-241J-base-photocell8-768x340.jpg 768w, https:\/\/long-join.com\/wp-content\/uploads\/2023\/10\/JL-241J-base-photocell8-600x266.jpg 600w\" sizes=\"(max-width: 930px) 100vw, 930px\" \/><\/p>\n<blockquote><p><strong>Domande frequenti<\/strong><\/p><\/blockquote>\n<blockquote><p><strong>D1: Quali protocolli di comunicazione supporta JL-265CX PCBA?<\/strong><\/p><\/blockquote>\n<blockquote><p>R: Il JL-265CX supporta diversi protocolli di comunicazione, tra cui LoRa, Zigbee, Bluetooth 5.0, Wi-Fi, NB-IoT e Modbus UART. Questo supporto multiprotocollo consente al JL-265CX di adattarsi alle esigenze di diversi progetti di illuminazione stradale per smart city, rendendolo un nodo di comunicazione veramente universale. I clienti possono scegliere il metodo di comunicazione pi\u00f9 appropriato in base alle specifiche esigenze del loro progetto.<\/p><\/blockquote>\n<blockquote><p><strong>D2: Quanto \u00e8 impermeabile il JL-265CX? \u00c8 adatto all&#039;uso esterno?<\/strong><\/p><\/blockquote>\n<blockquote><p>R: Il JL-265CX (PCBA) di per s\u00e9 non \u00e8 impermeabile, ma offriamo una soluzione di custodia impermeabile abbinata. Queste custodie possono raggiungere gradi di protezione IP65 o persino IP66, soddisfacendo pienamente le esigenze delle applicazioni esterne. Se utilizzate con i nostri <a href=\"https:\/\/long-join.com\/it\/product\/base-fotocellula-intelligente-nema-7-pin-jl-242jv-con-design-a-pellicola-impermeabile-e-traspirante\/\" target=\"_blank\" rel=\"noopener\">JL-242JV <\/a>Grazie alla base di montaggio, l&#039;intero sistema pu\u00f2 funzionare in modo affidabile in tutte le condizioni atmosferiche.<\/p><\/blockquote>\n<blockquote><p><strong>D3: Quanto dura solitamente il ciclo di sviluppo personalizzato?<\/strong><\/p><\/blockquote>\n<blockquote><p>R: Un tipico ciclo di sviluppo personalizzato dura circa 8-12 settimane, a seconda della complessit\u00e0 del progetto e della specificit\u00e0 delle esigenze del cliente. Questo ciclo include l&#039;analisi dei requisiti, la progettazione della soluzione, lo sviluppo del prototipo, i test e la verifica e la produzione di prova in piccoli lotti. Il nostro processo di sviluppo agile ci consente di ridurre al minimo i cicli di sviluppo garantendo al contempo la qualit\u00e0.<\/p><\/blockquote>\n<blockquote><p><strong>D4: In che modo il JL-265CX ottimizza l&#039;efficienza energetica?<\/strong><\/p><\/blockquote>\n<blockquote><p>A: The JL-265CX employs multiple strategies to optimize energy efficiency:<br \/>\n\u2022 Precise light sensing circuitry enables intelligent dimming based on ambient light<br \/>\n\u2022 Advanced dimming algorithms support smooth dimming, minimizing the impact of frequent on\/off switching on LED life<br \/>\n\u2022 Low-power design, including multiple sleep modes<br \/>\n\u2022 Accurate power metering circuitry supports real-time energy consumption monitoring and analysis<br \/>\nThese features enable smart lighting systems based on the JL-265CX to significantly reduce energy consumption while improving user experience.<\/p><\/blockquote>\n<blockquote><p><strong>D5: Il modello JL-265CX supporta gli aggiornamenti firmware remoti (OTA)?<\/strong><\/p><\/blockquote>\n<blockquote><p>A: Yes, the JL-265CX fully supports OTA (Over-The-Air) firmware updates. This feature allows customers to remotely update the controller&#8217;s firmware without requiring a site visit. Our OTA solution includes secure data transmission mechanisms and fail-safe mechanisms to ensure the reliability and safety of the update process.<br \/>\nNota:<\/p><\/blockquote>\n<blockquote><p><strong>D6: Long-join offre servizi di progettazione esterna personalizzata per il modello JL-265CX?<\/strong><\/p><\/blockquote>\n<blockquote><p>R: S\u00ec, lo facciamo. I clienti possono scegliere tra una variet\u00e0 di colori e materiali e persino aggiungere il proprio logo all&#039;esterno. Il nostro team di progettazione industriale pu\u00f2 fornire soluzioni professionali di design per esterni, su misura per il vostro marchio e il vostro scenario applicativo. Questa personalizzazione non solo soddisfa i requisiti estetici, ma migliora anche la riconoscibilit\u00e0 del prodotto.<\/p><\/blockquote>\n<blockquote><p><strong>D7: Esistono casi di studio di successo di soluzioni di semilavorati PCB di Long-join?<\/strong><\/p><\/blockquote>\n<blockquote><p><strong>Caso di studio del cliente in Messico<\/strong><br \/>\nQuesto cliente ha selezionato il proprio modulo di comunicazione LoRa e lo ha integrato con il nostro protocollo Modbus UART. In questa soluzione, il modulo LoRa \u00e8 l&#039;unico responsabile dell&#039;inoltro dei dati e non partecipa allo sviluppo del codice di controllo dell&#039;illuminazione.<\/p><\/blockquote>\n<blockquote><p><strong>Caso di studio del cliente in Australia<\/strong><br \/>\nQuesto cliente ha selezionato un modulo di comunicazione Bluetooth e lo ha integrato con le nostre periferiche. Ha sviluppato autonomamente il codice di controllo dell&#039;illuminazione all&#039;interno del modulo Bluetooth.<\/p><\/blockquote>\n<p><strong><img loading=\"lazy\" decoding=\"async\" class=\"wp-image-14268 size-large aligncenter\" src=\"http:\/\/long-join.com\/wp-content\/uploads\/2025\/08\/lora-communication-for-jl265cx-module-1024x1024.webp\" alt=\"comunicazione lora per modulo jl265cx\" width=\"800\" height=\"800\" srcset=\"https:\/\/long-join.com\/wp-content\/uploads\/2025\/08\/lora-communication-for-jl265cx-module-1024x1024.webp 1024w, https:\/\/long-join.com\/wp-content\/uploads\/2025\/08\/lora-communication-for-jl265cx-module-300x300.webp 300w, https:\/\/long-join.com\/wp-content\/uploads\/2025\/08\/lora-communication-for-jl265cx-module-150x150.webp 150w, https:\/\/long-join.com\/wp-content\/uploads\/2025\/08\/lora-communication-for-jl265cx-module-768x768.webp 768w, https:\/\/long-join.com\/wp-content\/uploads\/2025\/08\/lora-communication-for-jl265cx-module-1536x1536.webp 1536w, https:\/\/long-join.com\/wp-content\/uploads\/2025\/08\/lora-communication-for-jl265cx-module-12x12.webp 12w, https:\/\/long-join.com\/wp-content\/uploads\/2025\/08\/lora-communication-for-jl265cx-module-600x600.webp 600w, https:\/\/long-join.com\/wp-content\/uploads\/2025\/08\/lora-communication-for-jl265cx-module-100x100.webp 100w, https:\/\/long-join.com\/wp-content\/uploads\/2025\/08\/lora-communication-for-jl265cx-module.webp 2048w\" sizes=\"(max-width: 800px) 100vw, 800px\" \/><\/strong><\/p>","protected":false},"excerpt":{"rendered":"<p>1. Modello del prodotto: JL-265CX<br \/>\n2. Grado di protezione IP: IP65\/IP67<br \/>\n3. Modulo wireless: Lora, ZigBee, NB-IoT, ecc.<br \/>\n4. Uscita dimmer: opzione<\/p>","protected":false},"featured_media":14258,"template":"","meta":{"_acf_changed":false,"_seopress_robots_primary_cat":"none","_seopress_titles_title":"","_seopress_titles_desc":"","_seopress_robots_index":""},"product_brand":[],"product_cat":[60,28,59,55],"product_tag":[],"class_list":{"0":"post-14225","1":"product","2":"type-product","3":"status-publish","4":"has-post-thumbnail","6":"product_cat-dimming-photocontrol","7":"product_cat-our-product","8":"product_cat-smart-photocell-sensor","9":"product_cat-twist-lock-photocontrollers","11":"first","12":"instock","13":"shipping-taxable","14":"product-type-simple"},"acf":[],"_links":{"self":[{"href":"https:\/\/long-join.com\/it\/wp-json\/wp\/v2\/product\/14225","targetHints":{"allow":["GET"]}}],"collection":[{"href":"https:\/\/long-join.com\/it\/wp-json\/wp\/v2\/product"}],"about":[{"href":"https:\/\/long-join.com\/it\/wp-json\/wp\/v2\/types\/product"}],"version-history":[{"count":16,"href":"https:\/\/long-join.com\/it\/wp-json\/wp\/v2\/product\/14225\/revisions"}],"predecessor-version":[{"id":14237,"href":"https:\/\/long-join.com\/it\/wp-json\/wp\/v2\/product\/14225\/revisions\/14237"}],"wp:featuredmedia":[{"embeddable":true,"href":"https:\/\/long-join.com\/it\/wp-json\/wp\/v2\/media\/14258"}],"wp:attachment":[{"href":"https:\/\/long-join.com\/it\/wp-json\/wp\/v2\/media?parent=14225"}],"wp:term":[{"taxonomy":"product_brand","embeddable":true,"href":"https:\/\/long-join.com\/it\/wp-json\/wp\/v2\/product_brand?post=14225"},{"taxonomy":"product_cat","embeddable":true,"href":"https:\/\/long-join.com\/it\/wp-json\/wp\/v2\/product_cat?post=14225"},{"taxonomy":"product_tag","embeddable":true,"href":"https:\/\/long-join.com\/it\/wp-json\/wp\/v2\/product_tag?post=14225"}],"curies":[{"name":"parola chiave","href":"https:\/\/api.w.org\/{rel}","templated":true}]}}