{"id":14029,"date":"2025-07-17T13:44:24","date_gmt":"2025-07-17T05:44:24","guid":{"rendered":"https:\/\/long-join.com\/?post_type=product&#038;p=14029"},"modified":"2025-07-17T15:34:37","modified_gmt":"2025-07-17T07:34:37","slug":"interruttore-fotocellula-girevole-in-alluminio-pressofuso-per-impieghi-gravosi-jl-126a","status":"publish","type":"product","link":"https:\/\/long-join.com\/it\/product\/heavy-duty-die-cast-aluminum-swivel-photocell-switch-jl-126a\/","title":{"rendered":"Interruttore fotocellula girevole in alluminio pressofuso per impieghi gravosi JL-126A"},"content":{"rendered":"<blockquote><p>Il controller con sensore termico della serie JL-126 \u00e8 progettato per gli ambienti pi\u00f9 esigenti dei sistemi di pompaggio per piscine di fascia alta. Rispetto alle serie JL-106 e JL-116, il modello JL-126 presenta significativi miglioramenti nelle prestazioni elettriche e nella progettazione strutturale:<\/p><\/blockquote>\n<blockquote><p>\u3010Struttura in materiale speciale disponibile\u3011La serie JL-126 pu\u00f2 essere realizzata in lega di alluminio aeronautico per l&#039;alloggiamento, che \u00e8 pi\u00f9 resistente alla corrosione rispetto al materiale PC del JL-106 e all&#039;alloggiamento in alluminio pressofuso del JL-116. Inoltre, forniremo anche alla superficie dell&#039;alloggiamento in metallo 126 una lavorazione speciale, in grado di resistere efficacemente all&#039;ambiente corrosivo formato da cloro e nebbia salina.<\/p><\/blockquote>\n<blockquote><p>\u3010Carico nominale di 3000 W della fotocellula a stelo JL126\u3011Il JL-126 supporta lampade a filamento di tungsteno fino a 3000 W e carichi di zavorra da 2000 VA, superando di gran lunga le specifiche di 2000 W\/2000 VA delle serie JL-106 e JL-116. Ci\u00f2 consente al JL-126 di controllare facilmente il complesso sistema di illuminazione di grandi piscine e di soddisfare i severi requisiti di <strong>sistemi di controllo delle pompe per piscine private di fascia alta.<\/strong><\/p><\/blockquote>\n<blockquote><p>\u3010Differenziazione del calibro del filo di valore\u3011<\/p>\n<ul>\n<li>La sezione trasversale di AWG#10 (Li\/lo) \u00e8 circa 2,5 volte quella di AWG#16, il che migliora notevolmente la capacit\u00e0 di trasporto di corrente.<\/li>\n<li>I fili di fase e neutro di AWG#10 possono gestire in sicurezza correnti elevate e ridurre il rischio di surriscaldamento.<\/li>\n<li>AWM1015 ha in genere una buona resistenza alla temperatura (105\u00b0C \u00e8 un valore nominale comune) ed \u00e8 adatto all&#039;uso in ambienti con temperature pi\u00f9 elevate.<\/li>\n<\/ul>\n<\/blockquote>","protected":false},"excerpt":{"rendered":"<p>1. Modello del prodotto: JL-126A<br \/>\n2. Livello Lux On\/OFF: 10-20Lx, 30-60Lx<br \/>\n3. Grado di protezione IP: IP54<br \/>\n4. Carico nominale: 3000 W<br \/>\n5. Standard di conformit\u00e0: CE, ROHS, UL<\/p>","protected":false},"featured_media":14036,"template":"","meta":{"_acf_changed":false,"_seopress_robots_primary_cat":"none","_seopress_titles_title":"","_seopress_titles_desc":"","_seopress_robots_index":""},"product_brand":[],"product_cat":[28,30],"product_tag":[],"class_list":{"0":"post-14029","1":"product","2":"type-product","3":"status-publish","4":"has-post-thumbnail","6":"product_cat-our-product","7":"product_cat-wire-in-controllers","9":"first","10":"instock","11":"shipping-taxable","12":"product-type-simple"},"acf":[],"_links":{"self":[{"href":"https:\/\/long-join.com\/it\/wp-json\/wp\/v2\/product\/14029","targetHints":{"allow":["GET"]}}],"collection":[{"href":"https:\/\/long-join.com\/it\/wp-json\/wp\/v2\/product"}],"about":[{"href":"https:\/\/long-join.com\/it\/wp-json\/wp\/v2\/types\/product"}],"version-history":[{"count":7,"href":"https:\/\/long-join.com\/it\/wp-json\/wp\/v2\/product\/14029\/revisions"}],"predecessor-version":[{"id":14048,"href":"https:\/\/long-join.com\/it\/wp-json\/wp\/v2\/product\/14029\/revisions\/14048"}],"wp:featuredmedia":[{"embeddable":true,"href":"https:\/\/long-join.com\/it\/wp-json\/wp\/v2\/media\/14036"}],"wp:attachment":[{"href":"https:\/\/long-join.com\/it\/wp-json\/wp\/v2\/media?parent=14029"}],"wp:term":[{"taxonomy":"product_brand","embeddable":true,"href":"https:\/\/long-join.com\/it\/wp-json\/wp\/v2\/product_brand?post=14029"},{"taxonomy":"product_cat","embeddable":true,"href":"https:\/\/long-join.com\/it\/wp-json\/wp\/v2\/product_cat?post=14029"},{"taxonomy":"product_tag","embeddable":true,"href":"https:\/\/long-join.com\/it\/wp-json\/wp\/v2\/product_tag?post=14029"}],"curies":[{"name":"parola chiave","href":"https:\/\/api.w.org\/{rel}","templated":true}]}}