{"id":13559,"date":"2025-06-12T16:57:49","date_gmt":"2025-06-12T08:57:49","guid":{"rendered":"https:\/\/long-join.com\/?post_type=product&#038;p=13559"},"modified":"2025-06-13T16:08:56","modified_gmt":"2025-06-13T08:08:56","slug":"struttura-delle-scanalature-della-piastra-di-base-zhaga18-con-guarnizione-in-silicone","status":"publish","type":"product","link":"https:\/\/long-join.com\/it\/product\/zhaga18-baseplate-grooves-structure-with-silicone-seal\/","title":{"rendered":"Struttura delle scanalature della piastra di base Zhaga18 con guarnizione in silicone"},"content":{"rendered":"<blockquote><p>Caratteristica<\/p><\/blockquote>\n<blockquote><p>Base a 4 pin dal design unico con struttura a scanalatura e guarnizione in silicone. Questo presenta i due principali vantaggi. Da un lato, questa piastra di base pu\u00f2 supportare il carico in un controller tecnologico avanzato, integrando unit\u00e0 elettroniche e componenti di rilevamento, quindi il controller del prodotto finito supera di gran lunga l&#039;altezza standard del PCB del controller. Pertanto, \u00e8 necessario considerare la lunghezza dei pin della base e altre caratteristiche. Come si vede, la base con design a scanalatura consente ai pin metallici del PCB di avere un&#039;area di contatto pi\u00f9 lunga (rispetto all&#039;attuale altezza della base a 4 pin), il che pu\u00f2 migliorare la stabilit\u00e0 e l&#039;affidabilit\u00e0 dei dispositivi elettrici. Infine, la struttura con design a guarnizione in silicone migliora l&#039;impermeabilit\u00e0 del prodotto finito. In questo modo \u00e8 possibile risolvere questo problema di impermeabilit\u00e0 del prodotto sviluppato in seguito.<\/p><\/blockquote>\n<p><img fetchpriority=\"high\" decoding=\"async\" class=\"wp-image-13569 size-full aligncenter\" src=\"http:\/\/long-join.com\/wp-content\/uploads\/2025\/06\/zhaga-base-grooves.jpg\" alt=\"\" width=\"1082\" height=\"479\" srcset=\"https:\/\/long-join.com\/wp-content\/uploads\/2025\/06\/zhaga-base-grooves.jpg 1082w, https:\/\/long-join.com\/wp-content\/uploads\/2025\/06\/zhaga-base-grooves-300x133.jpg 300w, https:\/\/long-join.com\/wp-content\/uploads\/2025\/06\/zhaga-base-grooves-1024x453.jpg 1024w, https:\/\/long-join.com\/wp-content\/uploads\/2025\/06\/zhaga-base-grooves-768x340.jpg 768w, https:\/\/long-join.com\/wp-content\/uploads\/2025\/06\/zhaga-base-grooves-18x8.jpg 18w, https:\/\/long-join.com\/wp-content\/uploads\/2025\/06\/zhaga-base-grooves-600x266.jpg 600w\" sizes=\"(max-width: 1082px) 100vw, 1082px\" \/><\/p>\n<blockquote><p>una volta che puoi desiderare qualcosa di speciale per il controller PCB della luce, al momento lo stato di avanzamento \u00e8 focalizzato sull&#039;altezza di queste unit\u00e0 di controllo interne. Forse vale la pena di considerare di nuovo questa struttura di progettazione delle scanalature.<\/p><\/blockquote>\n<ol>\n<li>Interfaccia standard: Libro 18;<\/li>\n<li>montato sulla presa zhaga dell&#039;apparecchio di illuminazione da 10 mm.<\/li>\n<li>apparecchio a led, presa zhaga e una base con kit a cupola, saranno combinati tra queste parti disponibili per raggiungere IP66, IP67.<\/li>\n<\/ol>","protected":false},"excerpt":{"rendered":"<p>1. Modello del prodotto: serie base zhaga<br \/>\n2. Diametro base: 43,5 mm, 63,2 mm, 75,3 mm<br \/>\n3. Certificato: UE zhaga, CE<br \/>\n4. Standard conforme: zhaga book18<\/p>\n<p>Sconfiggi il modulo di interfaccia qui sotto:<br \/>\n1-JL-700 (piastra di base con design di stile popolare principale)<br \/>\n2-JL-700W (versione senza piombo)<br \/>\nTerminali corti 3-JL-700S<br \/>\nVersione con cavo 4-JL-700L<\/p>","protected":false},"featured_media":13562,"template":"","meta":{"_acf_changed":false,"_seopress_robots_primary_cat":"none","_seopress_titles_title":"","_seopress_titles_desc":"","_seopress_robots_index":""},"product_brand":[],"product_cat":[28,35,51,29],"product_tag":[48],"class_list":{"0":"post-13559","1":"product","2":"type-product","3":"status-publish","4":"has-post-thumbnail","6":"product_cat-our-product","7":"product_cat-photocell-switch-fittings","8":"product_cat-zhaga-accessory","9":"product_cat-zhaga-series","10":"product_tag-zhaga","12":"first","13":"instock","14":"shipping-taxable","15":"product-type-simple"},"acf":[],"_links":{"self":[{"href":"https:\/\/long-join.com\/it\/wp-json\/wp\/v2\/product\/13559","targetHints":{"allow":["GET"]}}],"collection":[{"href":"https:\/\/long-join.com\/it\/wp-json\/wp\/v2\/product"}],"about":[{"href":"https:\/\/long-join.com\/it\/wp-json\/wp\/v2\/types\/product"}],"version-history":[{"count":7,"href":"https:\/\/long-join.com\/it\/wp-json\/wp\/v2\/product\/13559\/revisions"}],"predecessor-version":[{"id":13574,"href":"https:\/\/long-join.com\/it\/wp-json\/wp\/v2\/product\/13559\/revisions\/13574"}],"wp:featuredmedia":[{"embeddable":true,"href":"https:\/\/long-join.com\/it\/wp-json\/wp\/v2\/media\/13562"}],"wp:attachment":[{"href":"https:\/\/long-join.com\/it\/wp-json\/wp\/v2\/media?parent=13559"}],"wp:term":[{"taxonomy":"product_brand","embeddable":true,"href":"https:\/\/long-join.com\/it\/wp-json\/wp\/v2\/product_brand?post=13559"},{"taxonomy":"product_cat","embeddable":true,"href":"https:\/\/long-join.com\/it\/wp-json\/wp\/v2\/product_cat?post=13559"},{"taxonomy":"product_tag","embeddable":true,"href":"https:\/\/long-join.com\/it\/wp-json\/wp\/v2\/product_tag?post=13559"}],"curies":[{"name":"parola chiave","href":"https:\/\/api.w.org\/{rel}","templated":true}]}}