{"id":13240,"date":"2025-05-16T17:09:01","date_gmt":"2025-05-16T09:09:01","guid":{"rendered":"https:\/\/long-join.com\/?post_type=product&#038;p=13240"},"modified":"2025-05-16T18:44:38","modified_gmt":"2025-05-16T10:44:38","slug":"interruttore-fotoelettrico-termico-marca-longjoin-jl-203c","status":"publish","type":"product","link":"https:\/\/long-join.com\/it\/product\/longjoin-brand-thermal-photocontrol-switch-jl-203c\/","title":{"rendered":"Interruttore fotoelettrico termico JL-203C del marchio LONGJOIN"},"content":{"rendered":"<blockquote><p>Ecco un tipo speciale di controller di illuminazione, diverso dai controller di rilevamento termico della serie JL-202 (come JL202A, JL202B, JL202C e JL202D). Le prestazioni pi\u00f9 significative del JL-203C sono sia l&#039;interruttore termico assistito dal circuito elettronico che il fototransistor con filtro IR. In questo caso, il JL-203C funziona anche con il principio di funzionamento della serie JL-202. Tuttavia, poich\u00e9 il controller di illuminazione con fototransistor con filtro IR raggiunge una buona sensibilit\u00e0 alla luce di precisione, \u00e8 possibile sperimentare facilmente sottili variazioni nelle serie JL-203C e JL-202 sulla propriet\u00e0 del tempo di ritardo della funzione. Un altro utilizzo fondamentale \u00e8 che il controllo della luce \u00e8 multitensione, quindi \u00e8 pi\u00f9 versatile e pu\u00f2 essere utilizzato in ambienti difficili per mantenere il normale funzionamento dell&#039;apparecchio di illuminazione. A differenza della serie JL-202, \u00e8 pi\u00f9 adatto per il normale funzionamento in condizioni di tensione costante.<\/p><\/blockquote>\n<blockquote><p><strong>Caratteristica<\/strong><\/p><\/blockquote>\n<blockquote><p>1.struttura bimetallica elettronico-termica.<\/p><\/blockquote>\n<blockquote><p>2. Grado di impermeabilit\u00e0 opzionale IP54, IP65, IP67<\/p><\/blockquote>\n<blockquote><p>3. Questo prodotto \u00e8 dotato di tre terminali twist-lock conformi ai requisiti ANSI C136.10-1996 e allo standard per fotocomandi di tipo plug-in e bloccabili per l&#039;uso con l&#039;illuminazione di aree UL773.<\/p><\/blockquote>","protected":false},"excerpt":{"rendered":"<p>1. Modello del prodotto: JL-203C<br \/>\n2. Tensione nominale: 120-277 V CA<br \/>\n3. Livello Lux On \/ OFF: 10~20Lx Accensione \/ 30~60Lx Spegnimento<br \/>\n4. Protezione contro le sovratensioni: opzione<br \/>\n5. Standard di conformit\u00e0: CE, ROHS, UL<\/p>","protected":false},"featured_media":13241,"template":"","meta":{"_acf_changed":false,"_seopress_robots_primary_cat":"none","_seopress_titles_title":"","_seopress_titles_desc":"","_seopress_robots_index":""},"product_brand":[],"product_cat":[28,55],"product_tag":[],"class_list":{"0":"post-13240","1":"product","2":"type-product","3":"status-publish","4":"has-post-thumbnail","6":"product_cat-our-product","7":"product_cat-twist-lock-photocontrollers","9":"first","10":"instock","11":"shipping-taxable","12":"product-type-simple"},"acf":[],"_links":{"self":[{"href":"https:\/\/long-join.com\/it\/wp-json\/wp\/v2\/product\/13240","targetHints":{"allow":["GET"]}}],"collection":[{"href":"https:\/\/long-join.com\/it\/wp-json\/wp\/v2\/product"}],"about":[{"href":"https:\/\/long-join.com\/it\/wp-json\/wp\/v2\/types\/product"}],"version-history":[{"count":1,"href":"https:\/\/long-join.com\/it\/wp-json\/wp\/v2\/product\/13240\/revisions"}],"predecessor-version":[{"id":13252,"href":"https:\/\/long-join.com\/it\/wp-json\/wp\/v2\/product\/13240\/revisions\/13252"}],"wp:featuredmedia":[{"embeddable":true,"href":"https:\/\/long-join.com\/it\/wp-json\/wp\/v2\/media\/13241"}],"wp:attachment":[{"href":"https:\/\/long-join.com\/it\/wp-json\/wp\/v2\/media?parent=13240"}],"wp:term":[{"taxonomy":"product_brand","embeddable":true,"href":"https:\/\/long-join.com\/it\/wp-json\/wp\/v2\/product_brand?post=13240"},{"taxonomy":"product_cat","embeddable":true,"href":"https:\/\/long-join.com\/it\/wp-json\/wp\/v2\/product_cat?post=13240"},{"taxonomy":"product_tag","embeddable":true,"href":"https:\/\/long-join.com\/it\/wp-json\/wp\/v2\/product_tag?post=13240"}],"curies":[{"name":"parola chiave","href":"https:\/\/api.w.org\/{rel}","templated":true}]}}