{"id":13088,"date":"2025-04-27T17:26:09","date_gmt":"2025-04-27T09:26:09","guid":{"rendered":"https:\/\/long-join.com\/?post_type=product&#038;p=13088"},"modified":"2025-04-30T17:34:50","modified_gmt":"2025-04-30T09:34:50","slug":"kit-di-controllo-fotocellula-serie-nema-jl205c-jl210","status":"publish","type":"product","link":"https:\/\/long-join.com\/it\/product\/nema-series-jl205c-jl210-kits-photocell-control\/","title":{"rendered":"Kit di controllo fotocellula serie NEMA JL205C-jL210"},"content":{"rendered":"<blockquote><p>Qui offriamo il nostro controllo fotocellula JL205C e <a href=\"https:\/\/long-join.com\/it\/product\/bs5972-ansi-c136-10-twsit-fotocellula-presa-jl-210k\/\" target=\"_blank\" rel=\"nofollow noopener\">Staffe da parete JL-210<\/a>. oltre al controller JL205C viene utilizzato per queste 210 staffe, e supportiamo anche il tipo di controllo <a href=\"https:\/\/long-join.com\/it\/product-category\/il-nostro-prodotto\/sensori-fotocellula-twist-lock\/\" target=\"_blank\" rel=\"nofollow noopener\">jl214B, JL224B e jl224C.<\/a><\/p><\/blockquote>\n<blockquote><p>Datemi un consiglio: questo controller \u00e8 conforme allo standard della serie UK BS5972 e alla base di controllo con blocco a 3 pin, ed \u00e8 anche compatibile con la base standard della serie NEMA\/ANSI, come la presa ANSIC 136.10-1996.<\/p><\/blockquote>\n<blockquote><p>In questo caso, \u00e8 possibile scegliere un interruttore con sensore di luce della serie UK, poich\u00e9 questa soluzione \u00e8 la migliore per gli ambienti residenziali europei. In genere, \u00e8 possibile scegliere con cura i cavi dei connettori impermeabili (come cavi e dispositivi impermeabili estensibili), purch\u00e9 raggiungano lo standard IP65. Contrariamente alla soluzione di miglioramento dell&#039;illuminazione di cui sopra, se non si adottano misure creative, in effetti, anche qui era montata una fotocellula, ma non raggiungeva il grado IP65, quindi \u00e8 sufficiente soddisfare il grado IP54. Ecco questo schema del connettore impermeabile da 210k con estensione.<\/p><\/blockquote>\n<figure id=\"attachment_13103\" aria-describedby=\"caption-attachment-13103\" style=\"width: 1082px\" class=\"wp-caption aligncenter\"><img fetchpriority=\"high\" decoding=\"async\" class=\"wp-image-13103 size-full\" src=\"http:\/\/long-join.com\/wp-content\/uploads\/2025\/04\/jl205C-photocell-kits-.jpg\" alt=\"kit fotocellule jl205C\" width=\"1082\" height=\"479\" srcset=\"https:\/\/long-join.com\/wp-content\/uploads\/2025\/04\/jl205C-photocell-kits-.jpg 1082w, https:\/\/long-join.com\/wp-content\/uploads\/2025\/04\/jl205C-photocell-kits--300x133.jpg 300w, https:\/\/long-join.com\/wp-content\/uploads\/2025\/04\/jl205C-photocell-kits--1024x453.jpg 1024w, https:\/\/long-join.com\/wp-content\/uploads\/2025\/04\/jl205C-photocell-kits--768x340.jpg 768w, https:\/\/long-join.com\/wp-content\/uploads\/2025\/04\/jl205C-photocell-kits--600x266.jpg 600w\" sizes=\"(max-width: 1082px) 100vw, 1082px\" \/><figcaption id=\"caption-attachment-13103\" class=\"wp-caption-text\">kit fotocellule jl205C<\/figcaption><\/figure>\n<ul>\n<li>Tipo standard JL-205C 120-277 V, 3 pin conformi allo standard ANSI C136.10 e ritardo temporale 3-20 s.<\/li>\n<li>Presa PC JL-210 e supporto a parete 210K, con guarnizione in gomma di supporto tipo N6 inclusa.<\/li>\n<\/ul>","protected":false},"excerpt":{"rendered":"<p>1. Modello del prodotto: JL205C-jl210<br \/>\n2. Tensione nominale: 120-277 V CA<br \/>\n3. 210, staffe di supporto per montaggio a parete<br \/>\n5. Raggiungi standard diversi gradi di protezione IP<\/p>","protected":false},"featured_media":13092,"template":"","meta":{"_acf_changed":false,"_seopress_robots_primary_cat":"none","_seopress_titles_title":"","_seopress_titles_desc":"","_seopress_robots_index":""},"product_brand":[],"product_cat":[28,55],"product_tag":[],"class_list":{"0":"post-13088","1":"product","2":"type-product","3":"status-publish","4":"has-post-thumbnail","6":"product_cat-our-product","7":"product_cat-twist-lock-photocontrollers","9":"first","10":"instock","11":"shipping-taxable","12":"product-type-simple"},"acf":[],"_links":{"self":[{"href":"https:\/\/long-join.com\/it\/wp-json\/wp\/v2\/product\/13088","targetHints":{"allow":["GET"]}}],"collection":[{"href":"https:\/\/long-join.com\/it\/wp-json\/wp\/v2\/product"}],"about":[{"href":"https:\/\/long-join.com\/it\/wp-json\/wp\/v2\/types\/product"}],"version-history":[{"count":13,"href":"https:\/\/long-join.com\/it\/wp-json\/wp\/v2\/product\/13088\/revisions"}],"predecessor-version":[{"id":13139,"href":"https:\/\/long-join.com\/it\/wp-json\/wp\/v2\/product\/13088\/revisions\/13139"}],"wp:featuredmedia":[{"embeddable":true,"href":"https:\/\/long-join.com\/it\/wp-json\/wp\/v2\/media\/13092"}],"wp:attachment":[{"href":"https:\/\/long-join.com\/it\/wp-json\/wp\/v2\/media?parent=13088"}],"wp:term":[{"taxonomy":"product_brand","embeddable":true,"href":"https:\/\/long-join.com\/it\/wp-json\/wp\/v2\/product_brand?post=13088"},{"taxonomy":"product_cat","embeddable":true,"href":"https:\/\/long-join.com\/it\/wp-json\/wp\/v2\/product_cat?post=13088"},{"taxonomy":"product_tag","embeddable":true,"href":"https:\/\/long-join.com\/it\/wp-json\/wp\/v2\/product_tag?post=13088"}],"curies":[{"name":"parola chiave","href":"https:\/\/api.w.org\/{rel}","templated":true}]}}