{"id":13061,"date":"2025-04-25T14:09:02","date_gmt":"2025-04-25T06:09:02","guid":{"rendered":"https:\/\/long-join.com\/?post_type=product&#038;p=13061"},"modified":"2025-04-26T06:04:50","modified_gmt":"2025-04-25T22:04:50","slug":"presa-tipo-zhaga-senza-piombo-collegabile-a-caldo-jl-700w","status":"publish","type":"product","link":"https:\/\/long-join.com\/it\/product\/leadless-zhaga-type-socket-hot-pluggable-jl-700w\/","title":{"rendered":"Presa tipo Zhaga senza piombo collegabile a caldo JL-700W"},"content":{"rendered":"<blockquote><p>Versione senza piombo JL-700W Slot La presa Zhaga \u00e8 un&#039;interfaccia di controllo dell&#039;illuminazione ad alte prestazioni conforme allo standard Zhaga Book 18.<\/p><\/blockquote>\n<blockquote><p>Per quanto riguarda i parametri elettrici, non abbiamo modificato alcun parametro per le serie da 700 W e slot da 700 W. In secondo luogo, la versione senza piombo della presa Zhaga (700 W e slot da 700 W senza piombo) \u00e8 abbinata a un calibro di filo 20-22 AWG e un&#039;estremit\u00e0 del filo pu\u00f2 essere spelata di 9-11 mm e rivestita con uno strato di stagno. Il motivo risiede principalmente nella possibilit\u00e0 di inserire i fili in modo sicuro e agevole nei 4 fori nella parte inferiore della presa durante l&#039;installazione.<\/p><\/blockquote>\n<p><img fetchpriority=\"high\" decoding=\"async\" class=\"aligncenter wp-image-13076 size-full\" src=\"http:\/\/long-join.com\/wp-content\/uploads\/2025\/04\/place-right-zhaga-installation-diagram.jpg\" alt=\"posizionare correttamente lo schema di installazione di Zhaga\" width=\"971\" height=\"479\" srcset=\"https:\/\/long-join.com\/wp-content\/uploads\/2025\/04\/place-right-zhaga-installation-diagram.jpg 971w, https:\/\/long-join.com\/wp-content\/uploads\/2025\/04\/place-right-zhaga-installation-diagram-300x148.jpg 300w, https:\/\/long-join.com\/wp-content\/uploads\/2025\/04\/place-right-zhaga-installation-diagram-768x379.jpg 768w, https:\/\/long-join.com\/wp-content\/uploads\/2025\/04\/place-right-zhaga-installation-diagram-600x296.jpg 600w\" sizes=\"(max-width: 971px) 100vw, 971px\" \/><\/p>\n<blockquote><p>Infine, la versione da 700 W con slot della presa Zhaga \u00e8 stata progettata per tenere conto dei difetti della vecchia versione nel processo di installazione, come la nostra precedente versione della guarnizione in silicone e i problemi di deformazione della superficie dell&#039;apparecchio durante il processo di installazione, che hanno portato alla necessit\u00e0 di impermeabilizzarlo. Una volta riscontrata la deformazione della guarnizione, i tempi di installazione potrebbero aumentare. Pertanto, abbiamo aggiunto una nuova scanalatura superiore filettata alla versione standard da 700 W. Si tratta di un piccolo miglioramento strutturale, che da un lato viene utilizzato per fissare la posizione della rondella in silicone. Dall&#039;altro, la scanalatura della testa filettata assicura che la guarnizione si adatti perfettamente all&#039;alloggiamento dell&#039;apparecchio e migliora le prestazioni di tenuta dei dispositivi esterni dell&#039;apparecchio.<\/p><\/blockquote>\n<blockquote><p>Inoltre, il nuovo design a fessura del portalampada Zhaga, perfetto per ogni situazione, ci offre diversi spunti di interesse. Da un lato, come installare correttamente questa guarnizione in silicone per stabilizzare l&#039;apparecchio di illuminazione? Dall&#039;altro, come bloccare a scatto il dado metallico del portalampada nella posizione corretta, rivolta verso la parte superiore dell&#039;apparecchio di illuminazione a LED. In questo modo, il nuovo design del portalampada Zhaga \u00e8 pi\u00f9 impermeabile rispetto al modello 700 standard (senza fessura) e riduce il problema della deformazione della guarnizione durante l&#039;installazione.<\/p><\/blockquote>\n<p><img decoding=\"async\" class=\"aligncenter wp-image-13057\" src=\"http:\/\/long-join.com\/wp-content\/uploads\/2025\/04\/how-to-place-location.jpg\" alt=\"come posizionare la posizione\" width=\"924\" height=\"409\" srcset=\"https:\/\/long-join.com\/wp-content\/uploads\/2025\/04\/how-to-place-location.jpg 1082w, https:\/\/long-join.com\/wp-content\/uploads\/2025\/04\/how-to-place-location-300x133.jpg 300w, https:\/\/long-join.com\/wp-content\/uploads\/2025\/04\/how-to-place-location-1024x453.jpg 1024w, https:\/\/long-join.com\/wp-content\/uploads\/2025\/04\/how-to-place-location-768x340.jpg 768w, https:\/\/long-join.com\/wp-content\/uploads\/2025\/04\/how-to-place-location-600x266.jpg 600w\" sizes=\"(max-width: 924px) 100vw, 924px\" \/><\/p>\n<blockquote><p>La versione senza fili della presa Zhaga \u00e8 plug-and-play. Se accidentalmente si inserisce un cavo nel foro sbagliato, \u00e8 possibile estrarlo rapidamente e inserirlo nella presa corretta. Perch\u00e9 \u00e8 importante inserire il cavo nella presa corretta? Perch\u00e9 la parte inferiore della presa Zhaga presenta 4 diversi fori di accesso, ognuno con una diversa funzione elettrica (riferimento alle specifiche dello slot da 700 W). Inoltre, il driver nell&#039;apparecchio di illuminazione ha diversi punti di accesso corrispondenti a DA LI+, DALI- e 24 V CC. Di seguito lo schema elettrico del modello da 700 W.<\/p><\/blockquote>\n<p><img decoding=\"async\" class=\"wp-image-12892 size-full aligncenter\" src=\"http:\/\/long-join.com\/wp-content\/uploads\/2023\/10\/Wiring-diagram-zhaga-socket.png\" alt=\"Schema elettrico presa zhaga\" width=\"679\" height=\"330\" srcset=\"https:\/\/long-join.com\/wp-content\/uploads\/2023\/10\/Wiring-diagram-zhaga-socket.png 679w, https:\/\/long-join.com\/wp-content\/uploads\/2023\/10\/Wiring-diagram-zhaga-socket-300x146.png 300w, https:\/\/long-join.com\/wp-content\/uploads\/2023\/10\/Wiring-diagram-zhaga-socket-600x292.png 600w\" sizes=\"(max-width: 679px) 100vw, 679px\" \/><\/p>\n<blockquote><p><strong>La versione senza piombo della presa zhaga JL-700W \u00e8 divisa in queste parti<\/strong><\/p><\/blockquote>\n<blockquote><p>Corpo terminale presa 1-zhaga.<\/p><\/blockquote>\n<blockquote><p>Dadi metallici a 2 zhaga oppure, in alternativa, dado esagonale in plastica.<\/p><\/blockquote>\n<blockquote><p>Guarnizione in silicone con 3 materiali speciali.<\/p><\/blockquote>\n<blockquote><p>4-se vuoi un dado esagonale in plastica, allora puoi scegliere questo <strong>rondella di sicurezza con denti interni<\/strong> per migliorare il bloccaggio fisso e robusto tra il corpo della presa e l&#039;apparecchio di illuminazione a LED. Qui puoi vedere l&#039;installazione reale tramite il video.<\/p><\/blockquote>\n<blockquote><p>berretto da 5 zhaga<\/p><\/blockquote>\n<p><img loading=\"lazy\" decoding=\"async\" class=\"wp-image-13079 size-full aligncenter\" src=\"http:\/\/long-join.com\/wp-content\/uploads\/2025\/04\/700w-internal-tooth-lock-washer-.jpg\" alt=\"Rondella di bloccaggio dentata interna da 700 W\" width=\"971\" height=\"308\" srcset=\"https:\/\/long-join.com\/wp-content\/uploads\/2025\/04\/700w-internal-tooth-lock-washer-.jpg 971w, https:\/\/long-join.com\/wp-content\/uploads\/2025\/04\/700w-internal-tooth-lock-washer--300x95.jpg 300w, https:\/\/long-join.com\/wp-content\/uploads\/2025\/04\/700w-internal-tooth-lock-washer--768x244.jpg 768w, https:\/\/long-join.com\/wp-content\/uploads\/2025\/04\/700w-internal-tooth-lock-washer--600x190.jpg 600w\" sizes=\"(max-width: 971px) 100vw, 971px\" \/><\/p>","protected":false},"excerpt":{"rendered":"<p>La versione senza fili JL-700W della presa Zhaga di LONGJOIN Lighting \u00e8 un&#039;innovativa interfaccia di controllo dell&#039;illuminazione progettata per applicazioni quali illuminazione stradale intelligente, illuminazione di aree pubbliche e illuminazione di presenza. Basato sullo standard Zhaga Book 18, questo prodotto utilizza un esclusivo design a fessura che risolve efficacemente il problema della deformazione della guarnizione in silicone, comune durante l&#039;installazione delle prese tradizionali, e migliora significativamente l&#039;impermeabilit\u00e0 e la facilit\u00e0 di installazione.<\/p>\n<p>-Porta 1: 24 V CC<br \/>\n\u2013 Porta 2: DALI\u2013\/GND<br \/>\n\u2013 Porta 3: DALI+<br \/>\n\u2013 Porta 4: riserva\/O<\/p>","protected":false},"featured_media":13071,"template":"","meta":{"_acf_changed":false,"_seopress_robots_primary_cat":"none","_seopress_titles_title":"","_seopress_titles_desc":"","_seopress_robots_index":""},"product_brand":[],"product_cat":[28,35,29,49],"product_tag":[48,54],"class_list":{"0":"post-13061","1":"product","2":"type-product","3":"status-publish","4":"has-post-thumbnail","6":"product_cat-our-product","7":"product_cat-photocell-switch-fittings","8":"product_cat-zhaga-series","9":"product_cat-zhaga-socket","10":"product_tag-zhaga","11":"product_tag-zhaga-socket","13":"first","14":"instock","15":"shipping-taxable","16":"product-type-simple"},"acf":[],"_links":{"self":[{"href":"https:\/\/long-join.com\/it\/wp-json\/wp\/v2\/product\/13061","targetHints":{"allow":["GET"]}}],"collection":[{"href":"https:\/\/long-join.com\/it\/wp-json\/wp\/v2\/product"}],"about":[{"href":"https:\/\/long-join.com\/it\/wp-json\/wp\/v2\/types\/product"}],"version-history":[{"count":10,"href":"https:\/\/long-join.com\/it\/wp-json\/wp\/v2\/product\/13061\/revisions"}],"predecessor-version":[{"id":13084,"href":"https:\/\/long-join.com\/it\/wp-json\/wp\/v2\/product\/13061\/revisions\/13084"}],"wp:featuredmedia":[{"embeddable":true,"href":"https:\/\/long-join.com\/it\/wp-json\/wp\/v2\/media\/13071"}],"wp:attachment":[{"href":"https:\/\/long-join.com\/it\/wp-json\/wp\/v2\/media?parent=13061"}],"wp:term":[{"taxonomy":"product_brand","embeddable":true,"href":"https:\/\/long-join.com\/it\/wp-json\/wp\/v2\/product_brand?post=13061"},{"taxonomy":"product_cat","embeddable":true,"href":"https:\/\/long-join.com\/it\/wp-json\/wp\/v2\/product_cat?post=13061"},{"taxonomy":"product_tag","embeddable":true,"href":"https:\/\/long-join.com\/it\/wp-json\/wp\/v2\/product_tag?post=13061"}],"curies":[{"name":"parola chiave","href":"https:\/\/api.w.org\/{rel}","templated":true}]}}