{"id":10468,"date":"2024-12-18T17:12:23","date_gmt":"2024-12-18T09:12:23","guid":{"rendered":"https:\/\/long-join.com\/?post_type=product&#038;p=10468"},"modified":"2025-12-25T11:21:06","modified_gmt":"2025-12-25T03:21:06","slug":"controller-fotocellula-per-illuminazione-stradale-wireless-nb-iot-120-277vac","status":"publish","type":"product","link":"https:\/\/long-join.com\/it\/product\/nb-iot-wireless-remote-street-light-photocell-controller-120-277vac\/","title":{"rendered":"Controller fotocellula per illuminazione stradale wireless IoT NB 120-277 V CA"},"content":{"rendered":"<blockquote><p>Shanghai \u00e8 da tempo membro del gruppo di tecnologia intelligente e qui troverete vari tipi di lampioni con fotocellula. Se siete interessati al nostro controller per luci intelligenti, ecco i principali tipi di reti di comunicazione wireless ZigBee e NB-IoT (Narrow Band Internet of Things). A causa delle differenze tra queste reti di comunicazione wireless, anche i controller intelligenti saranno suddivisi in ZigBee e NB-IoT.<\/p><\/blockquote>\n<blockquote>\n<figure id=\"attachment_10481\" aria-describedby=\"caption-attachment-10481\" style=\"width: 1120px\" class=\"wp-caption aligncenter\"><img fetchpriority=\"high\" decoding=\"async\" class=\"wp-image-10481 size-full\" src=\"http:\/\/long-join.com\/wp-content\/uploads\/2024\/12\/long-join-wireless-controller.jpg\" alt=\"controller wireless a lunga unione\" width=\"1120\" height=\"400\" srcset=\"https:\/\/long-join.com\/wp-content\/uploads\/2024\/12\/long-join-wireless-controller.jpg 1120w, https:\/\/long-join.com\/wp-content\/uploads\/2024\/12\/long-join-wireless-controller-300x107.jpg 300w, https:\/\/long-join.com\/wp-content\/uploads\/2024\/12\/long-join-wireless-controller-1024x366.jpg 1024w, https:\/\/long-join.com\/wp-content\/uploads\/2024\/12\/long-join-wireless-controller-768x274.jpg 768w, https:\/\/long-join.com\/wp-content\/uploads\/2024\/12\/long-join-wireless-controller-600x214.jpg 600w\" sizes=\"(max-width: 1120px) 100vw, 1120px\" \/><figcaption id=\"caption-attachment-10481\" class=\"wp-caption-text\">controller wireless a lunga unione<\/figcaption><\/figure><\/blockquote>\n<blockquote><p><strong>***Controller luci intelligente ZigBee: <a href=\"https:\/\/long-join.com\/it\/product\/interruttore-di-controllo-della-luce-intelligente-wireless-zigbee-jl-245cz\/\" target=\"_blank\" rel=\"nofollow noopener\">JL-245C<\/a> E <a href=\"https:\/\/long-join.com\/it\/product\/jl-246cg-master-zigbee-controller-per-illuminazione-stradale-intelligente-wireless-120-277vac\/\" target=\"_blank\" rel=\"nofollow noopener\">JL-246CG<\/a><\/strong><\/p><\/blockquote>\n<blockquote><p>Il controller wireless ZigBee JL-246CG funge da master, connettendosi a pi\u00f9 controller JL-245CZ tramite wireless. Facilita la trasmissione dei dati ai servizi cloud tramite vari mezzi come LTE Cat1 o altre reti (2G\/3G\/4G\/NB-IoT\/LoRa\/Sigfox). Inoltre, \u00e8 dotato di una strategia di controllo automatico dell&#039;illuminazione che accende e spegne le luci dal tramonto all&#039;alba. Nota: questi controller con accensione automatica adottano la modalit\u00e0 di controllo dell&#039;illuminazione locale e regolano automaticamente le operazioni in base all&#039;intensit\u00e0 della luce esterna. Non preoccuparti, il nostro tipo di rete ZigBee supporta <strong>MAGLIA<\/strong>, quindi ogni nodo pu\u00f2 comunicare tra loro e tra loro, e tra loro trasmettere, comprese le eccezionali funzionalit\u00e0 dei transceiver nativi e altre capacit\u00e0 di inoltro.<\/p><\/blockquote>\n<blockquote><p><strong>***Controller luci intelligente NB-IoT: JL-245CN<\/strong><\/p><\/blockquote>\n<blockquote><p>Nel 2019 abbiamo anche lanciato un controller di illuminazione di tipo NB-Iot per reti di comunicazione wireless tecnologicamente avanzate. Rispetto al controller di modalit\u00e0 wireless ZigBee, la distanza di trasmissione di questo controller NB-Iot \u00e8 superiore a dieci chilometri e questo tipo di comunicazione wireless \u00e8 ideale per applicazioni di dispositivi di illuminazione per esterni e per infrastrutture di citt\u00e0 intelligenti, dove i dispositivi comunicano tra loro tramite NB-Iot.<\/p><\/blockquote>\n<blockquote><p><strong>Demo Struttura della comunicazione collegamenti logici flussi<\/strong><\/p><\/blockquote>\n<blockquote><p>Il controller wireless intelligente per lampioni stradali NB-IOT JL-245CN supporta la trasmissione dati wireless da ogni apparecchio di illuminazione con controller NB-IOT. Questi controller intelligenti per luci offrono costi pi\u00f9 bassi, non richiedono un trasferimento di dati intermedio e possono quindi trasmettere dati in modo affidabile e autotransitivo alla stazione base. Questa stazione base di comunicazione trasferir\u00e0 automaticamente i dati al servizio di terminale remoto cloud (PC\/App). Un consiglio: controllo standard con comunicazione wireless, che per il sistema di gestione delle citt\u00e0 intelligenti locali connette il nodo, ma tramite un team tecnico di lunga data scrive il documento del protocollo UART per il trasferimento. Inoltre, il nostro controller wireless NB-IOT supporta il tipo di rete &quot;mesh&quot;, quindi ha le stesse funzioni del wireless ZigBee.<\/p><\/blockquote>\n<p><img decoding=\"async\" class=\"wp-image-10477 size-full aligncenter\" src=\"http:\/\/long-join.com\/wp-content\/uploads\/2024\/12\/JL-245CN-demo-network-diagram.jpg\" alt=\"JL-245CN-demo-diagramma-di-rete\" width=\"1100\" height=\"500\" srcset=\"https:\/\/long-join.com\/wp-content\/uploads\/2024\/12\/JL-245CN-demo-network-diagram.jpg 1100w, https:\/\/long-join.com\/wp-content\/uploads\/2024\/12\/JL-245CN-demo-network-diagram-300x136.jpg 300w, https:\/\/long-join.com\/wp-content\/uploads\/2024\/12\/JL-245CN-demo-network-diagram-1024x465.jpg 1024w, https:\/\/long-join.com\/wp-content\/uploads\/2024\/12\/JL-245CN-demo-network-diagram-768x349.jpg 768w, https:\/\/long-join.com\/wp-content\/uploads\/2024\/12\/JL-245CN-demo-network-diagram-600x273.jpg 600w\" sizes=\"(max-width: 1100px) 100vw, 1100px\" \/><\/p>\n<blockquote><p>1. JL-245CN si connette automaticamente all&#039;UM9000 tramite la rete NB-IOT quando viene acceso.<\/p><\/blockquote>\n<blockquote><p>2. UM9000 si connette automaticamente al server cloud tramite la rete NB-IOT. (UM9000 \u00e8 uno dei sistemi di gestione dell&#039;illuminazione intelligente della serie UM, ed \u00e8 il miglior apparecchio di illuminazione stradale per esterni.)<\/p><\/blockquote>\n<blockquote><p>3. Gli utenti possono controllare da remoto tutti i dispositivi tramite l&#039;interfaccia WEB del terminale del computer.<\/p><\/blockquote>\n<blockquote><p><strong>Caratteristiche JL-245CN<\/strong><\/p><\/blockquote>\n<blockquote><p>*Nb-Iot Communication distance\uff1a\u22641000m<\/p><\/blockquote>\n<blockquote><p>*Altitudine: \u22644000 m<\/p><\/blockquote>\n<blockquote><p>*Copertura sandwich per Long Life, questa forma con doppio PC (opzione)<\/p><\/blockquote>\n<blockquote><p>*Livello di protezione contro le sovratensioni: modalit\u00e0 differenziale 6KV\/3KA<\/p><\/blockquote>\n<blockquote><p>*Modulo NB-IoT, slot per scheda SIM offerto<\/p><\/blockquote>","protected":false},"excerpt":{"rendered":"<p>1. Modello del prodotto: JL-245CN<br \/>\n2. Grado di protezione IP: IP65\/IP67<br \/>\n3. Wireless: NB-IOT<br \/>\n4. Uscita dimmer: 0-10 V\/PWM<\/p>","protected":false},"featured_media":10484,"template":"","meta":{"_acf_changed":false,"_seopress_robots_primary_cat":"none","_seopress_titles_title":"","_seopress_titles_desc":"","_seopress_robots_index":""},"product_brand":[],"product_cat":[60,28,59,55],"product_tag":[],"class_list":{"0":"post-10468","1":"product","2":"type-product","3":"status-publish","4":"has-post-thumbnail","6":"product_cat-dimming-photocontrol","7":"product_cat-our-product","8":"product_cat-smart-photocell-sensor","9":"product_cat-twist-lock-photocontrollers","11":"first","12":"instock","13":"shipping-taxable","14":"product-type-simple"},"acf":[],"_links":{"self":[{"href":"https:\/\/long-join.com\/it\/wp-json\/wp\/v2\/product\/10468","targetHints":{"allow":["GET"]}}],"collection":[{"href":"https:\/\/long-join.com\/it\/wp-json\/wp\/v2\/product"}],"about":[{"href":"https:\/\/long-join.com\/it\/wp-json\/wp\/v2\/types\/product"}],"version-history":[{"count":18,"href":"https:\/\/long-join.com\/it\/wp-json\/wp\/v2\/product\/10468\/revisions"}],"predecessor-version":[{"id":16634,"href":"https:\/\/long-join.com\/it\/wp-json\/wp\/v2\/product\/10468\/revisions\/16634"}],"wp:featuredmedia":[{"embeddable":true,"href":"https:\/\/long-join.com\/it\/wp-json\/wp\/v2\/media\/10484"}],"wp:attachment":[{"href":"https:\/\/long-join.com\/it\/wp-json\/wp\/v2\/media?parent=10468"}],"wp:term":[{"taxonomy":"product_brand","embeddable":true,"href":"https:\/\/long-join.com\/it\/wp-json\/wp\/v2\/product_brand?post=10468"},{"taxonomy":"product_cat","embeddable":true,"href":"https:\/\/long-join.com\/it\/wp-json\/wp\/v2\/product_cat?post=10468"},{"taxonomy":"product_tag","embeddable":true,"href":"https:\/\/long-join.com\/it\/wp-json\/wp\/v2\/product_tag?post=10468"}],"curies":[{"name":"parola chiave","href":"https:\/\/api.w.org\/{rel}","templated":true}]}}