{"id":9716,"date":"2024-10-12T14:15:52","date_gmt":"2024-10-12T06:15:52","guid":{"rendered":"https:\/\/long-join.com\/?post_type=product&#038;p=9716"},"modified":"2024-12-20T15:13:44","modified_gmt":"2024-12-20T07:13:44","slug":"receptaculo-um-240-nema-de-7-pines-sin-nada-relacionado-certificado-de-calidad","status":"publish","type":"product","link":"https:\/\/long-join.com\/es\/product\/um-240-nema-7-pin-receptacle-nothing-related-quality-certificate\/","title":{"rendered":"Recept\u00e1culo NEMA UM-240 de 7 pines, sin certificado de calidad relacionado"},"content":{"rendered":"<blockquote><p>Introducci\u00f3n del producto de la serie UM<\/p><\/blockquote>\n<blockquote><p>Espa\u00f1olAqu\u00ed est\u00e1 la nueva publicaci\u00f3n UM-240, un nuevo producto de un fabricante de control de iluminaci\u00f3n de larga data. Y el producto de la serie UM est\u00e1 dise\u00f1ado para pa\u00edses de bajos recursos econ\u00f3micos, mientras que lo m\u00e1s importante es resolver la falta temporal del recept\u00e1culo de emergencia NEMA de 7 pines. Por otro lado, el procesamiento de este producto de la serie UM atiende a muchas personas que desean precios m\u00e1s asequibles y productos de mejor calidad. De esta manera, nos aseguramos de satisfacer una peque\u00f1a parte de los requisitos de las personas. Naturalmente hablando, hemos desarrollado un nuevo producto de la serie del Reino Unido que rompe con la condici\u00f3n de &quot;autom\u00f3vil hecho a puerta cerrada&quot; y enfrenta de manera efectiva varios desaf\u00edos, como la presi\u00f3n de los nuevos competidores y la disminuci\u00f3n econ\u00f3mica gradual. No solo ser\u00e1 un beneficio para los proveedores de marcas de larga data, sino que estos productos de la serie um traer\u00e1n oportunidades de nicho de mercado, especialmente para nuevos distribuidores.<\/p><\/blockquote>\n<blockquote><p>Producto de la serie UM: UM-240,<a href=\"https:\/\/long-join.com\/es\/product\/fotocontrol-de-120-v-ca-serie-um-205c\/\" target=\"_blank\" rel=\"nofollow noopener\">UM-205C,<\/a><a href=\"https:\/\/long-join.com\/es\/product\/120-277vac-um-serie-204c-fotocontrol\/\" target=\"_blank\" rel=\"nofollow noopener\">UM-204C<\/a>,y <a href=\"https:\/\/long-join.com\/es\/product\/tapa-de-cortocircuito-para-fotocelula-serie-um-208-con-diseno-ultrafino\/\" target=\"_blank\" rel=\"nofollow noopener\">UM-208<\/a><\/p><\/blockquote>\n<blockquote><p>Nueva caracter\u00edstica del tipo UM-240<\/p><\/blockquote>\n<blockquote><p>1-Es perfecto para el pin est\u00e1ndar ANSI C136.41 o NEMA, por lo que este recept\u00e1culo puede ser compatible con el controlador de bloqueo giratorio ANSI C136.10.<\/p><\/blockquote>\n<blockquote><p>2-4 piezas de contacto chapadas en oro en la superficie superior.<\/p><\/blockquote>\n<blockquote><p>3-4 cables de se\u00f1al en la parte posterior, por lo que 2 cables son de atenuaci\u00f3n de 0 a 10 V y los otros 2 cables son de atenuaci\u00f3n DAli.<\/p><\/blockquote>\n<blockquote><p>Junta de silicona de 4 piezas utilizada en el sellado entre la pantalla de luz y el control de iluminaci\u00f3n cuando se monta en la luminaria.<\/p><\/blockquote>","protected":false},"excerpt":{"rendered":"<p>1. Modelo del producto: UM-240<br \/>\n2. Voltaje nominal: 0-480 VCA<br \/>\n3. Calibre de cables: #16<br \/>\n5. Interfaz est\u00e1ndar NEMA<br \/>\n6. Est\u00e1ndar de cumplimiento: ninguno<\/p>","protected":false},"featured_media":9658,"template":"","meta":{"_acf_changed":false,"_seopress_robots_primary_cat":"none","_seopress_titles_title":"","_seopress_titles_desc":"","_seopress_robots_index":""},"product_brand":[],"product_cat":[56,31,28],"product_tag":[],"class_list":{"0":"post-9716","1":"product","2":"type-product","3":"status-publish","4":"has-post-thumbnail","6":"product_cat-nema-7-pin-receptacle","7":"product_cat-nema-standard-connector","8":"product_cat-our-product","10":"first","11":"instock","12":"shipping-taxable","13":"product-type-simple"},"acf":[],"_links":{"self":[{"href":"https:\/\/long-join.com\/es\/wp-json\/wp\/v2\/product\/9716","targetHints":{"allow":["GET"]}}],"collection":[{"href":"https:\/\/long-join.com\/es\/wp-json\/wp\/v2\/product"}],"about":[{"href":"https:\/\/long-join.com\/es\/wp-json\/wp\/v2\/types\/product"}],"version-history":[{"count":2,"href":"https:\/\/long-join.com\/es\/wp-json\/wp\/v2\/product\/9716\/revisions"}],"predecessor-version":[{"id":10527,"href":"https:\/\/long-join.com\/es\/wp-json\/wp\/v2\/product\/9716\/revisions\/10527"}],"wp:featuredmedia":[{"embeddable":true,"href":"https:\/\/long-join.com\/es\/wp-json\/wp\/v2\/media\/9658"}],"wp:attachment":[{"href":"https:\/\/long-join.com\/es\/wp-json\/wp\/v2\/media?parent=9716"}],"wp:term":[{"taxonomy":"product_brand","embeddable":true,"href":"https:\/\/long-join.com\/es\/wp-json\/wp\/v2\/product_brand?post=9716"},{"taxonomy":"product_cat","embeddable":true,"href":"https:\/\/long-join.com\/es\/wp-json\/wp\/v2\/product_cat?post=9716"},{"taxonomy":"product_tag","embeddable":true,"href":"https:\/\/long-join.com\/es\/wp-json\/wp\/v2\/product_tag?post=9716"}],"curies":[{"name":"wp","href":"https:\/\/api.w.org\/{rel}","templated":true}]}}