{"id":9084,"date":"2024-08-23T16:25:28","date_gmt":"2024-08-23T08:25:28","guid":{"rendered":"https:\/\/long-join.com\/?post_type=product&#038;p=9084"},"modified":"2025-12-25T13:41:41","modified_gmt":"2025-12-25T05:41:41","slug":"version-de-cable-personalizado-para-el-conector-zhaga-book18-jl-700l","status":"publish","type":"product","link":"https:\/\/long-join.com\/es\/product\/book18-zhaga-socket-jl-700l-custom-cable-version\/","title":{"rendered":"Z\u00f3calo Book18 Zhaga JL-700L, versi\u00f3n con cable personalizado"},"content":{"rendered":"<blockquote><p>A diferencia del z\u00f3calo est\u00e1ndar b\u00e1sico Zhaga Book-18 JL-700, este z\u00f3calo JL-700L se implementa para el esquema de atenuaci\u00f3n DALI y admite diversos di\u00e1metros de base de controlador. En mi opini\u00f3n, este z\u00f3calo con artesan\u00eda de procesamiento de cables es t\u00e9cnica de arn\u00e9s de integraci\u00f3n. Desde esta vista de apariencia, esto est\u00e1 envuelto en cable y se compone de 4 cables de ra\u00edz diferentes. Por lo tanto, la versi\u00f3n de cable JL-700L del z\u00f3calo Zhaga es similar al JL-700.<\/p><\/blockquote>\n<blockquote><p>Es una idea para dispositivos de luminarias est\u00e1ndar, como m\u00f3dulos de control de tipo multifunci\u00f3n integrados en la infraestructura de alumbrado p\u00fablico de la iluminaci\u00f3n municipal de la ciudad moderna: NB-IOT inal\u00e1mbrico, inducci\u00f3n de sensor de movimiento y detecci\u00f3n de microondas, etc.<\/p><\/blockquote>\n<blockquote><p>Caracter\u00edstica<\/p><\/blockquote>\n<blockquote><p>1-Tama\u00f1o compacto que permite una mayor flexibilidad en el dise\u00f1o de la luminaria;<\/p><\/blockquote>\n<blockquote><p>2-the cable is composed of 4 wires of different colors (gray, blue, brown and black)<\/p><\/blockquote>\n<blockquote><p>3-Versi\u00f3n predeterminada (Definici\u00f3n del color de l\u00ednea)<\/p><\/blockquote>\n<blockquote><p>Puerto 1: Marr\u00f3n-24C<\/p><\/blockquote>\n<blockquote><p>Puerto 2: Gray-DALI (o protocolo basado en DALI) \u2013 \/tierra com\u00fan<\/p><\/blockquote>\n<blockquote><p>Puerto 3: Blue-DALI (o protocolo basado en DALI)+<\/p><\/blockquote>\n<blockquote><p>Puerto 4: E\/S general negra<\/p><\/blockquote>","protected":false},"excerpt":{"rendered":"<p>Toma de corriente tipo Zhaga de 1 cable JL-700L<br \/>\n2-El m\u00f3dulo zhaga de tama\u00f1o compacto ofrece diferentes controladores con di\u00e1metro de base<br \/>\n3-Tama\u00f1o compacto que permite una mayor flexibilidad en el dise\u00f1o de la luminaria;<br \/>\n4-Posici\u00f3n de instalaci\u00f3n flexible, por ejemplo, parte superior\/inferior\/lateral de la l\u00e1mpara.<\/p>","protected":false},"featured_media":9090,"template":"","meta":{"_acf_changed":false,"_seopress_robots_primary_cat":"none","_seopress_titles_title":"","_seopress_titles_desc":"","_seopress_robots_index":""},"product_brand":[],"product_cat":[28,29,49],"product_tag":[],"class_list":{"0":"post-9084","1":"product","2":"type-product","3":"status-publish","4":"has-post-thumbnail","6":"product_cat-our-product","7":"product_cat-zhaga-series","8":"product_cat-zhaga-socket","10":"first","11":"instock","12":"shipping-taxable","13":"product-type-simple"},"acf":[],"_links":{"self":[{"href":"https:\/\/long-join.com\/es\/wp-json\/wp\/v2\/product\/9084","targetHints":{"allow":["GET"]}}],"collection":[{"href":"https:\/\/long-join.com\/es\/wp-json\/wp\/v2\/product"}],"about":[{"href":"https:\/\/long-join.com\/es\/wp-json\/wp\/v2\/types\/product"}],"version-history":[{"count":5,"href":"https:\/\/long-join.com\/es\/wp-json\/wp\/v2\/product\/9084\/revisions"}],"predecessor-version":[{"id":16635,"href":"https:\/\/long-join.com\/es\/wp-json\/wp\/v2\/product\/9084\/revisions\/16635"}],"wp:featuredmedia":[{"embeddable":true,"href":"https:\/\/long-join.com\/es\/wp-json\/wp\/v2\/media\/9090"}],"wp:attachment":[{"href":"https:\/\/long-join.com\/es\/wp-json\/wp\/v2\/media?parent=9084"}],"wp:term":[{"taxonomy":"product_brand","embeddable":true,"href":"https:\/\/long-join.com\/es\/wp-json\/wp\/v2\/product_brand?post=9084"},{"taxonomy":"product_cat","embeddable":true,"href":"https:\/\/long-join.com\/es\/wp-json\/wp\/v2\/product_cat?post=9084"},{"taxonomy":"product_tag","embeddable":true,"href":"https:\/\/long-join.com\/es\/wp-json\/wp\/v2\/product_tag?post=9084"}],"curies":[{"name":"wp","href":"https:\/\/api.w.org\/{rel}","templated":true}]}}