{"id":9003,"date":"2024-08-16T14:01:01","date_gmt":"2024-08-16T06:01:01","guid":{"rendered":"https:\/\/long-join.com\/?post_type=product&#038;p=9003"},"modified":"2025-02-06T16:26:55","modified_gmt":"2025-02-06T08:26:55","slug":"book18-dali2-0-jl-722b2a2-compatible-con-comunicacion-bluetooth-en-malla-casambi","status":"publish","type":"product","link":"https:\/\/long-join.com\/es\/product\/book18-dali2-0-jl-722b2a2-support-casambi-bluetooth-mesh-communication\/","title":{"rendered":"Book18 DALI2.0 JL-722B2A2 Compatible con comunicaci\u00f3n Bluetooth Mesh de Casambi"},"content":{"rendered":"<div id=\"elementor-tab-content-1011\" class=\"elementor-tab-content elementor-clearfix elementor-active\" tabindex=\"0\" role=\"tabpanel\" data-tab=\"1\" aria-labelledby=\"elementor-tab-title-1011\">\n<blockquote><p>Book18 JL-722B2A2 DALI2.0 Modo de atenuaci\u00f3n y detecci\u00f3n de luz + microondas, y soporte para configurar par\u00e1metros para una atm\u00f3sfera de brillo real. como a trav\u00e9s del modo de ajuste de la aplicaci\u00f3n para controlar el nivel de sensibilidad y se puede configurar por diferentes escenas. <span class=\"HwtZe\" lang=\"en\"><span class=\"jCAhz ChMk0b\"><span class=\"ryNqvb\">\u00bfCu\u00e1les son los escenarios de aplicaci\u00f3n de iluminaci\u00f3n? Este controlador de tama\u00f1o mini con base de \u03a6 de 50,4 mm de di\u00e1metro es ideal para iluminar carreteras, jardines, patios, parques, estacionamientos, f\u00e1bricas, almacenes, etc.<\/span><\/span><\/span><\/p><\/blockquote>\n<blockquote><p><strong>Adem\u00e1s, estas son algunas caracter\u00edsticas m\u00e1s significativas:<\/strong><\/p><\/blockquote>\n<blockquote><p>1-Modo de atenuaci\u00f3n con DALI2.0<\/p><\/blockquote>\n<blockquote><p>2-Y ajuste din\u00e1mico de la frecuencia de microondas para evitar interferencias mutuas durante una instalaci\u00f3n densa.<\/p><\/blockquote>\n<blockquote><p>3-\u00bfQuieres realizar la especificaci\u00f3n, entonces lee las instrucciones de la gu\u00eda del sensor zhaga de referencia JL-722B2A2?<\/p><\/blockquote>\n<\/div>","protected":false},"excerpt":{"rendered":"<p>1. Modelo del producto: JL-722B2A2<br \/>\n2. Regulaci\u00f3n: DALI 2.0<br \/>\n3. Certificado: CE, RoHS, D4i<br \/>\n4. Est\u00e1ndar de cumplimiento: zhaga book18<br \/>\n5. Tipo de sensor: detecci\u00f3n \u00f3ptica + detecci\u00f3n de microondas<br \/>\n6. APP Casambi para configurar diferentes par\u00e1metros<\/p>","protected":false},"featured_media":9015,"template":"","meta":{"_acf_changed":false,"_seopress_robots_primary_cat":"none","_seopress_titles_title":"","_seopress_titles_desc":"","_seopress_robots_index":""},"product_brand":[],"product_cat":[28,50,29],"product_tag":[],"class_list":{"0":"post-9003","1":"product","2":"type-product","3":"status-publish","4":"has-post-thumbnail","6":"product_cat-our-product","7":"product_cat-zhaga-sensor","8":"product_cat-zhaga-series","10":"first","11":"instock","12":"shipping-taxable","13":"product-type-simple"},"acf":[],"_links":{"self":[{"href":"https:\/\/long-join.com\/es\/wp-json\/wp\/v2\/product\/9003","targetHints":{"allow":["GET"]}}],"collection":[{"href":"https:\/\/long-join.com\/es\/wp-json\/wp\/v2\/product"}],"about":[{"href":"https:\/\/long-join.com\/es\/wp-json\/wp\/v2\/types\/product"}],"version-history":[{"count":2,"href":"https:\/\/long-join.com\/es\/wp-json\/wp\/v2\/product\/9003\/revisions"}],"predecessor-version":[{"id":11426,"href":"https:\/\/long-join.com\/es\/wp-json\/wp\/v2\/product\/9003\/revisions\/11426"}],"wp:featuredmedia":[{"embeddable":true,"href":"https:\/\/long-join.com\/es\/wp-json\/wp\/v2\/media\/9015"}],"wp:attachment":[{"href":"https:\/\/long-join.com\/es\/wp-json\/wp\/v2\/media?parent=9003"}],"wp:term":[{"taxonomy":"product_brand","embeddable":true,"href":"https:\/\/long-join.com\/es\/wp-json\/wp\/v2\/product_brand?post=9003"},{"taxonomy":"product_cat","embeddable":true,"href":"https:\/\/long-join.com\/es\/wp-json\/wp\/v2\/product_cat?post=9003"},{"taxonomy":"product_tag","embeddable":true,"href":"https:\/\/long-join.com\/es\/wp-json\/wp\/v2\/product_tag?post=9003"}],"curies":[{"name":"wp","href":"https:\/\/api.w.org\/{rel}","templated":true}]}}