{"id":8993,"date":"2024-08-16T13:00:45","date_gmt":"2024-08-16T05:00:45","guid":{"rendered":"https:\/\/long-join.com\/?post_type=product&#038;p=8993"},"modified":"2025-02-07T16:12:15","modified_gmt":"2025-02-07T08:12:15","slug":"libro18-dali2-0-jl-721a-serie-zhaga-sensor-longjoin","status":"publish","type":"product","link":"https:\/\/long-join.com\/es\/product\/book18-dali2-0-jl-721a-series-zhaga-sesnor-longjoin\/","title":{"rendered":"Libro 18 DALI2.0 Serie JL-721A Zhaga Sesnor LONGJOIN"},"content":{"rendered":"<blockquote><p>Atenuaci\u00f3n JL-721A con modo DALI 2.0, esta serie contiene 2 tipos, como JL-721A1, JL-721A2. Debe haber sensores fotosensibles incorporados para el sensor zhaga. y todo el control de luz mini es compatible con zhaga book18, y el dise\u00f1o de forma con material Dome es capaz de resistir los rayos UV y el impacto de objetos en el viento fuerte.<\/p><\/blockquote>\n<blockquote><p>\u00bfCu\u00e1l es la diferencia de rendimiento entre el JL-721A1 y el JL-721A2?<\/p><\/blockquote>\n<blockquote><p>Sus funcionalidades m\u00e1s importantes son: JL-721A1 sin medianoche, y JL-722A2 ahorran energ\u00eda configurando diferentes proporciones de consumo y una relaci\u00f3n de atenuaci\u00f3n autom\u00e1tica a medianoche, por lo que comienzan a funcionar los datos predeterminados de 10 horas del primer d\u00eda como fuente base, luego este controlador cuenta autom\u00e1ticamente la relaci\u00f3n de atenuaci\u00f3n y durante la relaci\u00f3n de atenuaci\u00f3n.<\/p><\/blockquote>","protected":false},"excerpt":{"rendered":"<p>1. Modelo del producto: JL-721A1\/JL-721A2<br \/>\n2. Salida de atenuaci\u00f3n: DALI2.0<br \/>\n3. Certificado: CE, RoHS<br \/>\n4. Est\u00e1ndar de cumplimiento: zhaga book18<br \/>\n5. Tipo de sensor: sensor \u00f3ptico<\/p>","protected":false},"featured_media":8998,"template":"","meta":{"_acf_changed":false,"_seopress_robots_primary_cat":"none","_seopress_titles_title":"","_seopress_titles_desc":"","_seopress_robots_index":""},"product_brand":[],"product_cat":[28,50,29],"product_tag":[],"class_list":{"0":"post-8993","1":"product","2":"type-product","3":"status-publish","4":"has-post-thumbnail","6":"product_cat-our-product","7":"product_cat-zhaga-sensor","8":"product_cat-zhaga-series","10":"first","11":"instock","12":"shipping-taxable","13":"product-type-simple"},"acf":[],"_links":{"self":[{"href":"https:\/\/long-join.com\/es\/wp-json\/wp\/v2\/product\/8993","targetHints":{"allow":["GET"]}}],"collection":[{"href":"https:\/\/long-join.com\/es\/wp-json\/wp\/v2\/product"}],"about":[{"href":"https:\/\/long-join.com\/es\/wp-json\/wp\/v2\/types\/product"}],"version-history":[{"count":3,"href":"https:\/\/long-join.com\/es\/wp-json\/wp\/v2\/product\/8993\/revisions"}],"predecessor-version":[{"id":11453,"href":"https:\/\/long-join.com\/es\/wp-json\/wp\/v2\/product\/8993\/revisions\/11453"}],"wp:featuredmedia":[{"embeddable":true,"href":"https:\/\/long-join.com\/es\/wp-json\/wp\/v2\/media\/8998"}],"wp:attachment":[{"href":"https:\/\/long-join.com\/es\/wp-json\/wp\/v2\/media?parent=8993"}],"wp:term":[{"taxonomy":"product_brand","embeddable":true,"href":"https:\/\/long-join.com\/es\/wp-json\/wp\/v2\/product_brand?post=8993"},{"taxonomy":"product_cat","embeddable":true,"href":"https:\/\/long-join.com\/es\/wp-json\/wp\/v2\/product_cat?post=8993"},{"taxonomy":"product_tag","embeddable":true,"href":"https:\/\/long-join.com\/es\/wp-json\/wp\/v2\/product_tag?post=8993"}],"curies":[{"name":"wp","href":"https:\/\/api.w.org\/{rel}","templated":true}]}}