{"id":8985,"date":"2024-08-15T17:58:16","date_gmt":"2024-08-15T09:58:16","guid":{"rendered":"https:\/\/long-join.com\/?post_type=product&#038;p=8985"},"modified":"2024-08-29T13:39:18","modified_gmt":"2024-08-29T05:39:18","slug":"sensor-zhaga-jl-712b2a2-con-atenuacion-de-0-a-10-v-comunicacion-de-malla-bluetooth-y-control-mediante-aplicacion-version-casambi","status":"publish","type":"product","link":"https:\/\/long-join.com\/es\/product\/0-10v-dimming-mode-zhaga-sensor-jl-712b2a2-bluetooth-mesh-communication-and-app-control-casambi-version\/","title":{"rendered":"Sensor Zhaga JL-712B2A2 con atenuaci\u00f3n de 0 a 10 V, comunicaci\u00f3n Bluetooth Mesh y control por aplicaci\u00f3n, versi\u00f3n Casambi"},"content":{"rendered":"<blockquote><p>JL-712B2A2 0-10v Dimmig y modo de sensor de luz + microondas, y puede configurar diferentes par\u00e1metros para una atm\u00f3sfera de gradiente de iluminaci\u00f3n real, como a trav\u00e9s del modo de ajuste de la aplicaci\u00f3n para controlar el brillo y se puede configurar por diferentes escenas.<\/p><\/blockquote>\n<blockquote><p><strong>Adem\u00e1s, estas son algunas caracter\u00edsticas m\u00e1s significativas:<\/strong><\/p><\/blockquote>\n<blockquote><p>1-Modo de atenuaci\u00f3n con 0-10V.<\/p><\/blockquote>\n<blockquote><p>2-Y ajuste din\u00e1mico de la frecuencia de microondas para evitar interferencias mutuas durante una instalaci\u00f3n densa.<\/p><\/blockquote>\n<blockquote><p>3-\u00bfQuieres realizar la especificaci\u00f3n, entonces lee las instrucciones de la gu\u00eda del sensor zhaga de referencia JL-712B2A2?<\/p><\/blockquote>","protected":false},"excerpt":{"rendered":"<p>1. Modelo del producto: JL-712B2A2<br \/>\n2. Salida de atenuaci\u00f3n: 0-10 V<br \/>\n3. Certificado: CE, RoHS<br \/>\n4. Est\u00e1ndar de cumplimiento: zhaga book18<br \/>\n5. Tipo de sensor: detecci\u00f3n \u00f3ptica + detecci\u00f3n de microondas<br \/>\n6. APP Casambi para configurar diferentes par\u00e1metros<\/p>","protected":false},"featured_media":8988,"template":"","meta":{"_acf_changed":false,"_seopress_robots_primary_cat":"none","_seopress_titles_title":"","_seopress_titles_desc":"","_seopress_robots_index":""},"product_brand":[],"product_cat":[28,50,29],"product_tag":[],"class_list":{"0":"post-8985","1":"product","2":"type-product","3":"status-publish","4":"has-post-thumbnail","6":"product_cat-our-product","7":"product_cat-zhaga-sensor","8":"product_cat-zhaga-series","10":"first","11":"instock","12":"shipping-taxable","13":"product-type-simple"},"acf":[],"_links":{"self":[{"href":"https:\/\/long-join.com\/es\/wp-json\/wp\/v2\/product\/8985","targetHints":{"allow":["GET"]}}],"collection":[{"href":"https:\/\/long-join.com\/es\/wp-json\/wp\/v2\/product"}],"about":[{"href":"https:\/\/long-join.com\/es\/wp-json\/wp\/v2\/types\/product"}],"version-history":[{"count":1,"href":"https:\/\/long-join.com\/es\/wp-json\/wp\/v2\/product\/8985\/revisions"}],"predecessor-version":[{"id":12702,"href":"https:\/\/long-join.com\/es\/wp-json\/wp\/v2\/product\/8985\/revisions\/12702"}],"wp:featuredmedia":[{"embeddable":true,"href":"https:\/\/long-join.com\/es\/wp-json\/wp\/v2\/media\/8988"}],"wp:attachment":[{"href":"https:\/\/long-join.com\/es\/wp-json\/wp\/v2\/media?parent=8985"}],"wp:term":[{"taxonomy":"product_brand","embeddable":true,"href":"https:\/\/long-join.com\/es\/wp-json\/wp\/v2\/product_brand?post=8985"},{"taxonomy":"product_cat","embeddable":true,"href":"https:\/\/long-join.com\/es\/wp-json\/wp\/v2\/product_cat?post=8985"},{"taxonomy":"product_tag","embeddable":true,"href":"https:\/\/long-join.com\/es\/wp-json\/wp\/v2\/product_tag?post=8985"}],"curies":[{"name":"wp","href":"https:\/\/api.w.org\/{rel}","templated":true}]}}