{"id":8976,"date":"2024-08-15T16:56:31","date_gmt":"2024-08-15T08:56:31","guid":{"rendered":"https:\/\/long-join.com\/?post_type=product&#038;p=8976"},"modified":"2025-02-13T16:43:48","modified_gmt":"2025-02-13T08:43:48","slug":"controlador-de-atenuacion-de-luz-unica-jl-471cc-lte-cat-1-con-carcasa-de-luz-incorporada-y-brillo-en-diferentes-etapas","status":"publish","type":"product","link":"https:\/\/long-join.com\/es\/product\/built-in-light-housing-jl-471cc-lte-cat-1-single-light-dimming-controller-and-different-stage-brightness\/","title":{"rendered":"Controlador de atenuaci\u00f3n de luz \u00fanica JL-471CC LTE Cat.1 con carcasa de luz incorporada y brillo de escenario diferente"},"content":{"rendered":"<blockquote><p>Controlador de luz \u00fanica inteligente Cat.1 incorporado JL-471CC El JL-471CC es un controlador de luz \u00fanica de tipo cableado incorporado desarrollado en base al modo de comunicaci\u00f3n 4G (LTE Cat. 1), que puede realizar control remoto, configuraci\u00f3n y monitoreo en tiempo real del estado operativo.<\/p><\/blockquote>\n<blockquote><p><strong>Caracter\u00edstica<\/strong><\/p><\/blockquote>\n<blockquote><p>*Esta fuente de alimentaci\u00f3n del controlador Voltaje nominal: 100-277 VCA; 50\/60 Hz<\/p><\/blockquote>\n<blockquote><p>* Si elige montar esta luminaria en cualquier lugar, tenga en cuenta esta \u00e1rea de cobertura inal\u00e1mbrica, para que elija una antena exterior que se ajuste mejor a los dispositivos.<\/p><\/blockquote>\n<blockquote><p>* T\u00e9cnica de cruce por cero<\/p><\/blockquote>\n<blockquote><p>* Protecci\u00f3n contra sobretensiones de 6KV\/3KA<\/p><\/blockquote>","protected":false},"excerpt":{"rendered":"<p>1. Modelo del producto: JL-471CC<br \/>\n2. Voltaje nominal: 100-277 VCA<br \/>\n3. Tama\u00f1o ultrapeque\u00f1o de 126 x 40 x 30 mm<br \/>\n4. Controlador de luz \u00fanica JL-471CC<br \/>\n5. El producto est\u00e1 pegado internamente con un nivel de protecci\u00f3n IP67.<\/p>","protected":false},"featured_media":8981,"template":"","meta":{"_acf_changed":false,"_seopress_robots_primary_cat":"none","_seopress_titles_title":"","_seopress_titles_desc":"","_seopress_robots_index":""},"product_brand":[],"product_cat":[28,59,55],"product_tag":[],"class_list":{"0":"post-8976","1":"product","2":"type-product","3":"status-publish","4":"has-post-thumbnail","6":"product_cat-our-product","7":"product_cat-smart-photocell-sensor","8":"product_cat-twist-lock-photocontrollers","10":"first","11":"instock","12":"shipping-taxable","13":"product-type-simple"},"acf":[],"_links":{"self":[{"href":"https:\/\/long-join.com\/es\/wp-json\/wp\/v2\/product\/8976","targetHints":{"allow":["GET"]}}],"collection":[{"href":"https:\/\/long-join.com\/es\/wp-json\/wp\/v2\/product"}],"about":[{"href":"https:\/\/long-join.com\/es\/wp-json\/wp\/v2\/types\/product"}],"version-history":[{"count":3,"href":"https:\/\/long-join.com\/es\/wp-json\/wp\/v2\/product\/8976\/revisions"}],"predecessor-version":[{"id":12703,"href":"https:\/\/long-join.com\/es\/wp-json\/wp\/v2\/product\/8976\/revisions\/12703"}],"wp:featuredmedia":[{"embeddable":true,"href":"https:\/\/long-join.com\/es\/wp-json\/wp\/v2\/media\/8981"}],"wp:attachment":[{"href":"https:\/\/long-join.com\/es\/wp-json\/wp\/v2\/media?parent=8976"}],"wp:term":[{"taxonomy":"product_brand","embeddable":true,"href":"https:\/\/long-join.com\/es\/wp-json\/wp\/v2\/product_brand?post=8976"},{"taxonomy":"product_cat","embeddable":true,"href":"https:\/\/long-join.com\/es\/wp-json\/wp\/v2\/product_cat?post=8976"},{"taxonomy":"product_tag","embeddable":true,"href":"https:\/\/long-join.com\/es\/wp-json\/wp\/v2\/product_tag?post=8976"}],"curies":[{"name":"wp","href":"https:\/\/api.w.org\/{rel}","templated":true}]}}