{"id":8963,"date":"2024-08-15T16:11:55","date_gmt":"2024-08-15T08:11:55","guid":{"rendered":"https:\/\/long-join.com\/?post_type=product&#038;p=8963"},"modified":"2025-02-06T17:03:32","modified_gmt":"2025-02-06T09:03:32","slug":"sensor-zhaga-jl-712g3l-modo-de-disparo-con-objeto-en-movimiento-y-atenuacion-de-0-a-10-v","status":"publish","type":"product","link":"https:\/\/long-join.com\/es\/product\/0-10v-dimming-object-moving-trigger-mode-zhaga-sensor-jl-712g3l\/","title":{"rendered":"Sensor Zhaga JL-712G3L con modo de disparo de objetos en movimiento y atenuaci\u00f3n de 0-10 V"},"content":{"rendered":"<blockquote><p>JL-712G3L 0-10V Atenuaci\u00f3n y modo de detecci\u00f3n de luz + microondas, y puede configurar diferentes par\u00e1metros para la atm\u00f3sfera de iluminaci\u00f3n real. Al mismo tiempo, se implementa en el sistema de gesti\u00f3n UM9900, luego puede controlar la distancia remota y la atenuaci\u00f3n de medianoche, y completar funciones importantes, como recopilaci\u00f3n de datos, configuraci\u00f3n remota, monitor meteorol\u00f3gico, etc.<\/p><\/blockquote>\n<blockquote><p>Adem\u00e1s, estas son algunas caracter\u00edsticas m\u00e1s significativas:<\/p><\/blockquote>\n<blockquote><p>Fuente de alimentaci\u00f3n de 1-12-24 V CC<\/p><\/blockquote>\n<blockquote><p>2-Y ajuste din\u00e1mico de la frecuencia de microondas para evitar interferencias mutuas durante una instalaci\u00f3n densa.<\/p><\/blockquote>\n<blockquote><p>3-\u00bfQuieres realizar la especificaci\u00f3n? Entonces lee las instrucciones de la gu\u00eda del sensor de referencia JL-712G3L zhaga.<\/p><\/blockquote>\n<p>Demostraci\u00f3n de una parte de la funci\u00f3n<\/p>\n<blockquote><p>Diagrama de conexi\u00f3n del sensor Zhaga JL-712G3L<\/p><\/blockquote>\n<p><img fetchpriority=\"high\" decoding=\"async\" class=\"wp-image-8966 size-full\" src=\"http:\/\/long-join.com\/wp-content\/uploads\/2024\/08\/JL-712G3L-zhaga-sensor-linkage-diagram.jpg\" alt=\"Diagrama de conexi\u00f3n del sensor Zhaga JL-712G3L\" width=\"931\" height=\"426\" srcset=\"https:\/\/long-join.com\/wp-content\/uploads\/2024\/08\/JL-712G3L-zhaga-sensor-linkage-diagram.jpg 931w, https:\/\/long-join.com\/wp-content\/uploads\/2024\/08\/JL-712G3L-zhaga-sensor-linkage-diagram-300x137.jpg 300w, https:\/\/long-join.com\/wp-content\/uploads\/2024\/08\/JL-712G3L-zhaga-sensor-linkage-diagram-768x351.jpg 768w, https:\/\/long-join.com\/wp-content\/uploads\/2024\/08\/JL-712G3L-zhaga-sensor-linkage-diagram-600x275.jpg 600w\" sizes=\"(max-width: 931px) 100vw, 931px\" \/><\/p>\n<p>Modo de trabajo en red<\/p>\n<p><img decoding=\"async\" class=\"alignnone wp-image-8969 size-full\" src=\"http:\/\/long-join.com\/wp-content\/uploads\/2024\/08\/JL-712G3L-zhaga-sensor.jpg\" alt=\"Sensor de presi\u00f3n JL-712G3L\" width=\"813\" height=\"526\" srcset=\"https:\/\/long-join.com\/wp-content\/uploads\/2024\/08\/JL-712G3L-zhaga-sensor.jpg 813w, https:\/\/long-join.com\/wp-content\/uploads\/2024\/08\/JL-712G3L-zhaga-sensor-300x194.jpg 300w, https:\/\/long-join.com\/wp-content\/uploads\/2024\/08\/JL-712G3L-zhaga-sensor-768x497.jpg 768w, https:\/\/long-join.com\/wp-content\/uploads\/2024\/08\/JL-712G3L-zhaga-sensor-600x388.jpg 600w\" sizes=\"(max-width: 813px) 100vw, 813px\" \/><\/p>","protected":false},"excerpt":{"rendered":"<p>1. Modelo del producto: JL-712G3L<br \/>\n2. Salida de atenuaci\u00f3n: 0-10 V<br \/>\n3. Certificado: CE, RoHS<br \/>\n4. Est\u00e1ndar de cumplimiento:zhaga book18<br \/>\n5. Tipo de sensor: sensor \u00f3ptico + movimiento de microondas<br \/>\n6. Distancia de enlace &lt;= 1 km<\/p>","protected":false},"featured_media":8970,"template":"","meta":{"_acf_changed":false,"_seopress_robots_primary_cat":"none","_seopress_titles_title":"","_seopress_titles_desc":"","_seopress_robots_index":""},"product_brand":[],"product_cat":[28,50,29],"product_tag":[],"class_list":{"0":"post-8963","1":"product","2":"type-product","3":"status-publish","4":"has-post-thumbnail","6":"product_cat-our-product","7":"product_cat-zhaga-sensor","8":"product_cat-zhaga-series","10":"first","11":"instock","12":"shipping-taxable","13":"product-type-simple"},"acf":[],"_links":{"self":[{"href":"https:\/\/long-join.com\/es\/wp-json\/wp\/v2\/product\/8963","targetHints":{"allow":["GET"]}}],"collection":[{"href":"https:\/\/long-join.com\/es\/wp-json\/wp\/v2\/product"}],"about":[{"href":"https:\/\/long-join.com\/es\/wp-json\/wp\/v2\/types\/product"}],"version-history":[{"count":7,"href":"https:\/\/long-join.com\/es\/wp-json\/wp\/v2\/product\/8963\/revisions"}],"predecessor-version":[{"id":11429,"href":"https:\/\/long-join.com\/es\/wp-json\/wp\/v2\/product\/8963\/revisions\/11429"}],"wp:featuredmedia":[{"embeddable":true,"href":"https:\/\/long-join.com\/es\/wp-json\/wp\/v2\/media\/8970"}],"wp:attachment":[{"href":"https:\/\/long-join.com\/es\/wp-json\/wp\/v2\/media?parent=8963"}],"wp:term":[{"taxonomy":"product_brand","embeddable":true,"href":"https:\/\/long-join.com\/es\/wp-json\/wp\/v2\/product_brand?post=8963"},{"taxonomy":"product_cat","embeddable":true,"href":"https:\/\/long-join.com\/es\/wp-json\/wp\/v2\/product_cat?post=8963"},{"taxonomy":"product_tag","embeddable":true,"href":"https:\/\/long-join.com\/es\/wp-json\/wp\/v2\/product_tag?post=8963"}],"curies":[{"name":"wp","href":"https:\/\/api.w.org\/{rel}","templated":true}]}}