{"id":8952,"date":"2024-08-15T15:24:20","date_gmt":"2024-08-15T07:24:20","guid":{"rendered":"https:\/\/long-join.com\/?post_type=product&#038;p=8952"},"modified":"2025-02-07T16:20:21","modified_gmt":"2025-02-07T08:20:21","slug":"farola-inalambrica-zhaga-jl-721np-con-atenuacion-dali2-0","status":"publish","type":"product","link":"https:\/\/long-join.com\/es\/product\/jl-721np-wireless-zhaga-street-light-dali2-0-dimming\/","title":{"rendered":"JL-721NP Luz de calle inal\u00e1mbrica Zhaga con atenuaci\u00f3n DALI2.0"},"content":{"rendered":"<blockquote><p>El JL-721NP es un equipo con NB-IOT y GPS compatible para localizar autom\u00e1ticamente la ubicaci\u00f3n geogr\u00e1fica del dispositivo. Adem\u00e1s, se aten\u00faa con DALI 2.0 y hay 3 modos que brindan un nivel de brillo responsivo, como el modo de entorno local como atenuaci\u00f3n est\u00e1ndar autom\u00e1tica. Modo de control en tiempo real mediante par\u00e1metros de configuraci\u00f3n del servidor remoto y mediante la transmisi\u00f3n de datos NB-IOT. El contenido principal de la gesti\u00f3n de la estrategia incluye control de tiempo (inicio, apagado) y atenuaci\u00f3n a medianoche. Si la comunicaci\u00f3n de este dispositivo es anormal, el JL-721NP cambiar\u00e1 autom\u00e1ticamente al modo de detecci\u00f3n de luz local, se encender\u00e1 autom\u00e1ticamente al anochecer y se encender\u00e1 al amanecer. En cuanto a la reducci\u00f3n de costos y riesgos, nuestro control inal\u00e1mbrico es adecuado para condiciones ambientales adversas. \u00bfPor qu\u00e9 encontramos un control de luz anormal? Como resultado de nuestro sensor zhaga con informes de carga de datos regularmente cada 10 minutos, por lo que hemos descubierto estas anomal\u00edas en este momento.<\/p><\/blockquote>\n<blockquote><p>Adem\u00e1s, estas son algunas caracter\u00edsticas m\u00e1s significativas:<\/p><\/blockquote>\n<blockquote><p>Fuente de alimentaci\u00f3n de 1-12-24 V CC<\/p><\/blockquote>\n<blockquote><p>2-Soporte de posicionamiento GPS<\/p><\/blockquote>\n<blockquote><p>Est\u00e1ndar de interfaz 3: zhaga-D4i<\/p><\/blockquote>\n<blockquote><p>4-\u00bfQuieres realizar la especificaci\u00f3n, entonces lee las instrucciones de la gu\u00eda del sensor de referencia JL-721NP zhaga.<\/p><\/blockquote>","protected":false},"excerpt":{"rendered":"<p>1. Modelo del producto: JL-721NP<br \/>\n2. Salida de atenuaci\u00f3n: Interfaz de atenuaci\u00f3n DALI<br \/>\n3. Certificado: CE, RoHS<br \/>\n4. Est\u00e1ndar de cumplimiento: zhaga book18<br \/>\n5. Tipo de sensor: sensor \u00f3ptico<\/p>\n<p>&nbsp;<\/p>","protected":false},"featured_media":8957,"template":"","meta":{"_acf_changed":false,"_seopress_robots_primary_cat":"none","_seopress_titles_title":"","_seopress_titles_desc":"","_seopress_robots_index":""},"product_brand":[],"product_cat":[28,50,29],"product_tag":[],"class_list":{"0":"post-8952","1":"product","2":"type-product","3":"status-publish","4":"has-post-thumbnail","6":"product_cat-our-product","7":"product_cat-zhaga-sensor","8":"product_cat-zhaga-series","10":"first","11":"instock","12":"shipping-taxable","13":"product-type-simple"},"acf":[],"_links":{"self":[{"href":"https:\/\/long-join.com\/es\/wp-json\/wp\/v2\/product\/8952","targetHints":{"allow":["GET"]}}],"collection":[{"href":"https:\/\/long-join.com\/es\/wp-json\/wp\/v2\/product"}],"about":[{"href":"https:\/\/long-join.com\/es\/wp-json\/wp\/v2\/types\/product"}],"version-history":[{"count":3,"href":"https:\/\/long-join.com\/es\/wp-json\/wp\/v2\/product\/8952\/revisions"}],"predecessor-version":[{"id":11454,"href":"https:\/\/long-join.com\/es\/wp-json\/wp\/v2\/product\/8952\/revisions\/11454"}],"wp:featuredmedia":[{"embeddable":true,"href":"https:\/\/long-join.com\/es\/wp-json\/wp\/v2\/media\/8957"}],"wp:attachment":[{"href":"https:\/\/long-join.com\/es\/wp-json\/wp\/v2\/media?parent=8952"}],"wp:term":[{"taxonomy":"product_brand","embeddable":true,"href":"https:\/\/long-join.com\/es\/wp-json\/wp\/v2\/product_brand?post=8952"},{"taxonomy":"product_cat","embeddable":true,"href":"https:\/\/long-join.com\/es\/wp-json\/wp\/v2\/product_cat?post=8952"},{"taxonomy":"product_tag","embeddable":true,"href":"https:\/\/long-join.com\/es\/wp-json\/wp\/v2\/product_tag?post=8952"}],"curies":[{"name":"wp","href":"https:\/\/api.w.org\/{rel}","templated":true}]}}