{"id":8941,"date":"2024-08-14T18:15:07","date_gmt":"2024-08-14T10:15:07","guid":{"rendered":"https:\/\/long-join.com\/?post_type=product&#038;p=8941"},"modified":"2025-11-05T17:20:10","modified_gmt":"2025-11-05T09:20:10","slug":"modo-de-disparo-de-objeto-en-movimiento-sensor-zhaga-jl-722a2h-libro-18","status":"publish","type":"product","link":"https:\/\/long-join.com\/es\/product\/object-moving-trigger-mode-zhaga-sensor-jl-722a2h-book18\/","title":{"rendered":"Sensor Zhaga JL-722A2H con modo de disparo de objetos en movimiento (Libro 18)"},"content":{"rendered":"<blockquote><p>JL-722A2H DALI Dimmig y modo de detecci\u00f3n de luz + microondas, y puede configurar diferentes par\u00e1metros para una atm\u00f3sfera de gradiente de iluminaci\u00f3n real, como completamente brillante, ligeramente brillante y remoto o ajustar el modo para controlar los tiempos de duraci\u00f3n del brillo.<\/p><\/blockquote>\n<blockquote><p>Adem\u00e1s, estas son algunas caracter\u00edsticas m\u00e1s significativas:<\/p><\/blockquote>\n<blockquote><p>1-Modo de regulaci\u00f3n con DALI 2.0.<\/p><\/blockquote>\n<blockquote><p>2-Y ajuste din\u00e1mico de la frecuencia de microondas para evitar interferencias mutuas durante una instalaci\u00f3n densa.<\/p><\/blockquote>\n<blockquote><p>3-\u00bfQuieres realizar la especificaci\u00f3n, entonces lee las instrucciones de la gu\u00eda del sensor zhaga de referencia JL-722A2H?<\/p><\/blockquote>\n<p>Parte 1: Demostraci\u00f3n de una parte de la funci\u00f3n y c\u00f3mo trabajar en el interior.<\/p>\n<figure id=\"attachment_8951\" aria-describedby=\"caption-attachment-8951\" style=\"width: 758px\" class=\"wp-caption alignnone\"><img fetchpriority=\"high\" decoding=\"async\" class=\"wp-image-8951 size-full\" title=\"Control zhaga con gatillo\" src=\"http:\/\/long-join.com\/wp-content\/uploads\/2024\/08\/zhaga-control-with-trigger.jpg\" alt=\"Control zhaga con gatillo\" width=\"758\" height=\"235\" srcset=\"https:\/\/long-join.com\/wp-content\/uploads\/2024\/08\/zhaga-control-with-trigger.jpg 758w, https:\/\/long-join.com\/wp-content\/uploads\/2024\/08\/zhaga-control-with-trigger-300x93.jpg 300w, https:\/\/long-join.com\/wp-content\/uploads\/2024\/08\/zhaga-control-with-trigger-600x186.jpg 600w\" sizes=\"(max-width: 758px) 100vw, 758px\" \/><figcaption id=\"caption-attachment-8951\" class=\"wp-caption-text\">Control de atenuaci\u00f3n de 12-24 V con disparador JL-722A2H<\/figcaption><\/figure>","protected":false},"excerpt":{"rendered":"<p>1. Modelo del producto: JL-722A2H<br \/>\n2. Salida de atenuaci\u00f3n: DALI2.0<br \/>\n3. Certificado: CE,RoHS,D4i,DAlI 2.0<br \/>\n4. Est\u00e1ndar de cumplimiento: zhaga book18<br \/>\n5. Tipo de sensor: sensor \u00f3ptico + movimiento de microondas<br \/>\n6. Control remoto por infrarrojos para configurar diferentes par\u00e1metros.<br \/>\n7. Visible light filtered photosensitive sensor<\/p>","protected":false},"featured_media":8945,"template":"","meta":{"_acf_changed":false,"_seopress_robots_primary_cat":"none","_seopress_titles_title":"","_seopress_titles_desc":"","_seopress_robots_index":""},"product_brand":[],"product_cat":[28,50,29],"product_tag":[],"class_list":{"0":"post-8941","1":"product","2":"type-product","3":"status-publish","4":"has-post-thumbnail","6":"product_cat-our-product","7":"product_cat-zhaga-sensor","8":"product_cat-zhaga-series","10":"first","11":"instock","12":"shipping-taxable","13":"product-type-simple"},"acf":[],"_links":{"self":[{"href":"https:\/\/long-join.com\/es\/wp-json\/wp\/v2\/product\/8941","targetHints":{"allow":["GET"]}}],"collection":[{"href":"https:\/\/long-join.com\/es\/wp-json\/wp\/v2\/product"}],"about":[{"href":"https:\/\/long-join.com\/es\/wp-json\/wp\/v2\/types\/product"}],"version-history":[{"count":5,"href":"https:\/\/long-join.com\/es\/wp-json\/wp\/v2\/product\/8941\/revisions"}],"predecessor-version":[{"id":16089,"href":"https:\/\/long-join.com\/es\/wp-json\/wp\/v2\/product\/8941\/revisions\/16089"}],"wp:featuredmedia":[{"embeddable":true,"href":"https:\/\/long-join.com\/es\/wp-json\/wp\/v2\/media\/8945"}],"wp:attachment":[{"href":"https:\/\/long-join.com\/es\/wp-json\/wp\/v2\/media?parent=8941"}],"wp:term":[{"taxonomy":"product_brand","embeddable":true,"href":"https:\/\/long-join.com\/es\/wp-json\/wp\/v2\/product_brand?post=8941"},{"taxonomy":"product_cat","embeddable":true,"href":"https:\/\/long-join.com\/es\/wp-json\/wp\/v2\/product_cat?post=8941"},{"taxonomy":"product_tag","embeddable":true,"href":"https:\/\/long-join.com\/es\/wp-json\/wp\/v2\/product_tag?post=8941"}],"curies":[{"name":"wp","href":"https:\/\/api.w.org\/{rel}","templated":true}]}}