{"id":8932,"date":"2024-08-14T17:50:49","date_gmt":"2024-08-14T09:50:49","guid":{"rendered":"https:\/\/long-join.com\/?post_type=product&#038;p=8932"},"modified":"2025-04-10T17:21:47","modified_gmt":"2025-04-10T09:21:47","slug":"controlador-book18-jl-712a2h-con-sensor-de-microondas-y-control-remoto-por-infrarrojos","status":"publish","type":"product","link":"https:\/\/long-join.com\/es\/product\/book18-controller-jl-712a2h-microwave-sensing-and-infrared-remote-control\/","title":{"rendered":"Controlador Book18 JL-712A2H Detecci\u00f3n por microondas y control remoto por infrarrojos"},"content":{"rendered":"<blockquote><p>El controlador de iluminaci\u00f3n JL-712A2H es un controlador de iluminaci\u00f3n inteligente de tipo pestillo, desarrollado con base en el est\u00e1ndar de interfaz Zhaga Book-18. Combina sensores de luz y microondas, emite se\u00f1ales de atenuaci\u00f3n de 0-10 V y admite control remoto por infrarrojos para la configuraci\u00f3n de par\u00e1metros. Este controlador es ideal para entornos de iluminaci\u00f3n como carreteras, jardines, patios, parques, estacionamientos, f\u00e1bricas, almacenes, etc.<\/p><\/blockquote>\n<blockquote><p>El funcionamiento del producto es el siguiente: al alcanzar la iluminaci\u00f3n, la l\u00e1mpara funciona con un brillo ligeramente intenso e inicia una cuenta regresiva de su duraci\u00f3n. En ese momento, si se detecta un objeto en movimiento, la l\u00e1mpara alcanza su brillo m\u00e1ximo. Si se detecta un objeto en movimiento y se aleja, comienza una cuenta regresiva de su duraci\u00f3n. Una vez finalizada la cuenta regresiva, la l\u00e1mpara vuelve al brillo ligeramente intenso e inicia una cuenta regresiva de su duraci\u00f3n. Al finalizar la cuenta regresiva o alcanzar la iluminaci\u00f3n, la l\u00e1mpara se apaga.<\/p><\/blockquote>\n<blockquote><p><strong>Caracter\u00edstica<\/strong><\/p><\/blockquote>\n<blockquote><p>* Fuente de alimentaci\u00f3n de 12-24 VCC, bajo consumo de energ\u00eda.<\/p><\/blockquote>\n<blockquote><p>* Est\u00e1ndar de interfaz Zhaga Book-18<\/p><\/blockquote>\n<blockquote><p>* Modo de atenuaci\u00f3n de 0-10 V<\/p><\/blockquote>\n<blockquote><p>* Ajuste din\u00e1mico de la frecuencia de microondas para evitar interferencias mutuas durante la instalaci\u00f3n densa.<\/p><\/blockquote>\n<blockquote><p>* \u03a6 50,4 * 35 mm de tama\u00f1o compacto, adecuado para la instalaci\u00f3n en varios accesorios de iluminaci\u00f3n<\/p><\/blockquote>\n<blockquote><p>* Sensibilidad a la luz + microondas, iluminaci\u00f3n a pedido, mayor eficiencia energ\u00e9tica.<\/p><\/blockquote>\n<blockquote><p>* Sensor fotosensible filtrado de luz visible<\/p><\/blockquote>\n<blockquote><p>* Microondas de alto rendimiento, con una altura de suspensi\u00f3n de 15 metros y un radio de inducci\u00f3n de \u226510 metros.<\/p><\/blockquote>\n<blockquote><p>* Control remoto por infrarrojos<\/p><\/blockquote>\n<blockquote><p>* IP66<\/p><\/blockquote>\n<blockquote><p><strong>Mando a distancia por infrarrojos<\/strong><\/p><\/blockquote>\n<p><img fetchpriority=\"high\" decoding=\"async\" class=\"alignnone wp-image-12876\" src=\"http:\/\/long-join.com\/wp-content\/uploads\/2024\/08\/JL-712A2H-zhaga-sensor02.png\" alt=\"\" width=\"368\" height=\"879\" srcset=\"https:\/\/long-join.com\/wp-content\/uploads\/2024\/08\/JL-712A2H-zhaga-sensor02.png 462w, https:\/\/long-join.com\/wp-content\/uploads\/2024\/08\/JL-712A2H-zhaga-sensor02-126x300.png 126w, https:\/\/long-join.com\/wp-content\/uploads\/2024\/08\/JL-712A2H-zhaga-sensor02-429x1024.png 429w\" sizes=\"(max-width: 368px) 100vw, 368px\" \/><\/p>\n<blockquote><p><strong>Introduzca esta definici\u00f3n de funci\u00f3n<\/strong><\/p><\/blockquote>\n<p><img decoding=\"async\" class=\"alignnone wp-image-12864\" src=\"http:\/\/long-join.com\/wp-content\/uploads\/2024\/08\/JL-712A2H-zhaga-sensor01.png\" alt=\"\" width=\"664\" height=\"774\" srcset=\"https:\/\/long-join.com\/wp-content\/uploads\/2024\/08\/JL-712A2H-zhaga-sensor01.png 1210w, https:\/\/long-join.com\/wp-content\/uploads\/2024\/08\/JL-712A2H-zhaga-sensor01-257x300.png 257w, https:\/\/long-join.com\/wp-content\/uploads\/2024\/08\/JL-712A2H-zhaga-sensor01-879x1024.png 879w, https:\/\/long-join.com\/wp-content\/uploads\/2024\/08\/JL-712A2H-zhaga-sensor01-768x895.png 768w, https:\/\/long-join.com\/wp-content\/uploads\/2024\/08\/JL-712A2H-zhaga-sensor01-600x699.png 600w\" sizes=\"(max-width: 664px) 100vw, 664px\" \/><\/p>\n<p><img decoding=\"async\" class=\"alignnone wp-image-12857 size-full\" src=\"http:\/\/long-join.com\/wp-content\/uploads\/2024\/08\/JL-712A2H-zhaga-sensor-3.png\" alt=\"\" width=\"673\" height=\"306\" srcset=\"https:\/\/long-join.com\/wp-content\/uploads\/2024\/08\/JL-712A2H-zhaga-sensor-3.png 673w, https:\/\/long-join.com\/wp-content\/uploads\/2024\/08\/JL-712A2H-zhaga-sensor-3-300x136.png 300w, https:\/\/long-join.com\/wp-content\/uploads\/2024\/08\/JL-712A2H-zhaga-sensor-3-600x273.png 600w\" sizes=\"(max-width: 673px) 100vw, 673px\" \/><br \/>\n<img loading=\"lazy\" decoding=\"async\" class=\"alignnone wp-image-12856 size-full\" src=\"http:\/\/long-join.com\/wp-content\/uploads\/2024\/08\/JL-712A2H-zhaga-sensor-2.png\" alt=\"\" width=\"670\" height=\"512\" srcset=\"https:\/\/long-join.com\/wp-content\/uploads\/2024\/08\/JL-712A2H-zhaga-sensor-2.png 670w, https:\/\/long-join.com\/wp-content\/uploads\/2024\/08\/JL-712A2H-zhaga-sensor-2-300x229.png 300w, https:\/\/long-join.com\/wp-content\/uploads\/2024\/08\/JL-712A2H-zhaga-sensor-2-600x459.png 600w\" sizes=\"(max-width: 670px) 100vw, 670px\" \/><\/p>\n<p><img loading=\"lazy\" decoding=\"async\" class=\"alignnone wp-image-12868\" src=\"http:\/\/long-join.com\/wp-content\/uploads\/2024\/08\/JL-712A2H-zhaga-01.png\" alt=\"\" width=\"683\" height=\"515\" srcset=\"https:\/\/long-join.com\/wp-content\/uploads\/2024\/08\/JL-712A2H-zhaga-01.png 694w, https:\/\/long-join.com\/wp-content\/uploads\/2024\/08\/JL-712A2H-zhaga-01-300x227.png 300w, https:\/\/long-join.com\/wp-content\/uploads\/2024\/08\/JL-712A2H-zhaga-01-600x453.png 600w\" sizes=\"(max-width: 683px) 100vw, 683px\" \/><\/p>\n<blockquote><p>Nota: El control remoto por infrarrojos controla una distancia de aproximadamente 20 metros, un \u00e1ngulo de aproximadamente \u00b1 45 \u00b0 y la pantalla tiene funci\u00f3n de retroiluminaci\u00f3n.<\/p><\/blockquote>\n<blockquote><p><strong>Instrucciones generales de funcionamiento:<\/strong><\/p><\/blockquote>\n<p><img loading=\"lazy\" decoding=\"async\" class=\"alignnone wp-image-12858\" src=\"http:\/\/long-join.com\/wp-content\/uploads\/2024\/08\/JL-712A2H-zhaga-sensor-4.png\" alt=\"\" width=\"686\" height=\"557\" srcset=\"https:\/\/long-join.com\/wp-content\/uploads\/2024\/08\/JL-712A2H-zhaga-sensor-4.png 906w, https:\/\/long-join.com\/wp-content\/uploads\/2024\/08\/JL-712A2H-zhaga-sensor-4-300x243.png 300w, https:\/\/long-join.com\/wp-content\/uploads\/2024\/08\/JL-712A2H-zhaga-sensor-4-768x623.png 768w, https:\/\/long-join.com\/wp-content\/uploads\/2024\/08\/JL-712A2H-zhaga-sensor-4-600x487.png 600w\" sizes=\"(max-width: 686px) 100vw, 686px\" \/><\/p>\n<p><img loading=\"lazy\" decoding=\"async\" class=\"alignnone wp-image-12847\" src=\"http:\/\/long-join.com\/wp-content\/uploads\/2024\/08\/JL-712A2H-zhaga-sensor-5.png\" alt=\"\" width=\"689\" height=\"422\" srcset=\"https:\/\/long-join.com\/wp-content\/uploads\/2024\/08\/JL-712A2H-zhaga-sensor-5.png 923w, https:\/\/long-join.com\/wp-content\/uploads\/2024\/08\/JL-712A2H-zhaga-sensor-5-300x184.png 300w, https:\/\/long-join.com\/wp-content\/uploads\/2024\/08\/JL-712A2H-zhaga-sensor-5-768x470.png 768w, https:\/\/long-join.com\/wp-content\/uploads\/2024\/08\/JL-712A2H-zhaga-sensor-5-600x367.png 600w\" sizes=\"(max-width: 689px) 100vw, 689px\" \/><\/p>\n<p><img loading=\"lazy\" decoding=\"async\" class=\"alignnone wp-image-12848\" src=\"http:\/\/long-join.com\/wp-content\/uploads\/2024\/08\/JL-712A2H-zhaga-sensor-6.png\" alt=\"\" width=\"691\" height=\"336\" srcset=\"https:\/\/long-join.com\/wp-content\/uploads\/2024\/08\/JL-712A2H-zhaga-sensor-6.png 915w, https:\/\/long-join.com\/wp-content\/uploads\/2024\/08\/JL-712A2H-zhaga-sensor-6-300x146.png 300w, https:\/\/long-join.com\/wp-content\/uploads\/2024\/08\/JL-712A2H-zhaga-sensor-6-768x374.png 768w, https:\/\/long-join.com\/wp-content\/uploads\/2024\/08\/JL-712A2H-zhaga-sensor-6-600x292.png 600w\" sizes=\"(max-width: 691px) 100vw, 691px\" \/><\/p>\n<p><img loading=\"lazy\" decoding=\"async\" class=\"alignnone wp-image-12870 size-full\" src=\"http:\/\/long-join.com\/wp-content\/uploads\/2024\/08\/JL-712A2H-zhaga-.png\" alt=\"\" width=\"687\" height=\"248\" srcset=\"https:\/\/long-join.com\/wp-content\/uploads\/2024\/08\/JL-712A2H-zhaga-.png 687w, https:\/\/long-join.com\/wp-content\/uploads\/2024\/08\/JL-712A2H-zhaga--300x108.png 300w, https:\/\/long-join.com\/wp-content\/uploads\/2024\/08\/JL-712A2H-zhaga--600x217.png 600w\" sizes=\"(max-width: 687px) 100vw, 687px\" \/><\/p>\n<p><img loading=\"lazy\" decoding=\"async\" class=\"alignnone wp-image-12878 size-full\" src=\"http:\/\/long-join.com\/wp-content\/uploads\/2024\/08\/JL-712A2H-zhaga-sensor-13.png\" alt=\"\" width=\"597\" height=\"412\" srcset=\"https:\/\/long-join.com\/wp-content\/uploads\/2024\/08\/JL-712A2H-zhaga-sensor-13.png 597w, https:\/\/long-join.com\/wp-content\/uploads\/2024\/08\/JL-712A2H-zhaga-sensor-13-300x207.png 300w\" sizes=\"(max-width: 597px) 100vw, 597px\" \/><\/p>\n<blockquote><p><strong>Definici\u00f3n de 4 PIN<\/strong><\/p><\/blockquote>\n<p>&nbsp;<\/p>\n<table border=\"1\" cellspacing=\"0\" cellpadding=\"0\">\n<tbody>\n<tr>\n<td width=\"189\">\n<p align=\"center\">Art\u00edculo<\/p>\n<\/td>\n<td width=\"189\">\n<p align=\"center\">Definici\u00f3n<\/p>\n<\/td>\n<td width=\"189\">\n<p align=\"center\">Tipo<\/p>\n<\/td>\n<\/tr>\n<tr>\n<td width=\"189\">\n<p align=\"center\">1<\/p>\n<\/td>\n<td width=\"189\">\n<p align=\"center\">12-24 VCC<\/p>\n<\/td>\n<td width=\"189\">\n<p align=\"center\">entrada de potencia<\/p>\n<\/td>\n<\/tr>\n<tr>\n<td width=\"189\">\n<p align=\"center\">2<\/p>\n<\/td>\n<td width=\"189\">\n<p align=\"center\">GND \/ DIM-<\/p>\n<\/td>\n<td width=\"189\">\n<p align=\"center\">entrada de potencia<\/p>\n<\/td>\n<\/tr>\n<tr>\n<td width=\"189\">\n<p align=\"center\">3<\/p>\n<\/td>\n<td width=\"189\">\n<p align=\"center\">CAROLINA DEL NORTE<\/p>\n<\/td>\n<td width=\"189\">\n<p align=\"center\">Salida de se\u00f1al<\/p>\n<\/td>\n<\/tr>\n<tr>\n<td width=\"189\">\n<p align=\"center\">4<\/p>\n<\/td>\n<td width=\"189\">\n<p align=\"center\">DIM+ (0-10+)<\/p>\n<\/td>\n<td width=\"189\">\n<p align=\"center\">Salida de se\u00f1al<\/p>\n<\/td>\n<\/tr>\n<\/tbody>\n<\/table>\n<p>Nota: Tanto el # 3 como el # 4 emiten simult\u00e1neamente electrodos positivos de atenuaci\u00f3n. Al cablear el z\u00f3calo, se puede conectar uno de ellos al controlador o ambos simult\u00e1neamente. Si no se conectan, se recomienda usar un revestimiento aislante.<strong> A continuaci\u00f3n se muestra la imagen del tama\u00f1o del producto.<\/strong><\/p>\n<blockquote><p><strong>Diagrama de cableado<\/strong><\/p><\/blockquote>\n<p>&nbsp;<\/p>\n<p><img loading=\"lazy\" decoding=\"async\" class=\"alignnone wp-image-12850\" src=\"http:\/\/long-join.com\/wp-content\/uploads\/2024\/08\/JL-712A2H-zhaga-sensor-8.png\" alt=\"\" width=\"685\" height=\"480\" srcset=\"https:\/\/long-join.com\/wp-content\/uploads\/2024\/08\/JL-712A2H-zhaga-sensor-8.png 884w, https:\/\/long-join.com\/wp-content\/uploads\/2024\/08\/JL-712A2H-zhaga-sensor-8-300x210.png 300w, https:\/\/long-join.com\/wp-content\/uploads\/2024\/08\/JL-712A2H-zhaga-sensor-8-768x538.png 768w, https:\/\/long-join.com\/wp-content\/uploads\/2024\/08\/JL-712A2H-zhaga-sensor-8-600x420.png 600w\" sizes=\"(max-width: 685px) 100vw, 685px\" \/><\/p>\n<blockquote><p><strong>Diagrama de instalaci\u00f3n<\/strong><\/p><\/blockquote>\n<blockquote><p>La interfaz del producto en s\u00ed tiene un dise\u00f1o infalible, la instalaci\u00f3n solo necesita apretar el controlador directamente a la base giratoria, como se muestra en la Figura en el sentido de las agujas del reloj despu\u00e9s de la inserci\u00f3n.<\/p><\/blockquote>\n<p><img loading=\"lazy\" decoding=\"async\" class=\"alignnone wp-image-12851\" src=\"http:\/\/long-join.com\/wp-content\/uploads\/2024\/08\/JL-712A2H-zhaga-sensor-9.png\" alt=\"\" width=\"613\" height=\"457\" srcset=\"https:\/\/long-join.com\/wp-content\/uploads\/2024\/08\/JL-712A2H-zhaga-sensor-9.png 936w, https:\/\/long-join.com\/wp-content\/uploads\/2024\/08\/JL-712A2H-zhaga-sensor-9-300x224.png 300w, https:\/\/long-join.com\/wp-content\/uploads\/2024\/08\/JL-712A2H-zhaga-sensor-9-768x573.png 768w, https:\/\/long-join.com\/wp-content\/uploads\/2024\/08\/JL-712A2H-zhaga-sensor-9-600x447.png 600w\" sizes=\"(max-width: 613px) 100vw, 613px\" \/><\/p>\n<blockquote><p><strong>Selecci\u00f3n de socket recomendada<\/strong><\/p><\/blockquote>\n<p><img loading=\"lazy\" decoding=\"async\" class=\"alignnone wp-image-12852 size-full\" src=\"http:\/\/long-join.com\/wp-content\/uploads\/2024\/08\/JL-712A2H-zhaga-sensor-10.png\" alt=\"\" width=\"671\" height=\"627\" srcset=\"https:\/\/long-join.com\/wp-content\/uploads\/2024\/08\/JL-712A2H-zhaga-sensor-10.png 671w, https:\/\/long-join.com\/wp-content\/uploads\/2024\/08\/JL-712A2H-zhaga-sensor-10-300x280.png 300w, https:\/\/long-join.com\/wp-content\/uploads\/2024\/08\/JL-712A2H-zhaga-sensor-10-600x561.png 600w\" sizes=\"(max-width: 671px) 100vw, 671px\" \/><\/p>\n<blockquote><p><strong>Precauciones<\/strong><\/p><\/blockquote>\n<blockquote><p>1. Si el polo negativo de la fuente de alimentaci\u00f3n auxiliar del controlador est\u00e1 separado del polo negativo de la interfaz de atenuaci\u00f3n, es necesario cortocircuitarlos y conectarlos al controlador de luz # 2.<\/p><\/blockquote>\n<blockquote><p>2. Este producto se utiliza principalmente para l\u00e1mparas LED, l\u00e1mparas de filamento de tungsteno y otras l\u00e1mparas con un amplio espectro que pueden apagarse nuevamente despu\u00e9s de encender la luz.<\/p><\/blockquote>\n<blockquote><p>3. Dado que el controlador de iluminaci\u00f3n ZHAGA no puede cortar la alimentaci\u00f3n de CA del controlador, el cliente debe seleccionar un controlador con una corriente de salida cercana a 0 mA al usarlo. De lo contrario, la l\u00e1mpara podr\u00eda no apagarse por completo. Como se muestra en la curva de corriente de salida de la especificaci\u00f3n del controlador, la corriente de salida m\u00e1s baja est\u00e1 cerca de 0 mA.<\/p><\/blockquote>\n<p><img loading=\"lazy\" decoding=\"async\" class=\"alignnone wp-image-12853 size-full\" src=\"http:\/\/long-join.com\/wp-content\/uploads\/2024\/08\/JL-712A2H-zhaga-sensor-11.png\" alt=\"\" width=\"574\" height=\"316\" srcset=\"https:\/\/long-join.com\/wp-content\/uploads\/2024\/08\/JL-712A2H-zhaga-sensor-11.png 574w, https:\/\/long-join.com\/wp-content\/uploads\/2024\/08\/JL-712A2H-zhaga-sensor-11-300x165.png 300w\" sizes=\"(max-width: 574px) 100vw, 574px\" \/><\/p>\n<blockquote><p>4. El controlador de luz solo emite una se\u00f1al de atenuaci\u00f3n al controlador, independientemente de la carga de energ\u00eda del controlador y la fuente de luz.<\/p><\/blockquote>\n<blockquote><p>5. Al realizar la prueba, no utilice los dedos para bloquear la ventana fotosensible, ya que los espacios entre los dedos podr\u00edan atravesarla y provocar que la luz no se encienda.<\/p><\/blockquote>\n<blockquote><p>6. Despu\u00e9s de la inicializaci\u00f3n de encendido, si se cumplen las condiciones de iluminaci\u00f3n y activaci\u00f3n por movimiento, la luz se encender\u00e1 directamente en 100% y no es obligatorio ingresar primero al nivel de atenuaci\u00f3n de espera.<\/p><\/blockquote>\n<blockquote><p>7. No debe haber objetos met\u00e1licos que obstruyan el \u00e1ngulo de radiaci\u00f3n de inducci\u00f3n de microondas, de lo contrario reducir\u00e1 gravemente el rendimiento de inducci\u00f3n.<\/p><\/blockquote>\n<blockquote><p>8. Si se utiliza en escenas al aire libre, la lluvia y el balanceo de los \u00e1rboles pueden encender la luz por error.<\/p><\/blockquote>\n<blockquote><p>9. Evite la instalaci\u00f3n colgada para evitar que el producto se mueva y encienda la luz por error.<\/p><\/blockquote>\n<blockquote><p>10. El rendimiento de detecci\u00f3n se ver\u00e1 afectado por el entorno de instalaci\u00f3n, las luminarias, el tama\u00f1o y la velocidad del probador, y el rango de detecci\u00f3n puede variar.<\/p><\/blockquote>\n<blockquote><p>11. Los controles remotos infrarrojos se ven f\u00e1cilmente afectados por la luz solar, por lo que cuando se utilizan al aire libre durante el d\u00eda, la distancia del control remoto y otros rendimientos pueden verse reducidos.<\/p><\/blockquote>\n<blockquote><p>12. El tiempo de precalentamiento del microondas es de 5 segundos, lo que significa que la se\u00f1al de detecci\u00f3n de movimiento solo se puede activar despu\u00e9s de que el m\u00f3dulo de microondas est\u00e9 encendido durante 5 segundos.<\/p><\/blockquote>","protected":false},"excerpt":{"rendered":"<p>1. Modelo del producto: JL-712A2H<br \/>\n2. Salida de atenuaci\u00f3n: Interfaz de atenuaci\u00f3n de 0 a 10 V<br \/>\n3. Certificado: CE, RoHS<br \/>\n4. Est\u00e1ndar de cumplimiento: zhaga book18<br \/>\n5. Tipo de sensor: sensor \u00f3ptico + movimiento de microondas<br \/>\n6. Control remoto por infrarrojos para configurar diferentes par\u00e1metros.<\/p>","protected":false},"featured_media":8937,"template":"","meta":{"_acf_changed":false,"_seopress_robots_primary_cat":"none","_seopress_titles_title":"","_seopress_titles_desc":"","_seopress_robots_index":""},"product_brand":[],"product_cat":[28,50,29],"product_tag":[],"class_list":{"0":"post-8932","1":"product","2":"type-product","3":"status-publish","4":"has-post-thumbnail","6":"product_cat-our-product","7":"product_cat-zhaga-sensor","8":"product_cat-zhaga-series","10":"first","11":"instock","12":"shipping-taxable","13":"product-type-simple"},"acf":[],"_links":{"self":[{"href":"https:\/\/long-join.com\/es\/wp-json\/wp\/v2\/product\/8932","targetHints":{"allow":["GET"]}}],"collection":[{"href":"https:\/\/long-join.com\/es\/wp-json\/wp\/v2\/product"}],"about":[{"href":"https:\/\/long-join.com\/es\/wp-json\/wp\/v2\/types\/product"}],"version-history":[{"count":19,"href":"https:\/\/long-join.com\/es\/wp-json\/wp\/v2\/product\/8932\/revisions"}],"predecessor-version":[{"id":12897,"href":"https:\/\/long-join.com\/es\/wp-json\/wp\/v2\/product\/8932\/revisions\/12897"}],"wp:featuredmedia":[{"embeddable":true,"href":"https:\/\/long-join.com\/es\/wp-json\/wp\/v2\/media\/8937"}],"wp:attachment":[{"href":"https:\/\/long-join.com\/es\/wp-json\/wp\/v2\/media?parent=8932"}],"wp:term":[{"taxonomy":"product_brand","embeddable":true,"href":"https:\/\/long-join.com\/es\/wp-json\/wp\/v2\/product_brand?post=8932"},{"taxonomy":"product_cat","embeddable":true,"href":"https:\/\/long-join.com\/es\/wp-json\/wp\/v2\/product_cat?post=8932"},{"taxonomy":"product_tag","embeddable":true,"href":"https:\/\/long-join.com\/es\/wp-json\/wp\/v2\/product_tag?post=8932"}],"curies":[{"name":"wp","href":"https:\/\/api.w.org\/{rel}","templated":true}]}}