{"id":8920,"date":"2024-08-14T17:15:28","date_gmt":"2024-08-14T09:15:28","guid":{"rendered":"https:\/\/long-join.com\/?post_type=product&#038;p=8920"},"modified":"2025-02-06T16:51:10","modified_gmt":"2025-02-06T08:51:10","slug":"sensor-zhaga-book18-jl-712b2-con-comunicacion-bluetooth-en-malla-y-control-mediante-aplicacion","status":"publish","type":"product","link":"https:\/\/long-join.com\/es\/product\/book18-zhaga-sensor-jl-712b2-bluetooth-mesh-communication-and-app-control\/","title":{"rendered":"Sensor Zhaga Book18 JL-712B2 con comunicaci\u00f3n Bluetooth en malla y control por aplicaci\u00f3n"},"content":{"rendered":"<blockquote><p>JL-712B2 0-10v Atenuaci\u00f3n y modo de detecci\u00f3n de luz + microondas, y puede configurar diferentes par\u00e1metros para una atm\u00f3sfera de gradiente de iluminaci\u00f3n real, como completamente brillante, ligeramente brillante y remoto o mediante el modo de ajuste de la aplicaci\u00f3n para controlar los tiempos de duraci\u00f3n del brillo.<\/p><\/blockquote>\n<blockquote><p>Adem\u00e1s, estas son algunas caracter\u00edsticas m\u00e1s significativas:<\/p><\/blockquote>\n<blockquote><p>1-Modo de atenuaci\u00f3n con 0-10V.<\/p><\/blockquote>\n<blockquote><p>2-Y ajuste din\u00e1mico de la frecuencia de microondas para evitar interferencias mutuas durante una instalaci\u00f3n densa.<\/p><\/blockquote>\n<blockquote><p>3-\u00bfQuieres realizar la especificaci\u00f3n, entonces lee las instrucciones de la gu\u00eda del sensor zhaga de referencia JL-712B2?<\/p><\/blockquote>","protected":false},"excerpt":{"rendered":"<p>1. Modelo del producto: JL-712B2<br \/>\n2. Salida de atenuaci\u00f3n: Interfaz de atenuaci\u00f3n de 0 a 10 V<br \/>\n3. Certificado: CE, RoHS<br \/>\n4. Est\u00e1ndar de cumplimiento: zhaga book18<br \/>\n5. Tipo de sensor: sensor \u00f3ptico + movimiento de microondas + aplicaci\u00f3n<br \/>\n6. Control remoto inal\u00e1mbrico de la aplicaci\u00f3n: red de comunicaci\u00f3n de malla Bluetooth<\/p>","protected":false},"featured_media":8925,"template":"","meta":{"_acf_changed":false,"_seopress_robots_primary_cat":"none","_seopress_titles_title":"","_seopress_titles_desc":"","_seopress_robots_index":""},"product_brand":[],"product_cat":[28,50,29],"product_tag":[],"class_list":{"0":"post-8920","1":"product","2":"type-product","3":"status-publish","4":"has-post-thumbnail","6":"product_cat-our-product","7":"product_cat-zhaga-sensor","8":"product_cat-zhaga-series","10":"first","11":"instock","12":"shipping-taxable","13":"product-type-simple"},"acf":[],"_links":{"self":[{"href":"https:\/\/long-join.com\/es\/wp-json\/wp\/v2\/product\/8920","targetHints":{"allow":["GET"]}}],"collection":[{"href":"https:\/\/long-join.com\/es\/wp-json\/wp\/v2\/product"}],"about":[{"href":"https:\/\/long-join.com\/es\/wp-json\/wp\/v2\/types\/product"}],"version-history":[{"count":1,"href":"https:\/\/long-join.com\/es\/wp-json\/wp\/v2\/product\/8920\/revisions"}],"predecessor-version":[{"id":11428,"href":"https:\/\/long-join.com\/es\/wp-json\/wp\/v2\/product\/8920\/revisions\/11428"}],"wp:featuredmedia":[{"embeddable":true,"href":"https:\/\/long-join.com\/es\/wp-json\/wp\/v2\/media\/8925"}],"wp:attachment":[{"href":"https:\/\/long-join.com\/es\/wp-json\/wp\/v2\/media?parent=8920"}],"wp:term":[{"taxonomy":"product_brand","embeddable":true,"href":"https:\/\/long-join.com\/es\/wp-json\/wp\/v2\/product_brand?post=8920"},{"taxonomy":"product_cat","embeddable":true,"href":"https:\/\/long-join.com\/es\/wp-json\/wp\/v2\/product_cat?post=8920"},{"taxonomy":"product_tag","embeddable":true,"href":"https:\/\/long-join.com\/es\/wp-json\/wp\/v2\/product_tag?post=8920"}],"curies":[{"name":"wp","href":"https:\/\/api.w.org\/{rel}","templated":true}]}}