{"id":8910,"date":"2024-08-13T18:23:41","date_gmt":"2024-08-13T10:23:41","guid":{"rendered":"https:\/\/long-join.com\/?post_type=product&#038;p=8910"},"modified":"2025-02-13T17:46:46","modified_gmt":"2025-02-13T09:46:46","slug":"conector-de-llave-a-de-la-marca-z10-de-union-larga-jl-700m-k4-con-placa-adaptadora","status":"publish","type":"product","link":"https:\/\/long-join.com\/es\/product\/long-join-brand-z10-key-a-receptacle-jl-700m-k4-with-adapter-plate\/","title":{"rendered":"Recept\u00e1culo de llave A Z10 de marca LONG-JOIN JL-700M-k4 con placa adaptadora"},"content":{"rendered":"<blockquote><p>El sistema de conector tipo americano z10 Key A se divide en varias partes, como la tapa, el recept\u00e1culo y el m\u00f3dulo de extensi\u00f3n de la l\u00e1mpara (por ejemplo, la base de control Zhaga con di\u00e1metros de \u03a640 y 80 mm). En general, los productos de la serie z10 Key A ofrecen una interfaz est\u00e1ndar que conecta Illuminate con los futuros m\u00f3dulos de control inteligentes Zhaga. Adem\u00e1s, son compatibles con el est\u00e1ndar Zhaga-d4i, por lo que tambi\u00e9n se utilizan como base com\u00fan para la transmisi\u00f3n de datos, el monitoreo meteorol\u00f3gico y la integraci\u00f3n de otros m\u00f3dulos t\u00e9cnicos avanzados.<\/p><\/blockquote>\n<blockquote><p>El sitio web long-join.com ofrece la versi\u00f3n JL-700M z10 Key A, compatible con los requisitos de la regi\u00f3n americana. Adem\u00e1s, ofrece una soluci\u00f3n r\u00e1pida para dispositivos instalados y compensa la desventaja del tama\u00f1o del orificio de instalaci\u00f3n NEMA. A diferencia de la placa de aluminio de las nuevas piezas de fijaci\u00f3n JL-700M y JL-700Mk4, esta placa es equivalente a un recept\u00e1culo de tama\u00f1o NEMA de aproximadamente 36,5-37,5 mm. Por lo tanto, no deber\u00eda ser necesario da\u00f1ar la base del dispositivo (tama\u00f1o del orificio NEMA).<\/p><\/blockquote>\n<blockquote><p>Definici\u00f3n del color del cable:<\/p><\/blockquote>\n<blockquote><p>Puerto 1 (rojo), 24C<\/p><\/blockquote>\n<blockquote><p>Puerto 2 (negro), 0-10 V-\/GND<\/p><\/blockquote>\n<blockquote><p>Puerto 3 (violeta), 0-10 V+<\/p><\/blockquote>\n<blockquote><p>Puerto 4 (amarillo), E\/S general<\/p><\/blockquote>","protected":false},"excerpt":{"rendered":"<p>1-Conectable en caliente<br \/>\n2-Tama\u00f1o compacto que permite una mayor flexibilidad en el dise\u00f1o de la luminaria;<br \/>\n3-Posici\u00f3n de instalaci\u00f3n flexible, por ejemplo, parte superior\/inferior\/lateral de la l\u00e1mpara.<br \/>\nRecept\u00e1culo tipo 4 cerraduras<br \/>\n5-Disponibles m\u00f3dulos de extensi\u00f3n de sujeci\u00f3n:\u00f840, \u00f880mm.<\/p>","protected":false},"featured_media":8914,"template":"","meta":{"_acf_changed":false,"_seopress_robots_primary_cat":"none","_seopress_titles_title":"","_seopress_titles_desc":"","_seopress_robots_index":""},"product_brand":[],"product_cat":[28,35],"product_tag":[],"class_list":{"0":"post-8910","1":"product","2":"type-product","3":"status-publish","4":"has-post-thumbnail","6":"product_cat-our-product","7":"product_cat-photocell-switch-fittings","9":"first","10":"instock","11":"shipping-taxable","12":"product-type-simple"},"acf":[],"_links":{"self":[{"href":"https:\/\/long-join.com\/es\/wp-json\/wp\/v2\/product\/8910","targetHints":{"allow":["GET"]}}],"collection":[{"href":"https:\/\/long-join.com\/es\/wp-json\/wp\/v2\/product"}],"about":[{"href":"https:\/\/long-join.com\/es\/wp-json\/wp\/v2\/types\/product"}],"version-history":[{"count":4,"href":"https:\/\/long-join.com\/es\/wp-json\/wp\/v2\/product\/8910\/revisions"}],"predecessor-version":[{"id":11514,"href":"https:\/\/long-join.com\/es\/wp-json\/wp\/v2\/product\/8910\/revisions\/11514"}],"wp:featuredmedia":[{"embeddable":true,"href":"https:\/\/long-join.com\/es\/wp-json\/wp\/v2\/media\/8914"}],"wp:attachment":[{"href":"https:\/\/long-join.com\/es\/wp-json\/wp\/v2\/media?parent=8910"}],"wp:term":[{"taxonomy":"product_brand","embeddable":true,"href":"https:\/\/long-join.com\/es\/wp-json\/wp\/v2\/product_brand?post=8910"},{"taxonomy":"product_cat","embeddable":true,"href":"https:\/\/long-join.com\/es\/wp-json\/wp\/v2\/product_cat?post=8910"},{"taxonomy":"product_tag","embeddable":true,"href":"https:\/\/long-join.com\/es\/wp-json\/wp\/v2\/product_tag?post=8910"}],"curies":[{"name":"wp","href":"https:\/\/api.w.org\/{rel}","templated":true}]}}