{"id":8901,"date":"2024-08-12T18:30:33","date_gmt":"2024-08-12T10:30:33","guid":{"rendered":"https:\/\/long-join.com\/?post_type=product&#038;p=8901"},"modified":"2025-02-13T15:26:22","modified_gmt":"2025-02-13T07:26:22","slug":"sistema-de-conector-tipo-a-con-atenuacion-z10-de-0-a-10-v-version-sin-cable-jl-770-w","status":"publish","type":"product","link":"https:\/\/long-join.com\/es\/product\/0-10v-dimming-z10-key-a-connector-system-jl-770w-no-wire-version\/","title":{"rendered":"Sistema de conector Z10 Key A con atenuaci\u00f3n de 0-10 V, versi\u00f3n sin cable JL-770W"},"content":{"rendered":"<blockquote><p>El sistema de conector tipo americano z10 key A se divide en varias partes, como la tapa del recept\u00e1culo, el cuerpo del recept\u00e1culo y el m\u00f3dulo de extensi\u00f3n de la luminaria (por ejemplo, la base de control Zhaga con di\u00e1metros de \u03a640 y 80 mm). En general, los productos de la serie z10 Key A ofrecen una interfaz est\u00e1ndar que conecta Illuminate con los futuros m\u00f3dulos de control inteligentes Zhaga. Adem\u00e1s, son compatibles con el est\u00e1ndar Zhaga-d4i, por lo que tambi\u00e9n se utilizan como base com\u00fan para la transmisi\u00f3n de datos, el monitoreo meteorol\u00f3gico y la integraci\u00f3n de otros m\u00f3dulos t\u00e9cnicos avanzados.<\/p><\/blockquote>\n<blockquote><p>Adem\u00e1s, el conector tipo llave A z10 con recept\u00e1culo de bloqueo es compatible con montaje giratorio en el sentido de las agujas del reloj y bloqueo herm\u00e9tico. Simplemente opere de esta manera, es importante reconocer la sutil diferencia entre el z\u00f3calo del libro 18 de Zhaga y el recept\u00e1culo tipo llave A americano.<\/p><\/blockquote>\n<blockquote><p>Generalmente, el sistema de conexi\u00f3n z10 Key A tiene una atenuaci\u00f3n de 0 a 10 V, su interfaz de atenuaci\u00f3n es 2 o 3 y el tipo de cable est\u00e1 hecho de cable. A excepci\u00f3n de algunas vistas anteriores, estamos dise\u00f1ados para alambre de fideos, pasadores de resorte y usted ofrece otros requisitos de funcionalismo.<\/p><\/blockquote>\n<blockquote><p><strong>El JL-770W no es un tipo de cable conductor y sus caracter\u00edsticas son similares a <a href=\"https:\/\/long-join.com\/es\/product\/receptaculo-de-version-con-atenuacion-de-10-v-tipo-z10-llave-a-jl-700m\/\" target=\"_blank\" rel=\"nofollow noopener\">JL-700M<\/a>, y ambos productos se utilizan para el mercado de luminarias de Am\u00e9rica del Norte. Adem\u00e1s, tambi\u00e9n selecciona rangos de calibre de cable de 20 a 22 AWG, y aqu\u00ed es mejor darle a estos terminales de cable esta\u00f1ados.<\/strong><\/p><\/blockquote>\n<blockquote><p>\u00a0Definici\u00f3n de interfaz predeterminada:<\/p><\/blockquote>\n<blockquote><p>Puerto 1, 24C<\/p><\/blockquote>\n<blockquote><p>Puerto 2, 0-10 V-\/GND<\/p><\/blockquote>\n<blockquote><p>Puerto 3, 0-10 V+<\/p><\/blockquote>\n<blockquote><p>Puerto 4, E\/S general<\/p><\/blockquote>","protected":false},"excerpt":{"rendered":"<p>1-Conectable en caliente<br \/>\n2-Tama\u00f1o compacto que permite una mayor flexibilidad en el dise\u00f1o de la luminaria;<br \/>\n3-Posici\u00f3n de instalaci\u00f3n flexible, por ejemplo, parte superior\/inferior\/lateral de la l\u00e1mpara.<br \/>\nRecept\u00e1culo tipo 4 cerraduras<br \/>\n5-Disponibles m\u00f3dulos de extensi\u00f3n de sujeci\u00f3n:\u00f840, \u00f880mm.<\/p>","protected":false},"featured_media":8907,"template":"","meta":{"_acf_changed":false,"_seopress_robots_primary_cat":"none","_seopress_titles_title":"","_seopress_titles_desc":"","_seopress_robots_index":""},"product_brand":[],"product_cat":[28,35],"product_tag":[],"class_list":{"0":"post-8901","1":"product","2":"type-product","3":"status-publish","4":"has-post-thumbnail","6":"product_cat-our-product","7":"product_cat-photocell-switch-fittings","9":"first","10":"instock","11":"shipping-taxable","12":"product-type-simple"},"acf":[],"_links":{"self":[{"href":"https:\/\/long-join.com\/es\/wp-json\/wp\/v2\/product\/8901","targetHints":{"allow":["GET"]}}],"collection":[{"href":"https:\/\/long-join.com\/es\/wp-json\/wp\/v2\/product"}],"about":[{"href":"https:\/\/long-join.com\/es\/wp-json\/wp\/v2\/types\/product"}],"version-history":[{"count":3,"href":"https:\/\/long-join.com\/es\/wp-json\/wp\/v2\/product\/8901\/revisions"}],"predecessor-version":[{"id":11502,"href":"https:\/\/long-join.com\/es\/wp-json\/wp\/v2\/product\/8901\/revisions\/11502"}],"wp:featuredmedia":[{"embeddable":true,"href":"https:\/\/long-join.com\/es\/wp-json\/wp\/v2\/media\/8907"}],"wp:attachment":[{"href":"https:\/\/long-join.com\/es\/wp-json\/wp\/v2\/media?parent=8901"}],"wp:term":[{"taxonomy":"product_brand","embeddable":true,"href":"https:\/\/long-join.com\/es\/wp-json\/wp\/v2\/product_brand?post=8901"},{"taxonomy":"product_cat","embeddable":true,"href":"https:\/\/long-join.com\/es\/wp-json\/wp\/v2\/product_cat?post=8901"},{"taxonomy":"product_tag","embeddable":true,"href":"https:\/\/long-join.com\/es\/wp-json\/wp\/v2\/product_tag?post=8901"}],"curies":[{"name":"wp","href":"https:\/\/api.w.org\/{rel}","templated":true}]}}