{"id":8885,"date":"2024-08-09T17:43:25","date_gmt":"2024-08-09T09:43:25","guid":{"rendered":"https:\/\/long-join.com\/?post_type=product&#038;p=8885"},"modified":"2025-02-06T17:57:46","modified_gmt":"2025-02-06T09:57:46","slug":"conector-zhaga-de-pasador-rapido-jl-700t3n-de-union-larga","status":"publish","type":"product","link":"https:\/\/long-join.com\/es\/product\/flick-pin-zhaga-socket-jl-700t3n-longjoin\/","title":{"rendered":"Z\u00f3calo Zhaga de pasador flexible JL-700T3N LONGJOIN"},"content":{"rendered":"<blockquote><p>Z\u00f3calo zhaga JL-700T3N con est\u00e1ndar zhaga book 18, y tiene caracter\u00edsticas m\u00e1s brillantes, una longitud de rosca m\u00e1s corta y sin montaje de herramientas, pero no es la mejor parte, pero los contactos Flick-pin permiten conectar f\u00e1cilmente el artefacto de l\u00e1mpara dentro de los cables de la unidad el\u00e9ctrica.<\/p><\/blockquote>\n<blockquote><p>Caracter\u00edstica<\/p><\/blockquote>\n<blockquote><p>*Tama\u00f1o compacto que permite mayor flexibilidad en el dise\u00f1o de luminarias.<\/p><\/blockquote>\n<blockquote><p>*Sellado avanzado para lograr IP66 sin tornillos de montaje.<\/p><\/blockquote>\n<blockquote><p>*Soluci\u00f3n escalable que permite el uso de una fotoc\u00e9lula de \u00d840 mm y un sistema de gesti\u00f3n central de \u00d880 mm con la misma interfaz de conexi\u00f3n.<\/p><\/blockquote>\n<blockquote><p>*Posici\u00f3n de montaje flexible, hacia arriba, hacia abajo y al lateral de la farola.<\/p><\/blockquote>","protected":false},"excerpt":{"rendered":"<p>-Tensi\u00f3n nominal de la interfaz: 24 V CC<br \/>\n-Longitud de rosca corta: 14,1\/13,1 mm<br \/>\n-Consumo de energ\u00eda: 1,5 A m\u00e1x.<\/p>","protected":false},"featured_media":8890,"template":"","meta":{"_acf_changed":false,"_seopress_robots_primary_cat":"none","_seopress_titles_title":"","_seopress_titles_desc":"","_seopress_robots_index":""},"product_brand":[],"product_cat":[28,29,49],"product_tag":[],"class_list":{"0":"post-8885","1":"product","2":"type-product","3":"status-publish","4":"has-post-thumbnail","6":"product_cat-our-product","7":"product_cat-zhaga-series","8":"product_cat-zhaga-socket","10":"first","11":"instock","12":"shipping-taxable","13":"product-type-simple"},"acf":[],"_links":{"self":[{"href":"https:\/\/long-join.com\/es\/wp-json\/wp\/v2\/product\/8885","targetHints":{"allow":["GET"]}}],"collection":[{"href":"https:\/\/long-join.com\/es\/wp-json\/wp\/v2\/product"}],"about":[{"href":"https:\/\/long-join.com\/es\/wp-json\/wp\/v2\/types\/product"}],"version-history":[{"count":5,"href":"https:\/\/long-join.com\/es\/wp-json\/wp\/v2\/product\/8885\/revisions"}],"predecessor-version":[{"id":11432,"href":"https:\/\/long-join.com\/es\/wp-json\/wp\/v2\/product\/8885\/revisions\/11432"}],"wp:featuredmedia":[{"embeddable":true,"href":"https:\/\/long-join.com\/es\/wp-json\/wp\/v2\/media\/8890"}],"wp:attachment":[{"href":"https:\/\/long-join.com\/es\/wp-json\/wp\/v2\/media?parent=8885"}],"wp:term":[{"taxonomy":"product_brand","embeddable":true,"href":"https:\/\/long-join.com\/es\/wp-json\/wp\/v2\/product_brand?post=8885"},{"taxonomy":"product_cat","embeddable":true,"href":"https:\/\/long-join.com\/es\/wp-json\/wp\/v2\/product_cat?post=8885"},{"taxonomy":"product_tag","embeddable":true,"href":"https:\/\/long-join.com\/es\/wp-json\/wp\/v2\/product_tag?post=8885"}],"curies":[{"name":"wp","href":"https:\/\/api.w.org\/{rel}","templated":true}]}}