{"id":8877,"date":"2024-08-09T16:52:53","date_gmt":"2024-08-09T08:52:53","guid":{"rendered":"https:\/\/long-join.com\/?post_type=product&#038;p=8877"},"modified":"2025-12-24T18:12:01","modified_gmt":"2025-12-24T10:12:01","slug":"modulo-extensible-para-farola-led-con-enchufe-zhaga-jl-700s","status":"publish","type":"product","link":"https:\/\/long-join.com\/es\/product\/led-street-light-extend-module-zhaga-socket-jl-700s\/","title":{"rendered":"M\u00f3dulo extensible para farola LED Zhaga Socket JL-700S"},"content":{"rendered":"<blockquote><p>Zhega series parts is compliant to zhaga book18 standard, then this include JL-700 zhaga socket,zhaga cover and baseplate. for our municipal street light lamp inner space is to be more increased capacity, long-join had developed new tpye base: JL-700S. this jl-700s with more shorter thread reference to JL-700 (universal version thread length:22.6mm from socket surface to thread terminal measures. )<\/p><\/blockquote>\n<blockquote><p>Caracter\u00edstica<\/p><\/blockquote>\n<blockquote><p>*Tama\u00f1o compacto que permite mayor flexibilidad en el dise\u00f1o de luminarias.<\/p><\/blockquote>\n<blockquote><p>*Sellado avanzado para lograr IP66 sin tornillos de montaje.<\/p><\/blockquote>\n<blockquote><p>*Soluci\u00f3n escalable que permite el uso de una fotoc\u00e9lula de \u00d840 mm y un sistema de gesti\u00f3n central de \u00d880 mm con la misma interfaz de conexi\u00f3n.<\/p><\/blockquote>\n<blockquote><p>*Posici\u00f3n de montaje flexible, hacia arriba, hacia abajo y al lateral de la farola.<\/p><\/blockquote>","protected":false},"excerpt":{"rendered":"<p>-Interfaz de atenuaci\u00f3n: 2 y 3<br \/>\n-Short thread length:13.1-15.1 mm<br \/>\n-Z\u00f3calo con protecci\u00f3n de silicona en el terminal trasero<br \/>\n-Consumo de energ\u00eda: 1,5 A m\u00e1x.<\/p>","protected":false},"featured_media":8882,"template":"","meta":{"_acf_changed":false,"_seopress_robots_primary_cat":"none","_seopress_titles_title":"","_seopress_titles_desc":"","_seopress_robots_index":""},"product_brand":[],"product_cat":[28,29,49],"product_tag":[],"class_list":{"0":"post-8877","1":"product","2":"type-product","3":"status-publish","4":"has-post-thumbnail","6":"product_cat-our-product","7":"product_cat-zhaga-series","8":"product_cat-zhaga-socket","10":"first","11":"instock","12":"shipping-taxable","13":"product-type-simple"},"acf":[],"_links":{"self":[{"href":"https:\/\/long-join.com\/es\/wp-json\/wp\/v2\/product\/8877","targetHints":{"allow":["GET"]}}],"collection":[{"href":"https:\/\/long-join.com\/es\/wp-json\/wp\/v2\/product"}],"about":[{"href":"https:\/\/long-join.com\/es\/wp-json\/wp\/v2\/types\/product"}],"version-history":[{"count":7,"href":"https:\/\/long-join.com\/es\/wp-json\/wp\/v2\/product\/8877\/revisions"}],"predecessor-version":[{"id":16624,"href":"https:\/\/long-join.com\/es\/wp-json\/wp\/v2\/product\/8877\/revisions\/16624"}],"wp:featuredmedia":[{"embeddable":true,"href":"https:\/\/long-join.com\/es\/wp-json\/wp\/v2\/media\/8882"}],"wp:attachment":[{"href":"https:\/\/long-join.com\/es\/wp-json\/wp\/v2\/media?parent=8877"}],"wp:term":[{"taxonomy":"product_brand","embeddable":true,"href":"https:\/\/long-join.com\/es\/wp-json\/wp\/v2\/product_brand?post=8877"},{"taxonomy":"product_cat","embeddable":true,"href":"https:\/\/long-join.com\/es\/wp-json\/wp\/v2\/product_cat?post=8877"},{"taxonomy":"product_tag","embeddable":true,"href":"https:\/\/long-join.com\/es\/wp-json\/wp\/v2\/product_tag?post=8877"}],"curies":[{"name":"wp","href":"https:\/\/api.w.org\/{rel}","templated":true}]}}