{"id":8868,"date":"2024-08-08T17:00:20","date_gmt":"2024-08-08T09:00:20","guid":{"rendered":"https:\/\/long-join.com\/?post_type=product&#038;p=8868"},"modified":"2025-02-13T16:06:36","modified_gmt":"2025-02-13T08:06:36","slug":"sistema-de-conector-de-llave-a-tipo-americano-z10-version-con-cable-jl-770l","status":"publish","type":"product","link":"https:\/\/long-join.com\/es\/product\/american-type-z10-key-a-connector-system-jl-770l-cable-version\/","title":{"rendered":"Sistema de conector tipo americano Z10 Key A, versi\u00f3n de cable JL-770L"},"content":{"rendered":"<blockquote><p>A diferencia del z\u00f3calo JL-700 est\u00e1ndar Zhaga Book-18 de la versi\u00f3n europea, este recept\u00e1culo JL-770L es adecuado para el esquema de atenuaci\u00f3n de 0-10 V y admite un di\u00e1metro de base de control de retenci\u00f3n de \u03a6 40 y un m\u00f3dulo de extensi\u00f3n de \u03a680 mm. Es ideal para dispositivos de luminarias est\u00e1ndar, como m\u00f3dulos de control de tipo multifunci\u00f3n integrados en la infraestructura de alumbrado p\u00fablico de la iluminaci\u00f3n municipal de la ciudad moderna: NB-IOT inal\u00e1mbrico, inducci\u00f3n de sensor de movimiento y detecci\u00f3n de microondas, etc.<\/p><\/blockquote>\n<blockquote><p>Caracter\u00edstica<\/p><\/blockquote>\n<blockquote><p>1-Tama\u00f1o compacto que permite una mayor flexibilidad en el dise\u00f1o de la luminaria;<\/p><\/blockquote>\n<blockquote><p>2-JL-770L, el cable est\u00e1 compuesto por 4 hilos de diferentes colores (rojo, amarillo, morado y negro)<\/p><\/blockquote>\n<blockquote><p>* el color del cable es por definici\u00f3n estilo:<\/p><\/blockquote>\n<ul>\n<li style=\"list-style-type: none;\">\n<ul>\n<li style=\"list-style-type: none;\">\n<ul>\n<li>puerto-1 rojo-24C<\/li>\n<li>puerto 2 negro-0-10V-\/GND<\/li>\n<li>puerto 3 morado-0-10 V+<\/li>\n<li>puerto 4 amarillo-E\/S general<\/li>\n<\/ul>\n<\/li>\n<\/ul>\n<\/li>\n<\/ul>","protected":false},"excerpt":{"rendered":"<p>1-Conectable en caliente<br \/>\n2-Tama\u00f1o compacto que permite una mayor flexibilidad en el dise\u00f1o de la luminaria;<br \/>\n3-Posici\u00f3n de instalaci\u00f3n flexible, por ejemplo, parte superior\/inferior\/lateral de la l\u00e1mpara.<br \/>\nRecept\u00e1culo tipo 4 cerraduras<br \/>\n5-Disponibles m\u00f3dulos de extensi\u00f3n de sujeci\u00f3n:\u00f840, \u00f880mm.<\/p>","protected":false},"featured_media":8875,"template":"","meta":{"_acf_changed":false,"_seopress_robots_primary_cat":"none","_seopress_titles_title":"","_seopress_titles_desc":"","_seopress_robots_index":""},"product_brand":[],"product_cat":[28,35],"product_tag":[],"class_list":{"0":"post-8868","1":"product","2":"type-product","3":"status-publish","4":"has-post-thumbnail","6":"product_cat-our-product","7":"product_cat-photocell-switch-fittings","9":"first","10":"instock","11":"shipping-taxable","12":"product-type-simple"},"acf":[],"_links":{"self":[{"href":"https:\/\/long-join.com\/es\/wp-json\/wp\/v2\/product\/8868","targetHints":{"allow":["GET"]}}],"collection":[{"href":"https:\/\/long-join.com\/es\/wp-json\/wp\/v2\/product"}],"about":[{"href":"https:\/\/long-join.com\/es\/wp-json\/wp\/v2\/types\/product"}],"version-history":[{"count":3,"href":"https:\/\/long-join.com\/es\/wp-json\/wp\/v2\/product\/8868\/revisions"}],"predecessor-version":[{"id":11505,"href":"https:\/\/long-join.com\/es\/wp-json\/wp\/v2\/product\/8868\/revisions\/11505"}],"wp:featuredmedia":[{"embeddable":true,"href":"https:\/\/long-join.com\/es\/wp-json\/wp\/v2\/media\/8875"}],"wp:attachment":[{"href":"https:\/\/long-join.com\/es\/wp-json\/wp\/v2\/media?parent=8868"}],"wp:term":[{"taxonomy":"product_brand","embeddable":true,"href":"https:\/\/long-join.com\/es\/wp-json\/wp\/v2\/product_brand?post=8868"},{"taxonomy":"product_cat","embeddable":true,"href":"https:\/\/long-join.com\/es\/wp-json\/wp\/v2\/product_cat?post=8868"},{"taxonomy":"product_tag","embeddable":true,"href":"https:\/\/long-join.com\/es\/wp-json\/wp\/v2\/product_tag?post=8868"}],"curies":[{"name":"wp","href":"https:\/\/api.w.org\/{rel}","templated":true}]}}