{"id":8858,"date":"2024-08-08T16:13:11","date_gmt":"2024-08-08T08:13:11","guid":{"rendered":"https:\/\/long-join.com\/?post_type=product&#038;p=8858"},"modified":"2025-02-07T17:41:53","modified_gmt":"2025-02-07T09:41:53","slug":"conector-tipo-llave-z10-sistema-0-10-v-receptaculo-jl-700mk4-tipo-cerradura","status":"publish","type":"product","link":"https:\/\/long-join.com\/es\/product\/z10-key-a-connector-system-0-10v-receptacle-jl-700mk4-lock-type\/","title":{"rendered":"Sistema de conector de llave A Z10, recept\u00e1culo de 0 a 10 V, tipo cerradura JL-700MK4"},"content":{"rendered":"<blockquote><p>Al igual que el est\u00e1ndar Zhaga Book-18, el portal\u00e1mparas JL-700M es compatible con esquemas de regulaci\u00f3n de 0-10 V y admite bases de control con di\u00e1metros de \u03a640 y \u03a680 mm para m\u00f3dulos de extensi\u00f3n. Es ideal para luminarias est\u00e1ndar, como m\u00f3dulos de control multifunci\u00f3n integrados en infraestructuras de alumbrado p\u00fablico municipales modernas: NB-IOT inal\u00e1mbrico, sensor de movimiento por inducci\u00f3n y detecci\u00f3n por microondas, entre otros.<\/p><\/blockquote>\n<blockquote><p>Caracter\u00edstica<\/p><\/blockquote>\n<blockquote><p>1-est\u00e1 equipado con atenuaci\u00f3n de 0-10V;<\/p><\/blockquote>\n<blockquote><p>2-Tama\u00f1o peque\u00f1o, adecuado para m\u00e1s l\u00e1mparas;<\/p><\/blockquote>\n<blockquote><p>4-Sellado avanzado, IP66 se puede lograr sin instalar tornillos;<\/p><\/blockquote>\n<blockquote><p>5-Cumple con los requisitos de prueba de sobretensi\u00f3n de modo com\u00fan de 10 kV;<\/p><\/blockquote>\n<blockquote><p>Placa adaptadora 6: \u03a665+\/-0,2<\/p><\/blockquote>\n<blockquote><p>M\u00f3dulo base para luminaria tipo mini de 7 \u00e1reas de Am\u00e9rica.<\/p><\/blockquote>","protected":false},"excerpt":{"rendered":"<p>1-Conectable en caliente<br \/>\nClasificaci\u00f3n de 2 contactos: 1,5 A, 30 V CC (t\u00edpico 24 V)<br \/>\n3-Posici\u00f3n de instalaci\u00f3n flexible, por ejemplo, parte superior\/inferior\/lateral de la l\u00e1mpara.<br \/>\nRecept\u00e1culo tipo 4 cerraduras<br \/>\n5-Protecci\u00f3n de aislamiento: Clase II<\/p>","protected":false},"featured_media":8863,"template":"","meta":{"_acf_changed":false,"_seopress_robots_primary_cat":"none","_seopress_titles_title":"","_seopress_titles_desc":"","_seopress_robots_index":""},"product_brand":[],"product_cat":[28,29,49],"product_tag":[],"class_list":{"0":"post-8858","1":"product","2":"type-product","3":"status-publish","4":"has-post-thumbnail","6":"product_cat-our-product","7":"product_cat-zhaga-series","8":"product_cat-zhaga-socket","10":"first","11":"instock","12":"shipping-taxable","13":"product-type-simple"},"acf":[],"_links":{"self":[{"href":"https:\/\/long-join.com\/es\/wp-json\/wp\/v2\/product\/8858","targetHints":{"allow":["GET"]}}],"collection":[{"href":"https:\/\/long-join.com\/es\/wp-json\/wp\/v2\/product"}],"about":[{"href":"https:\/\/long-join.com\/es\/wp-json\/wp\/v2\/types\/product"}],"version-history":[{"count":2,"href":"https:\/\/long-join.com\/es\/wp-json\/wp\/v2\/product\/8858\/revisions"}],"predecessor-version":[{"id":11463,"href":"https:\/\/long-join.com\/es\/wp-json\/wp\/v2\/product\/8858\/revisions\/11463"}],"wp:featuredmedia":[{"embeddable":true,"href":"https:\/\/long-join.com\/es\/wp-json\/wp\/v2\/media\/8863"}],"wp:attachment":[{"href":"https:\/\/long-join.com\/es\/wp-json\/wp\/v2\/media?parent=8858"}],"wp:term":[{"taxonomy":"product_brand","embeddable":true,"href":"https:\/\/long-join.com\/es\/wp-json\/wp\/v2\/product_brand?post=8858"},{"taxonomy":"product_cat","embeddable":true,"href":"https:\/\/long-join.com\/es\/wp-json\/wp\/v2\/product_cat?post=8858"},{"taxonomy":"product_tag","embeddable":true,"href":"https:\/\/long-join.com\/es\/wp-json\/wp\/v2\/product_tag?post=8858"}],"curies":[{"name":"wp","href":"https:\/\/api.w.org\/{rel}","templated":true}]}}