{"id":8850,"date":"2024-08-08T14:51:39","date_gmt":"2024-08-08T06:51:39","guid":{"rendered":"https:\/\/long-join.com\/?post_type=product&#038;p=8850"},"modified":"2024-08-26T18:18:38","modified_gmt":"2024-08-26T10:18:38","slug":"receptaculo-para-fotocelula-ansi-c136-41-de-7-pines-jl-240xha-b","status":"publish","type":"product","link":"https:\/\/long-join.com\/es\/product\/ansi-c136-41-7-pin-photocell-receptacle-jl-240xha-b\/","title":{"rendered":"Recept\u00e1culo para fotoc\u00e9lula de 7 pines ANSI C136.41 JL-240XHA\/B"},"content":{"rendered":"<blockquote><p>Los recept\u00e1culos de fotocontrol de la serie JL-240XH est\u00e1n dise\u00f1ados espec\u00edficamente para luminarias que incorporan fotocontroles de base con cierre giratorio ANSI C136.10. Esta serie cumple con la norma ANSI C136.41-2013, publicada recientemente, y optimiza la funci\u00f3n de los m\u00f3dulos de interfaz de recept\u00e1culo en el control avanzado de las l\u00e1mparas LED.<\/p><\/blockquote>\n<blockquote><p>Caracter\u00edstica<\/p><\/blockquote>\n<blockquote><p>1-Esta serie ofrece 2 o 4 almohadillas de bajo voltaje ba\u00f1adas en oro en la superficie superior. Una vez que tiene un recept\u00e1culo de 2 almohadillas se denomina JL-240XHB, en el otro recept\u00e1culo de luz de calle de 4 almohadillas se denomina JL-240XHA.<\/p><\/blockquote>\n<blockquote><p>2. Hay un recept\u00e1culo de atenuaci\u00f3n de 0-10 V y DALI. El recept\u00e1culo de atenuaci\u00f3n DALI 240XHA y el recept\u00e1culo de atenuaci\u00f3n de 0-10 V JL-240XHB.<\/p><\/blockquote>\n<blockquote><p>Material de 3 cuerpos PBT.<\/p><\/blockquote>\n<blockquote><p>Almohadilla de 4 piezas doradas con dise\u00f1o de versi\u00f3n estrecha<\/p><\/blockquote>","protected":false},"excerpt":{"rendered":"<p>1. Modelo del producto: JL-240XHA\/B<br \/>\n2. Voltaje nominal: 0-480 VCA<br \/>\n3. Estilo de dise\u00f1o: Almohadilla dorada con dise\u00f1o de versi\u00f3n estrecha.<br \/>\n4. Calibre de cables: #14, #16<br \/>\n5. Est\u00e1ndar compatible: ANSI C136.41, CE, ROHS, UL<\/p>","protected":false},"featured_media":8857,"template":"","meta":{"_acf_changed":false,"_seopress_robots_primary_cat":"none","_seopress_titles_title":"","_seopress_titles_desc":"","_seopress_robots_index":""},"product_brand":[],"product_cat":[57,56,31,28],"product_tag":[],"class_list":{"0":"post-8850","1":"product","2":"type-product","3":"status-publish","4":"has-post-thumbnail","6":"product_cat-nema-5-pin-receptacle","7":"product_cat-nema-7-pin-receptacle","8":"product_cat-nema-standard-connector","9":"product_cat-our-product","11":"first","12":"instock","13":"shipping-taxable","14":"product-type-simple"},"acf":[],"_links":{"self":[{"href":"https:\/\/long-join.com\/es\/wp-json\/wp\/v2\/product\/8850","targetHints":{"allow":["GET"]}}],"collection":[{"href":"https:\/\/long-join.com\/es\/wp-json\/wp\/v2\/product"}],"about":[{"href":"https:\/\/long-join.com\/es\/wp-json\/wp\/v2\/types\/product"}],"version-history":[{"count":0,"href":"https:\/\/long-join.com\/es\/wp-json\/wp\/v2\/product\/8850\/revisions"}],"wp:featuredmedia":[{"embeddable":true,"href":"https:\/\/long-join.com\/es\/wp-json\/wp\/v2\/media\/8857"}],"wp:attachment":[{"href":"https:\/\/long-join.com\/es\/wp-json\/wp\/v2\/media?parent=8850"}],"wp:term":[{"taxonomy":"product_brand","embeddable":true,"href":"https:\/\/long-join.com\/es\/wp-json\/wp\/v2\/product_brand?post=8850"},{"taxonomy":"product_cat","embeddable":true,"href":"https:\/\/long-join.com\/es\/wp-json\/wp\/v2\/product_cat?post=8850"},{"taxonomy":"product_tag","embeddable":true,"href":"https:\/\/long-join.com\/es\/wp-json\/wp\/v2\/product_tag?post=8850"}],"curies":[{"name":"wp","href":"https:\/\/api.w.org\/{rel}","templated":true}]}}