{"id":8406,"date":"2024-06-28T18:20:01","date_gmt":"2024-06-28T10:20:01","guid":{"rendered":"https:\/\/long-join.com\/?post_type=product&#038;p=8406"},"modified":"2024-07-01T18:35:06","modified_gmt":"2024-07-01T10:35:06","slug":"tapa-de-cortocircuito-para-fotocelula-serie-um-208-con-diseno-ultrafino","status":"publish","type":"product","link":"https:\/\/long-join.com\/es\/product\/um-series-208-photocell-shorting-cap-with-ultra-thin-design\/","title":{"rendered":"Tapa de cortocircuito para fotoc\u00e9lula serie UM 208 con dise\u00f1o ultrafino"},"content":{"rendered":"<p>Caracter\u00edstica<\/p>\n<ol>\n<li>Para reemplazar esta fotoc\u00e9lula de bloqueo giratorio de 3 pines con un problema de soluci\u00f3n de problemas, y es un dispositivo de protecci\u00f3n temporal eficaz para los trabajos de mantenimiento de iluminaci\u00f3n realizados durante la noche.<\/li>\n<li>Cierre giratorio de f\u00e1cil mantenimiento (ANSI C136.10).<\/li>\n<li>Protecci\u00f3n IP66<\/li>\n<li>Protecci\u00f3n contra sobretensiones (ninguna)<\/li>\n<li>Caja de policarbonato estabilizado a los rayos UV.<\/li>\n<li>Silicona sin costuras para base PBT.<\/li>\n<li>Esta caja de barra giratoria con forma UM-208<\/li>\n<\/ol>","protected":false},"excerpt":{"rendered":"<p>1. Modelo del producto: UM-208-IP66<br \/>\n2. Voltaje nominal: 0-480 VCA<br \/>\n3. Protecci\u00f3n contra sobretensiones: ninguna<br \/>\n4. Clasificaci\u00f3n IP: IP66<br \/>\n5. Est\u00e1ndar de cumplimiento: ninguno<\/p>","protected":false},"featured_media":8412,"template":"","meta":{"_acf_changed":false,"_seopress_robots_primary_cat":"none","_seopress_titles_title":"","_seopress_titles_desc":"","_seopress_robots_index":""},"product_brand":[],"product_cat":[28,47],"product_tag":[],"class_list":{"0":"post-8406","1":"product","2":"type-product","3":"status-publish","4":"has-post-thumbnail","6":"product_cat-our-product","7":"product_cat-shorting-cap-and-opening-circuit-cap","9":"first","10":"instock","11":"shipping-taxable","12":"product-type-simple"},"acf":[],"_links":{"self":[{"href":"https:\/\/long-join.com\/es\/wp-json\/wp\/v2\/product\/8406","targetHints":{"allow":["GET"]}}],"collection":[{"href":"https:\/\/long-join.com\/es\/wp-json\/wp\/v2\/product"}],"about":[{"href":"https:\/\/long-join.com\/es\/wp-json\/wp\/v2\/types\/product"}],"version-history":[{"count":1,"href":"https:\/\/long-join.com\/es\/wp-json\/wp\/v2\/product\/8406\/revisions"}],"predecessor-version":[{"id":8416,"href":"https:\/\/long-join.com\/es\/wp-json\/wp\/v2\/product\/8406\/revisions\/8416"}],"wp:featuredmedia":[{"embeddable":true,"href":"https:\/\/long-join.com\/es\/wp-json\/wp\/v2\/media\/8412"}],"wp:attachment":[{"href":"https:\/\/long-join.com\/es\/wp-json\/wp\/v2\/media?parent=8406"}],"wp:term":[{"taxonomy":"product_brand","embeddable":true,"href":"https:\/\/long-join.com\/es\/wp-json\/wp\/v2\/product_brand?post=8406"},{"taxonomy":"product_cat","embeddable":true,"href":"https:\/\/long-join.com\/es\/wp-json\/wp\/v2\/product_cat?post=8406"},{"taxonomy":"product_tag","embeddable":true,"href":"https:\/\/long-join.com\/es\/wp-json\/wp\/v2\/product_tag?post=8406"}],"curies":[{"name":"wp","href":"https:\/\/api.w.org\/{rel}","templated":true}]}}