{"id":8396,"date":"2024-06-28T17:24:36","date_gmt":"2024-06-28T09:24:36","guid":{"rendered":"https:\/\/long-join.com\/?post_type=product&#038;p=8396"},"modified":"2024-06-28T17:26:41","modified_gmt":"2024-06-28T09:26:41","slug":"fotocontrol-de-120-v-ca-serie-um-205c","status":"publish","type":"product","link":"https:\/\/long-join.com\/es\/product\/120vac-um-series-205c-photo-control\/","title":{"rendered":"Fotocontrol UM Serie 205C de 120 V CA"},"content":{"rendered":"<blockquote><p>La serie UM 205C se utiliza igual que el JL-205C con propiedades comunes, como por ejemplo el fotocontrol con bloqueo giratorio: voltaje nominal 120-277 VCA y rangos de voltaje aplicables 105-305 VCA. Es muy importante construir caracter\u00edsticas de propiedad electr\u00f3nica como resistencia al agua IP65. as\u00ed como el UM-205C con otras condiciones de trabajo base muy similares a los par\u00e1metros de trabajo del JL-205C.<\/p><\/blockquote>\n<blockquote><p>\u00bfQu\u00e9 diferencias se\u00f1alan este UM-205C y el JL-205C?<\/p><\/blockquote>\n<ul>\n<li>Aqu\u00ed est\u00e1 el modo de funcionamiento de este producto de la serie UM: Modo de falla<\/li>\n<li>Protecci\u00f3n contra sobretensiones (MOV): 12, pero nada que ofrecer 15 (235 J\/5000 A) y 23 (460 J\/10000 A) de JL-205C<\/li>\n<li>Carga nominal: 500 W de tungsteno, balastro de 850 VA, balastro electr\u00f3nico de 5 A<\/li>\n<li>Niveles de funcionamiento: 10-20 lux encendido 3; 30-80 lux apagado<\/li>\n<li>Consumo de energ\u00eda: 3 W a 120 V<\/li>\n<\/ul>\n<ul>\n<li>Aqu\u00ed ofrecemos fotocontrol de la serie UM: UM-205C, UM-240 y UM-208.<\/li>\n<li>Tipo de producto UM-208: tapa de cortocircuito de fotoc\u00e9lula<\/li>\n<li>Tipo de producto UM-240: recept\u00e1culo NEMA de 7 pines con calibre de cable 16<\/li>\n<li>Tipo de producto UM-204C: IP65\/IP54\/IP67 UM-204C control fotogr\u00e1fico con bloqueo giratorio<\/li>\n<\/ul>","protected":false},"excerpt":{"rendered":"<p>1. Modelo del producto: UM-205C<br \/>\n2. Voltaje nominal: 120-277 VCA<br \/>\n3. Nivel de lux encendido\/apagado: 10-20 Lx encendido; 30-80 Lx apagado<br \/>\n5. Certificado est\u00e1ndar de cumplimiento: ninguno<\/p>","protected":false},"featured_media":8401,"template":"","meta":{"_acf_changed":false,"_seopress_robots_primary_cat":"none","_seopress_titles_title":"","_seopress_titles_desc":"","_seopress_robots_index":""},"product_brand":[],"product_cat":[28,55],"product_tag":[],"class_list":{"0":"post-8396","1":"product","2":"type-product","3":"status-publish","4":"has-post-thumbnail","6":"product_cat-our-product","7":"product_cat-twist-lock-photocontrollers","9":"first","10":"instock","11":"shipping-taxable","12":"product-type-simple"},"acf":[],"_links":{"self":[{"href":"https:\/\/long-join.com\/es\/wp-json\/wp\/v2\/product\/8396","targetHints":{"allow":["GET"]}}],"collection":[{"href":"https:\/\/long-join.com\/es\/wp-json\/wp\/v2\/product"}],"about":[{"href":"https:\/\/long-join.com\/es\/wp-json\/wp\/v2\/types\/product"}],"version-history":[{"count":0,"href":"https:\/\/long-join.com\/es\/wp-json\/wp\/v2\/product\/8396\/revisions"}],"wp:featuredmedia":[{"embeddable":true,"href":"https:\/\/long-join.com\/es\/wp-json\/wp\/v2\/media\/8401"}],"wp:attachment":[{"href":"https:\/\/long-join.com\/es\/wp-json\/wp\/v2\/media?parent=8396"}],"wp:term":[{"taxonomy":"product_brand","embeddable":true,"href":"https:\/\/long-join.com\/es\/wp-json\/wp\/v2\/product_brand?post=8396"},{"taxonomy":"product_cat","embeddable":true,"href":"https:\/\/long-join.com\/es\/wp-json\/wp\/v2\/product_cat?post=8396"},{"taxonomy":"product_tag","embeddable":true,"href":"https:\/\/long-join.com\/es\/wp-json\/wp\/v2\/product_tag?post=8396"}],"curies":[{"name":"wp","href":"https:\/\/api.w.org\/{rel}","templated":true}]}}