{"id":8387,"date":"2024-06-28T16:15:25","date_gmt":"2024-06-28T08:15:25","guid":{"rendered":"https:\/\/long-join.com\/?post_type=product&#038;p=8387"},"modified":"2024-07-30T16:53:11","modified_gmt":"2024-07-30T08:53:11","slug":"120-277vac-um-serie-204c-fotocontrol","status":"publish","type":"product","link":"https:\/\/long-join.com\/es\/product\/120-277vac-um-series-204c-photo-control\/","title":{"rendered":"Fotocontrol 120-277 VCA serie UM 204C"},"content":{"rendered":"<blockquote><p>La serie UM 204C se utiliza igual que el JL-207C con propiedades comunes, esto incluye el mismo voltaje 120-277 VCA y rangos de voltaje aplicables 105-305 VCA. La clave de las caracter\u00edsticas de propiedad electr\u00f3nica importantes es la impermeabilidad IP54, IP65 e IP67. as\u00ed como el UM-204C con otras condiciones de trabajo base muy similares a los par\u00e1metros de trabajo del JL-207C.<\/p><\/blockquote>\n<blockquote><p>\u00bfQu\u00e9 diferencias se\u00f1alan este UM-204C y el JL-207C?<\/p><\/blockquote>\n<ul>\n<li>Aqu\u00ed est\u00e1 el modo de funcionamiento de este producto de la serie UM: Modo de falla<\/li>\n<li>Protecci\u00f3n contra sobretensiones (MOV): 12, 15 y 23, pero nada que ofrecer. 25 de JL-207 es igual a 546 J\/13000 A<\/li>\n<li>Carga nominal: 500 W de tungsteno, balastro de 850 VA, balastro electr\u00f3nico de 5 A<\/li>\n<li>Niveles de funcionamiento: 10-20 lux encendido 3; 30-80 lux apagado<\/li>\n<li>Consumo de energ\u00eda: 3 W a 120 V<\/li>\n<\/ul>\n<ul>\n<li>Aqu\u00ed ofrecemos fotocontrol de la serie UM: UM-205C, UM-240 y UM-208.<\/li>\n<li>Tipo de producto UM-208: tapa de cortocircuito de fotoc\u00e9lula<\/li>\n<li>Tipo de producto UM-240: recept\u00e1culo NEMA de 7 pines con calibre de cable 16<\/li>\n<li>Tipo de producto UM-205C: Control fotogr\u00e1fico con bloqueo giratorio UM-205C IP65<\/li>\n<\/ul>","protected":false},"excerpt":{"rendered":"<p>1. Modelo del producto: UM-204C<br \/>\n2. Voltaje nominal: 120-277 VCA<br \/>\n3. Nivel de lux encendido\/apagado: 10-20 Lx encendido; 30-80 Lx apagado<br \/>\n5. Certificado est\u00e1ndar de cumplimiento: ninguno<\/p>","protected":false},"featured_media":8391,"template":"","meta":{"_acf_changed":false,"_seopress_robots_primary_cat":"none","_seopress_titles_title":"","_seopress_titles_desc":"","_seopress_robots_index":""},"product_brand":[],"product_cat":[28,55],"product_tag":[],"class_list":{"0":"post-8387","1":"product","2":"type-product","3":"status-publish","4":"has-post-thumbnail","6":"product_cat-our-product","7":"product_cat-twist-lock-photocontrollers","9":"first","10":"instock","11":"shipping-taxable","12":"product-type-simple"},"acf":[],"_links":{"self":[{"href":"https:\/\/long-join.com\/es\/wp-json\/wp\/v2\/product\/8387","targetHints":{"allow":["GET"]}}],"collection":[{"href":"https:\/\/long-join.com\/es\/wp-json\/wp\/v2\/product"}],"about":[{"href":"https:\/\/long-join.com\/es\/wp-json\/wp\/v2\/types\/product"}],"version-history":[{"count":1,"href":"https:\/\/long-join.com\/es\/wp-json\/wp\/v2\/product\/8387\/revisions"}],"predecessor-version":[{"id":8813,"href":"https:\/\/long-join.com\/es\/wp-json\/wp\/v2\/product\/8387\/revisions\/8813"}],"wp:featuredmedia":[{"embeddable":true,"href":"https:\/\/long-join.com\/es\/wp-json\/wp\/v2\/media\/8391"}],"wp:attachment":[{"href":"https:\/\/long-join.com\/es\/wp-json\/wp\/v2\/media?parent=8387"}],"wp:term":[{"taxonomy":"product_brand","embeddable":true,"href":"https:\/\/long-join.com\/es\/wp-json\/wp\/v2\/product_brand?post=8387"},{"taxonomy":"product_cat","embeddable":true,"href":"https:\/\/long-join.com\/es\/wp-json\/wp\/v2\/product_cat?post=8387"},{"taxonomy":"product_tag","embeddable":true,"href":"https:\/\/long-join.com\/es\/wp-json\/wp\/v2\/product_tag?post=8387"}],"curies":[{"name":"wp","href":"https:\/\/api.w.org\/{rel}","templated":true}]}}