{"id":7649,"date":"2024-05-15T18:39:44","date_gmt":"2024-05-15T10:39:44","guid":{"rendered":"https:\/\/long-join.com\/?post_type=product&#038;p=7649"},"modified":"2026-02-05T18:21:36","modified_gmt":"2026-02-05T10:21:36","slug":"receptaculo-nema-ansi-c136-41-de-7-pines-de-union-larga-compatible-con-modulo-de-proteccion-contra-sobretensiones-jl-250f","status":"publish","type":"product","link":"https:\/\/long-join.com\/es\/product\/long-join-nema-ansi-c136-41-7-pin-receptacle-fit-jl-250f-surge-protection-module\/","title":{"rendered":"Recept\u00e1culo de uni\u00f3n larga NEMA\/ANSI C136.41 de 7 pines compatible con el m\u00f3dulo de protecci\u00f3n contra sobretensiones JL-250F"},"content":{"rendered":"<blockquote><p>The JL-250GXA twist locking photocontroller socket is designed for outdoor fixtures to accept rotary locking photo controllers for control of LED fixtures. It provides four gold-plated curved contact tabs on the top surface to fit the spring contacts (ANSIC13641) of the rotary-locking photocontroller, and four signal wires on the back. In particular, the ground terminal in the center of the receptacle provides common mode surge protection with <a href=\"https:\/\/long-join.com\/es\/product\/dispositivo-de-proteccion-contra-sobretensiones-tipo-nema-ansic136-41-spd\/\" target=\"_blank\" rel=\"nofollow noopener\">la serie JL-250F**C*<\/a>Este producto cumple con los requisitos de las normas ANSIC136.10, ANSIC136.41 y ANSI\/UL773 para fotocontroladores enchufables con bloqueo giratorio para su uso en iluminaci\u00f3n de \u00e1reas.<\/p><\/blockquote>\n<blockquote><p>Caracter\u00edsticas<\/p><\/blockquote>\n<blockquote><p>1-Cuerpo fabricado en tereftalato de polibutileno (PBT) Contactos fabricados en bronce fosforoso.<\/p><\/blockquote>\n<blockquote><p>2-Terminal de tierra central, aqu\u00ed debe encajar en la serie JL-250F**C* para lograr protecci\u00f3n contra sobretensiones en modo com\u00fan.<\/p><\/blockquote>\n<blockquote><p>3- Se puede aflojar despu\u00e9s del tornillo para encontrar el norte, para facilitar la instalaci\u00f3n del controlador de luz (instalaci\u00f3n por defecto apuntando hacia el norte) para evitar la ca\u00edda de los componentes fotosensibles del controlador de luz para extender la vida \u00fatil.<\/p><\/blockquote>\n<blockquote><p>4-Proporcione una junta de silicona impermeable.<\/p><\/blockquote>","protected":false},"excerpt":{"rendered":"<p>1. Modelo del producto: JL-250G<br \/>\n2. Voltaje nominal: 0-480 VCA<br \/>\n3. Carga de se\u00f1al opcional: 0-30 VCC, 1500 mA m\u00e1x.<br \/>\n4. Calibre de cables: #14,,#16<br \/>\n5. Material: PBT<br \/>\n6. Est\u00e1ndar compatible: ANSI C136.10, CE, ROHS, UL<\/p>","protected":false},"featured_media":7657,"template":"","meta":{"_acf_changed":false,"_seopress_robots_primary_cat":"none","_seopress_titles_title":"","_seopress_titles_desc":"","_seopress_robots_index":""},"product_brand":[],"product_cat":[56,31,28],"product_tag":[],"class_list":{"0":"post-7649","1":"product","2":"type-product","3":"status-publish","4":"has-post-thumbnail","6":"product_cat-nema-7-pin-receptacle","7":"product_cat-nema-standard-connector","8":"product_cat-our-product","10":"first","11":"instock","12":"shipping-taxable","13":"product-type-simple"},"acf":[],"_links":{"self":[{"href":"https:\/\/long-join.com\/es\/wp-json\/wp\/v2\/product\/7649","targetHints":{"allow":["GET"]}}],"collection":[{"href":"https:\/\/long-join.com\/es\/wp-json\/wp\/v2\/product"}],"about":[{"href":"https:\/\/long-join.com\/es\/wp-json\/wp\/v2\/types\/product"}],"version-history":[{"count":1,"href":"https:\/\/long-join.com\/es\/wp-json\/wp\/v2\/product\/7649\/revisions"}],"predecessor-version":[{"id":17163,"href":"https:\/\/long-join.com\/es\/wp-json\/wp\/v2\/product\/7649\/revisions\/17163"}],"wp:featuredmedia":[{"embeddable":true,"href":"https:\/\/long-join.com\/es\/wp-json\/wp\/v2\/media\/7657"}],"wp:attachment":[{"href":"https:\/\/long-join.com\/es\/wp-json\/wp\/v2\/media?parent=7649"}],"wp:term":[{"taxonomy":"product_brand","embeddable":true,"href":"https:\/\/long-join.com\/es\/wp-json\/wp\/v2\/product_brand?post=7649"},{"taxonomy":"product_cat","embeddable":true,"href":"https:\/\/long-join.com\/es\/wp-json\/wp\/v2\/product_cat?post=7649"},{"taxonomy":"product_tag","embeddable":true,"href":"https:\/\/long-join.com\/es\/wp-json\/wp\/v2\/product_tag?post=7649"}],"curies":[{"name":"wp","href":"https:\/\/api.w.org\/{rel}","templated":true}]}}