{"id":7305,"date":"2024-04-30T17:56:47","date_gmt":"2024-04-30T09:56:47","guid":{"rendered":"https:\/\/long-join.com\/?post_type=product&#038;p=7305"},"modified":"2024-05-16T13:46:59","modified_gmt":"2024-05-16T05:46:59","slug":"dispositivo-de-proteccion-contra-sobretensiones-tipo-nema-ansic136-41-spd","status":"publish","type":"product","link":"https:\/\/long-join.com\/es\/product\/ansic136-41-nema-type-surge-protective-device-spd\/","title":{"rendered":"Dispositivo de protecci\u00f3n contra sobretensiones (SPD) tipo ANSIC136.41\/NEMA"},"content":{"rendered":"<blockquote><p>\u00bfPor qu\u00e9 desarrollamos un m\u00f3dulo de protecci\u00f3n contra sobretensiones? Este recept\u00e1culo JL-250F, con dispositivo de protecci\u00f3n contra sobretensiones, es ideal para sistemas de tr\u00e1fico urbano, municipios y servicios p\u00fablicos, y previene sobrecargas de voltaje o corriente en caso de descargas el\u00e9ctricas repentinas o problemas de suministro el\u00e9ctrico en entornos hostiles. Adem\u00e1s, permite reemplazar el fotocontrolador de iluminaci\u00f3n en cualquier momento, especialmente en el alumbrado p\u00fablico, que requiere mantenimiento durante todo el a\u00f1o. El producto incorpora protecci\u00f3n contra sobretensiones de modo diferencial y de modo com\u00fan, lo que mejora considerablemente el funcionamiento del controlador de iluminaci\u00f3n en entornos con interferencias electromagn\u00e9ticas complejas.<\/p><\/blockquote>\n<blockquote><p>Caracter\u00edstica<\/p><\/blockquote>\n<blockquote><p>1-solo voltaje de funcionamiento, par\u00e1metro de voltaje de trabajo del m\u00f3dulo SPD modificable;<\/p><\/blockquote>\n<blockquote><p>2-Este m\u00f3dulo spd est\u00e1 ubicado en una posici\u00f3n diferente. Este m\u00f3dulo est\u00e1 encima de la base NEMA y debajo del controlador de luz con 120-277 VCA;<\/p><\/blockquote>\n<blockquote><p>M\u00f3dulo de protecci\u00f3n contra sobretensiones similar a la competencia de 3 contrastes, nuestras perspectivas de estructura de dise\u00f1o de m\u00f3dulo SPD combinan un dise\u00f1o de apret\u00f3n de manos mec\u00e1nico humano, una rotaci\u00f3n m\u00e1s conveniente y su configuraci\u00f3n de construcci\u00f3n de espacio interno, un dise\u00f1o de orificio de corriente de tierra central seguro y confiable para asegurar que el controlador de luz funcione de manera m\u00e1s segura y estable, evitando da\u00f1os directos efectivos de las estrictas condiciones clim\u00e1ticas externas del artefacto de iluminaci\u00f3n.<\/p><\/blockquote>\n<blockquote><p>M\u00f3dulo de sobretensi\u00f3n de 4 enchufes r\u00e1pidos en cualquier momento.<\/p><\/blockquote>\n<blockquote><p>5-Se puede conectar mediante el terminal de tierra central: <a href=\"https:\/\/long-join.com\/es\/product\/receptaculo-nema-ansi-c136-41-de-7-pines-de-union-larga-compatible-con-modulo-de-proteccion-contra-sobretensiones-jl-250f\/\" target=\"_blank\" rel=\"nofollow noopener\">Recept\u00e1culo JL-250G de 0 a 480 V<\/a><\/p><\/blockquote>","protected":false},"excerpt":{"rendered":"<p>1. Voltaje de protecci\u00f3n contra sobretensiones: 10-20 kV<br \/>\n2,5 kA o 10 kA de corriente de descarga nominal<br \/>\n3. Corriente de sobretensi\u00f3n: 5KA, 10KA, 20KA<br \/>\n4. Voltaje de funcionamiento: 120-277 V CA<br \/>\nRecept\u00e1culo de 5,7 pines con dise\u00f1o de orificio de tierra central<br \/>\n6. Supresi\u00f3n de corriente de fuga (GDT)<br \/>\n7. Este producto tipo SPD es un m\u00f3dulo de interfaz de sujeci\u00f3n de voltaje definido (limitador de voltaje).<br \/>\n8. Certificado: ANSI C136.41, UL773, RoHS,CE,CE,UKCA<\/p>","protected":false},"featured_media":7309,"template":"","meta":{"_acf_changed":false,"_seopress_robots_primary_cat":"none","_seopress_titles_title":"","_seopress_titles_desc":"","_seopress_robots_index":""},"product_brand":[],"product_cat":[56,31,28],"product_tag":[],"class_list":{"0":"post-7305","1":"product","2":"type-product","3":"status-publish","4":"has-post-thumbnail","6":"product_cat-nema-7-pin-receptacle","7":"product_cat-nema-standard-connector","8":"product_cat-our-product","10":"first","11":"instock","12":"shipping-taxable","13":"product-type-simple"},"acf":[],"_links":{"self":[{"href":"https:\/\/long-join.com\/es\/wp-json\/wp\/v2\/product\/7305","targetHints":{"allow":["GET"]}}],"collection":[{"href":"https:\/\/long-join.com\/es\/wp-json\/wp\/v2\/product"}],"about":[{"href":"https:\/\/long-join.com\/es\/wp-json\/wp\/v2\/types\/product"}],"version-history":[{"count":0,"href":"https:\/\/long-join.com\/es\/wp-json\/wp\/v2\/product\/7305\/revisions"}],"wp:featuredmedia":[{"embeddable":true,"href":"https:\/\/long-join.com\/es\/wp-json\/wp\/v2\/media\/7309"}],"wp:attachment":[{"href":"https:\/\/long-join.com\/es\/wp-json\/wp\/v2\/media?parent=7305"}],"wp:term":[{"taxonomy":"product_brand","embeddable":true,"href":"https:\/\/long-join.com\/es\/wp-json\/wp\/v2\/product_brand?post=7305"},{"taxonomy":"product_cat","embeddable":true,"href":"https:\/\/long-join.com\/es\/wp-json\/wp\/v2\/product_cat?post=7305"},{"taxonomy":"product_tag","embeddable":true,"href":"https:\/\/long-join.com\/es\/wp-json\/wp\/v2\/product_tag?post=7305"}],"curies":[{"name":"wp","href":"https:\/\/api.w.org\/{rel}","templated":true}]}}