{"id":5912,"date":"2024-03-08T18:33:19","date_gmt":"2024-03-08T10:33:19","guid":{"rendered":"https:\/\/long-join.com\/?post_type=product&#038;p=5912"},"modified":"2024-03-19T16:38:55","modified_gmt":"2024-03-19T08:38:55","slug":"venta-al-por-mayor-de-receptaculo-de-fotocontrol-ansi-c136-41-de-5-pines-jl-240sxb","status":"publish","type":"product","link":"https:\/\/long-join.com\/es\/product\/wholesale-sale-ansi-c136-41-5-pin-photocontrol-receptacle-jl-240sxb\/","title":{"rendered":"Venta al por mayor de recept\u00e1culo de fotocontrol ANSI C136.41 de 5 pines JL-240SXB"},"content":{"rendered":"<blockquote><p>El JL-240SXB es un recept\u00e1culo NEMA tipo compacto con un sello de goma impermeable.<\/p><\/blockquote>\n<blockquote><p>Si bien comparte similitudes con el recept\u00e1culo JL-240XB est\u00e1ndar, como el tama\u00f1o de di\u00e1metro com\u00fan y las 5 clavijas de ping, y el calibre del cable #16AWG o 14AWG, y su recept\u00e1culo trasero con 5 cables y marcas de diferentes colores (rojo, negro, rosa y violeta).<\/p><\/blockquote>\n<blockquote><p>Este recept\u00e1culo tiene un aspecto significativamente diferente. Por ejemplo, hay una estructura caracter\u00edstica que incluye un anillo de goma de silicona compacto y un dise\u00f1o ultradelgado, y lo mismo ocurre con el terminal trasero inferior.<\/p><\/blockquote>\n<blockquote><p>Para que sea m\u00e1s f\u00e1cil de colocar en las luminarias y permitir un uso m\u00e1s eficiente del espacio dentro de una luminaria.<\/p><\/blockquote>\n<blockquote><p>Caracter\u00edstica<\/p><\/blockquote>\n<blockquote><p>* Esta base de recept\u00e1culo tipo JL-240SXB cumple con varias certificaciones, como CB, CE, RoHS y UL.<\/p><\/blockquote>\n<blockquote><p>* Es importante realizar mejores ensamblajes de cables con cableado herm\u00e9tico y hacerlos con prensaestopas impermeables.<\/p><\/blockquote>\n<blockquote><p>* Dise\u00f1o de cuerpo corto con terminal trasero inferior para luminaria de espacio estrecho.<\/p><\/blockquote>","protected":false},"excerpt":{"rendered":"<p>1. Modelo del producto: JL-240SXB<br \/>\n2. Voltaje nominal: 0-480 VCA<br \/>\n3. Material: PBT o PC y a\u00f1adir estabilizador UV<br \/>\n4. Calibre de cables: #14, #16<br \/>\n5. Est\u00e1ndar compatible: ANSI C136.41, CE, ROHS, UL<\/p>","protected":false},"featured_media":5920,"template":"","meta":{"_acf_changed":false,"_seopress_robots_primary_cat":"none","_seopress_titles_title":"","_seopress_titles_desc":"","_seopress_robots_index":""},"product_brand":[],"product_cat":[57,31,28],"product_tag":[],"class_list":{"0":"post-5912","1":"product","2":"type-product","3":"status-publish","4":"has-post-thumbnail","6":"product_cat-nema-5-pin-receptacle","7":"product_cat-nema-standard-connector","8":"product_cat-our-product","10":"first","11":"instock","12":"shipping-taxable","13":"product-type-simple"},"acf":[],"_links":{"self":[{"href":"https:\/\/long-join.com\/es\/wp-json\/wp\/v2\/product\/5912","targetHints":{"allow":["GET"]}}],"collection":[{"href":"https:\/\/long-join.com\/es\/wp-json\/wp\/v2\/product"}],"about":[{"href":"https:\/\/long-join.com\/es\/wp-json\/wp\/v2\/types\/product"}],"version-history":[{"count":1,"href":"https:\/\/long-join.com\/es\/wp-json\/wp\/v2\/product\/5912\/revisions"}],"predecessor-version":[{"id":6186,"href":"https:\/\/long-join.com\/es\/wp-json\/wp\/v2\/product\/5912\/revisions\/6186"}],"wp:featuredmedia":[{"embeddable":true,"href":"https:\/\/long-join.com\/es\/wp-json\/wp\/v2\/media\/5920"}],"wp:attachment":[{"href":"https:\/\/long-join.com\/es\/wp-json\/wp\/v2\/media?parent=5912"}],"wp:term":[{"taxonomy":"product_brand","embeddable":true,"href":"https:\/\/long-join.com\/es\/wp-json\/wp\/v2\/product_brand?post=5912"},{"taxonomy":"product_cat","embeddable":true,"href":"https:\/\/long-join.com\/es\/wp-json\/wp\/v2\/product_cat?post=5912"},{"taxonomy":"product_tag","embeddable":true,"href":"https:\/\/long-join.com\/es\/wp-json\/wp\/v2\/product_tag?post=5912"}],"curies":[{"name":"wp","href":"https:\/\/api.w.org\/{rel}","templated":true}]}}