{"id":4502,"date":"2023-12-13T14:13:39","date_gmt":"2023-12-13T06:13:39","guid":{"rendered":"https:\/\/long-join.com\/?post_type=product&#038;p=4502"},"modified":"2023-12-13T14:19:09","modified_gmt":"2023-12-13T06:19:09","slug":"fotocelula-tipo-boton-homologada-por-ul773a-277-v-ca","status":"publish","type":"product","link":"https:\/\/long-join.com\/es\/product\/ul773a-listed-button-style-photocell-277vac\/","title":{"rendered":"Fotoc\u00e9lula tipo bot\u00f3n homologada por UL773A, 277 V CA"},"content":{"rendered":"<blockquote><p>El interruptor fotoel\u00e9ctrico de la serie JL-423 es aplicable para controlar la iluminaci\u00f3n de calles, pasillos y puertas de forma autom\u00e1tica de acuerdo con el nivel de iluminaci\u00f3n ambiental.<\/p><\/blockquote>\n<p><strong>Caracter\u00edstica<\/strong><\/p>\n<ol>\n<li>Retardo de tiempo de 3 a 10 s.<\/li>\n<li>JL-423C proporciona un amplio rango de voltaje: 90-305 V, o seg\u00fan solicitud del cliente.<\/li>\n<li>Consumo de energ\u00eda: 0,5 W m\u00e1x.<\/li>\n<li>Modos de encendido y apagado disponibles<\/li>\n<\/ol>","protected":false},"excerpt":{"rendered":"<p>1. Modelo del producto: JL-423C<br \/>\n2. Voltaje nominal: 120-277 VCA<br \/>\n3. Nivel de lux encendido\/apagado: 16 Lx encendido; 24 Lx apagado<br \/>\n4. Clasificaci\u00f3n IP: IP65<br \/>\n5. Est\u00e1ndares compatibles: CE, ROHS, UL<\/p>","protected":false},"featured_media":4511,"template":"","meta":{"_acf_changed":false,"_seopress_robots_primary_cat":"none","_seopress_titles_title":"","_seopress_titles_desc":"","_seopress_robots_index":""},"product_brand":[],"product_cat":[62,28,30],"product_tag":[],"class_list":{"0":"post-4502","1":"product","2":"type-product","3":"status-publish","4":"has-post-thumbnail","6":"product_cat-button-photocell","7":"product_cat-our-product","8":"product_cat-wire-in-controllers","10":"first","11":"instock","12":"shipping-taxable","13":"product-type-simple"},"acf":[],"_links":{"self":[{"href":"https:\/\/long-join.com\/es\/wp-json\/wp\/v2\/product\/4502","targetHints":{"allow":["GET"]}}],"collection":[{"href":"https:\/\/long-join.com\/es\/wp-json\/wp\/v2\/product"}],"about":[{"href":"https:\/\/long-join.com\/es\/wp-json\/wp\/v2\/types\/product"}],"version-history":[{"count":0,"href":"https:\/\/long-join.com\/es\/wp-json\/wp\/v2\/product\/4502\/revisions"}],"wp:featuredmedia":[{"embeddable":true,"href":"https:\/\/long-join.com\/es\/wp-json\/wp\/v2\/media\/4511"}],"wp:attachment":[{"href":"https:\/\/long-join.com\/es\/wp-json\/wp\/v2\/media?parent=4502"}],"wp:term":[{"taxonomy":"product_brand","embeddable":true,"href":"https:\/\/long-join.com\/es\/wp-json\/wp\/v2\/product_brand?post=4502"},{"taxonomy":"product_cat","embeddable":true,"href":"https:\/\/long-join.com\/es\/wp-json\/wp\/v2\/product_cat?post=4502"},{"taxonomy":"product_tag","embeddable":true,"href":"https:\/\/long-join.com\/es\/wp-json\/wp\/v2\/product_tag?post=4502"}],"curies":[{"name":"wp","href":"https:\/\/api.w.org\/{rel}","templated":true}]}}