{"id":4494,"date":"2023-12-12T17:46:22","date_gmt":"2023-12-12T09:46:22","guid":{"rendered":"https:\/\/long-join.com\/?post_type=product&#038;p=4494"},"modified":"2023-12-12T17:46:22","modified_gmt":"2023-12-12T09:46:22","slug":"fotocelula-de-montaje-giratorio-de-1800-vatios","status":"publish","type":"product","link":"https:\/\/long-join.com\/es\/product\/swivel-mount-photocell-with-1800-wattt\/","title":{"rendered":"Fotoc\u00e9lula de montaje giratorio de 1800 vatios"},"content":{"rendered":"<p>La fotoc\u00e9lula de montaje giratorio de la serie JL-424 es aplicable para controlar la iluminaci\u00f3n de paso y de puerta autom\u00e1ticamente de acuerdo con el nivel de iluminaci\u00f3n ambiental.<\/p>\n<blockquote><p>Caracter\u00edstica<\/p><\/blockquote>\n<ol>\n<li>Despu\u00e9s de la instalaci\u00f3n, puede ajustarlo 180 grados en horizontal.<\/li>\n<li>Controlador de tipo multivoltaje disponible y de entrada directa UL773A<\/li>\n<li>Rosca de tornillo (NPT 1\/2\u2033); Tuerca de aleaci\u00f3n de zinc;<\/li>\n<li>Retardo de tiempo de 20 a 120 s<\/li>\n<\/ol>","protected":false},"excerpt":{"rendered":"<p>1. Modelo del producto: JL-424C<br \/>\n2. Voltaje nominal: 120-277 VCA<br \/>\n3. Nivel de lux encendido\/apagado: 16 Lx encendido; 24 Lx apagado<br \/>\n4. Clasificaci\u00f3n IP: IP65\/IP54<br \/>\n5. Est\u00e1ndares compatibles: CE, ROHS, UL<\/p>","protected":false},"featured_media":4500,"template":"","meta":{"_acf_changed":false,"_seopress_robots_primary_cat":"","_seopress_titles_title":"","_seopress_titles_desc":"","_seopress_robots_index":""},"product_brand":[],"product_cat":[28,63,30],"product_tag":[],"class_list":{"0":"post-4494","1":"product","2":"type-product","3":"status-publish","4":"has-post-thumbnail","6":"product_cat-our-product","7":"product_cat-swivel-stem-control","8":"product_cat-wire-in-controllers","10":"first","11":"instock","12":"shipping-taxable","13":"product-type-simple"},"acf":[],"_links":{"self":[{"href":"https:\/\/long-join.com\/es\/wp-json\/wp\/v2\/product\/4494","targetHints":{"allow":["GET"]}}],"collection":[{"href":"https:\/\/long-join.com\/es\/wp-json\/wp\/v2\/product"}],"about":[{"href":"https:\/\/long-join.com\/es\/wp-json\/wp\/v2\/types\/product"}],"version-history":[{"count":0,"href":"https:\/\/long-join.com\/es\/wp-json\/wp\/v2\/product\/4494\/revisions"}],"wp:featuredmedia":[{"embeddable":true,"href":"https:\/\/long-join.com\/es\/wp-json\/wp\/v2\/media\/4500"}],"wp:attachment":[{"href":"https:\/\/long-join.com\/es\/wp-json\/wp\/v2\/media?parent=4494"}],"wp:term":[{"taxonomy":"product_brand","embeddable":true,"href":"https:\/\/long-join.com\/es\/wp-json\/wp\/v2\/product_brand?post=4494"},{"taxonomy":"product_cat","embeddable":true,"href":"https:\/\/long-join.com\/es\/wp-json\/wp\/v2\/product_cat?post=4494"},{"taxonomy":"product_tag","embeddable":true,"href":"https:\/\/long-join.com\/es\/wp-json\/wp\/v2\/product_tag?post=4494"}],"curies":[{"name":"wp","href":"https:\/\/api.w.org\/{rel}","templated":true}]}}