{"id":4458,"date":"2023-12-08T20:21:52","date_gmt":"2023-12-08T12:21:52","guid":{"rendered":"https:\/\/long-join.com\/?post_type=product&#038;p=4458"},"modified":"2023-12-08T20:34:44","modified_gmt":"2023-12-08T12:34:44","slug":"fotocelula-giratoria-jl-404c-de-union-larga-homologada-por-ul-120-277-v","status":"publish","type":"product","link":"https:\/\/long-join.com\/es\/product\/ul-listed-long-join-120-277v-swivel-photocell-jl-404c\/","title":{"rendered":"Fotoc\u00e9lula giratoria de uni\u00f3n larga de 120-277 V con certificaci\u00f3n UL JL-404C"},"content":{"rendered":"<p>El interruptor de fotoc\u00e9lula JL-404C es aplicable para controlar la iluminaci\u00f3n del paso y la iluminaci\u00f3n de la puerta autom\u00e1ticamente de acuerdo con el nivel de iluminaci\u00f3n ambiental.<\/p>\n<blockquote><p>Caracter\u00edstica<\/p><\/blockquote>\n<ol>\n<li>Ajuste de direcci\u00f3n de 180 grados y carga nominal de 500 W de tungsteno.<\/li>\n<li>Listado por UL y JL-404C proporciona un amplio voltaje<\/li>\n<li>Rosca de tornillo (NPT 1\/2\u2033) y tuerca de aleaci\u00f3n de zinc;<\/li>\n<li>Modo de falla: Falla<\/li>\n<li>Retardo de tiempo de 3 a 10 s<\/li>\n<\/ol>","protected":false},"excerpt":{"rendered":"<p>1. Modelo del producto: JL-404C<br \/>\n2. Voltaje nominal: 120-277 VCA<br \/>\n3. Nivel de lux encendido\/apagado: 10-20 Lx encendido; 30-80 Lx apagado<br \/>\n4. Clasificaci\u00f3n IP: IP54<br \/>\n5. Est\u00e1ndares compatibles: CE, ROHS, UL<\/p>","protected":false},"featured_media":4469,"template":"","meta":{"_acf_changed":false,"_seopress_robots_primary_cat":"none","_seopress_titles_title":"","_seopress_titles_desc":"","_seopress_robots_index":""},"product_brand":[],"product_cat":[28,63,30],"product_tag":[],"class_list":{"0":"post-4458","1":"product","2":"type-product","3":"status-publish","4":"has-post-thumbnail","6":"product_cat-our-product","7":"product_cat-swivel-stem-control","8":"product_cat-wire-in-controllers","10":"first","11":"instock","12":"shipping-taxable","13":"product-type-simple"},"acf":[],"_links":{"self":[{"href":"https:\/\/long-join.com\/es\/wp-json\/wp\/v2\/product\/4458","targetHints":{"allow":["GET"]}}],"collection":[{"href":"https:\/\/long-join.com\/es\/wp-json\/wp\/v2\/product"}],"about":[{"href":"https:\/\/long-join.com\/es\/wp-json\/wp\/v2\/types\/product"}],"version-history":[{"count":0,"href":"https:\/\/long-join.com\/es\/wp-json\/wp\/v2\/product\/4458\/revisions"}],"wp:featuredmedia":[{"embeddable":true,"href":"https:\/\/long-join.com\/es\/wp-json\/wp\/v2\/media\/4469"}],"wp:attachment":[{"href":"https:\/\/long-join.com\/es\/wp-json\/wp\/v2\/media?parent=4458"}],"wp:term":[{"taxonomy":"product_brand","embeddable":true,"href":"https:\/\/long-join.com\/es\/wp-json\/wp\/v2\/product_brand?post=4458"},{"taxonomy":"product_cat","embeddable":true,"href":"https:\/\/long-join.com\/es\/wp-json\/wp\/v2\/product_cat?post=4458"},{"taxonomy":"product_tag","embeddable":true,"href":"https:\/\/long-join.com\/es\/wp-json\/wp\/v2\/product_tag?post=4458"}],"curies":[{"name":"wp","href":"https:\/\/api.w.org\/{rel}","templated":true}]}}