{"id":4447,"date":"2023-12-08T18:57:42","date_gmt":"2023-12-08T10:57:42","guid":{"rendered":"https:\/\/long-join.com\/?post_type=product&#038;p=4447"},"modified":"2023-12-08T19:47:34","modified_gmt":"2023-12-08T11:47:34","slug":"fotocelula-giratoria-con-ajuste-de-direccion-jl-104a-union-larga","status":"publish","type":"product","link":"https:\/\/long-join.com\/es\/product\/direction-adjustment-swivel-photocell-jl-104a-long-join\/","title":{"rendered":"Fotoc\u00e9lula giratoria de ajuste de direcci\u00f3n JL-104A de uni\u00f3n larga"},"content":{"rendered":"<p>El interruptor de fotoc\u00e9lula de la serie JL-104 es aplicable para controlar la iluminaci\u00f3n de paso y la iluminaci\u00f3n de la puerta autom\u00e1ticamente de acuerdo con el nivel de iluminaci\u00f3n ambiental.<\/p>\n<blockquote><p>Caracter\u00edstica<\/p><\/blockquote>\n<ol>\n<li>Ajuste de direcci\u00f3n 180 grados en horizontal<\/li>\n<li>Controlador de tipo multivoltaje disponible y listado por UL<\/li>\n<li>Rosca de tornillo (NPT 1\/2\u2033) y tuerca de aleaci\u00f3n de zinc;<\/li>\n<li>Retardo de tiempo de 20 a 120 s<\/li>\n<\/ol>","protected":false},"excerpt":{"rendered":"<p>1. Modelo del producto: JL-104A<br \/>\n2. Voltaje nominal: 120 V<br \/>\n3. Nivel de lux encendido\/apagado: 10-20 Lx encendido; 30-60 Lx apagado<br \/>\n4. Clasificaci\u00f3n IP: IP54<br \/>\n5. Est\u00e1ndares compatibles: CE, ROHS, UL<\/p>\n<p>&nbsp;<\/p>","protected":false},"featured_media":4455,"template":"","meta":{"_acf_changed":false,"_seopress_robots_primary_cat":"none","_seopress_titles_title":"","_seopress_titles_desc":"","_seopress_robots_index":""},"product_brand":[],"product_cat":[28,63,30],"product_tag":[],"class_list":{"0":"post-4447","1":"product","2":"type-product","3":"status-publish","4":"has-post-thumbnail","6":"product_cat-our-product","7":"product_cat-swivel-stem-control","8":"product_cat-wire-in-controllers","10":"first","11":"instock","12":"shipping-taxable","13":"product-type-simple"},"acf":[],"_links":{"self":[{"href":"https:\/\/long-join.com\/es\/wp-json\/wp\/v2\/product\/4447","targetHints":{"allow":["GET"]}}],"collection":[{"href":"https:\/\/long-join.com\/es\/wp-json\/wp\/v2\/product"}],"about":[{"href":"https:\/\/long-join.com\/es\/wp-json\/wp\/v2\/types\/product"}],"version-history":[{"count":0,"href":"https:\/\/long-join.com\/es\/wp-json\/wp\/v2\/product\/4447\/revisions"}],"wp:featuredmedia":[{"embeddable":true,"href":"https:\/\/long-join.com\/es\/wp-json\/wp\/v2\/media\/4455"}],"wp:attachment":[{"href":"https:\/\/long-join.com\/es\/wp-json\/wp\/v2\/media?parent=4447"}],"wp:term":[{"taxonomy":"product_brand","embeddable":true,"href":"https:\/\/long-join.com\/es\/wp-json\/wp\/v2\/product_brand?post=4447"},{"taxonomy":"product_cat","embeddable":true,"href":"https:\/\/long-join.com\/es\/wp-json\/wp\/v2\/product_cat?post=4447"},{"taxonomy":"product_tag","embeddable":true,"href":"https:\/\/long-join.com\/es\/wp-json\/wp\/v2\/product_tag?post=4447"}],"curies":[{"name":"wp","href":"https:\/\/api.w.org\/{rel}","templated":true}]}}