{"id":4376,"date":"2023-12-06T18:32:59","date_gmt":"2023-12-06T10:32:59","guid":{"rendered":"https:\/\/long-join.com\/?post_type=product&#038;p=4376"},"modified":"2023-12-12T17:49:42","modified_gmt":"2023-12-12T09:49:42","slug":"fotocelula-de-boton-mini-403c-120-277vac-union-larga-marca","status":"publish","type":"product","link":"https:\/\/long-join.com\/es\/product\/403c-mini-button-photocell-120-277vac-long-join-brand\/","title":{"rendered":"Fotoc\u00e9lula de bot\u00f3n mini 403C, 120-277 V CA, uni\u00f3n larga"},"content":{"rendered":"<blockquote><p>El interruptor fotoel\u00e9ctrico JL-403 es aplicable para controlar la iluminaci\u00f3n de calles, pasillos y puertas de forma autom\u00e1tica de acuerdo con el nivel de iluminaci\u00f3n ambiental.<\/p><\/blockquote>\n<p><strong>Caracter\u00edstica<\/strong><\/p>\n<ol>\n<li>Retardo de tiempo de 3 a 10 s.<\/li>\n<li>JL-403C proporciona un amplio voltaje o solicitud del cliente.<\/li>\n<li>Un retraso de tiempo preestablecido de 3 a 10 segundos puede evitar un funcionamiento incorrecto debido a focos o rayos durante la noche.<\/li>\n<li>Norma compatible con interruptores fotoel\u00e9ctricos no industriales para control de iluminaci\u00f3n UL773A.<\/li>\n<\/ol>","protected":false},"excerpt":{"rendered":"<p>1. Modelo del producto: JL-403C<br \/>\n2. Voltaje nominal: 120-277 VCA<br \/>\n3. Nivel de lux encendido\/apagado: 6 Lx encendido; 50 Lx apagado<br \/>\n4. Clasificaci\u00f3n IP: IP54<br \/>\n5. Est\u00e1ndares compatibles: CE, ROHS, UL<\/p>","protected":false},"featured_media":4384,"template":"","meta":{"_acf_changed":false,"_seopress_robots_primary_cat":"none","_seopress_titles_title":"","_seopress_titles_desc":"","_seopress_robots_index":""},"product_brand":[],"product_cat":[62,28,30],"product_tag":[],"class_list":{"0":"post-4376","1":"product","2":"type-product","3":"status-publish","4":"has-post-thumbnail","6":"product_cat-button-photocell","7":"product_cat-our-product","8":"product_cat-wire-in-controllers","10":"first","11":"instock","12":"shipping-taxable","13":"product-type-simple"},"acf":[],"_links":{"self":[{"href":"https:\/\/long-join.com\/es\/wp-json\/wp\/v2\/product\/4376","targetHints":{"allow":["GET"]}}],"collection":[{"href":"https:\/\/long-join.com\/es\/wp-json\/wp\/v2\/product"}],"about":[{"href":"https:\/\/long-join.com\/es\/wp-json\/wp\/v2\/types\/product"}],"version-history":[{"count":0,"href":"https:\/\/long-join.com\/es\/wp-json\/wp\/v2\/product\/4376\/revisions"}],"wp:featuredmedia":[{"embeddable":true,"href":"https:\/\/long-join.com\/es\/wp-json\/wp\/v2\/media\/4384"}],"wp:attachment":[{"href":"https:\/\/long-join.com\/es\/wp-json\/wp\/v2\/media?parent=4376"}],"wp:term":[{"taxonomy":"product_brand","embeddable":true,"href":"https:\/\/long-join.com\/es\/wp-json\/wp\/v2\/product_brand?post=4376"},{"taxonomy":"product_cat","embeddable":true,"href":"https:\/\/long-join.com\/es\/wp-json\/wp\/v2\/product_cat?post=4376"},{"taxonomy":"product_tag","embeddable":true,"href":"https:\/\/long-join.com\/es\/wp-json\/wp\/v2\/product_tag?post=4376"}],"curies":[{"name":"wp","href":"https:\/\/api.w.org\/{rel}","templated":true}]}}