{"id":4116,"date":"2023-12-01T18:36:58","date_gmt":"2023-12-01T10:36:58","guid":{"rendered":"https:\/\/long-join.com\/?post_type=product&#038;p=4116"},"modified":"2023-12-07T18:00:28","modified_gmt":"2023-12-07T10:00:28","slug":"fotocelula-tipo-boton-jl-103a-120vca","status":"publish","type":"product","link":"https:\/\/long-join.com\/es\/product\/jl-103a-button-type-photocell-120vac\/","title":{"rendered":"Fotoc\u00e9lula tipo bot\u00f3n JL-103A 120 V CA"},"content":{"rendered":"<blockquote><p>El fotocontrol JL-103 es aplicable para controlar la iluminaci\u00f3n de pasos y puertas de forma autom\u00e1tica de acuerdo con el nivel de iluminaci\u00f3n ambiental.<\/p><\/blockquote>\n<blockquote><p>Esta fotoc\u00e9lula de bot\u00f3n es adecuada para especies de accesorios de l\u00e1mpara, incluye luces de paisaje, focos de jard\u00edn, reflectores LED, luz de montaje en pared con paquete LED y luces de granero LED, etc.<\/p><\/blockquote>\n<blockquote><p>Nuestros clientes de pa\u00edses \u00e1rabes tienen una preferencia particular por los controles de luz tipo bot\u00f3n con panel de aluminio, como los modelos JL-103AW y JL103A con accesorios de panel de aluminio. Si se atienden las necesidades espec\u00edficas del mercado, los clientes tambi\u00e9n pueden optar por el panel modelo 86 (cuadrado), una caracter\u00edstica distintiva de la demanda observada entre los clientes de Arabia Saudita.<\/p><\/blockquote>","protected":false},"excerpt":{"rendered":"<p>1. Modelo del producto: JL-103A<br \/>\n2. Voltaje nominal: 120 VCA<br \/>\n3. Nivel de lux encendido\/apagado: 10-20 Lx encendido; 30-60 Lx apagado<br \/>\n4. Clasificaci\u00f3n IP: IP54<br \/>\n5. Est\u00e1ndares compatibles: CE, ROHS, UL<\/p>","protected":false},"featured_media":4119,"template":"","meta":{"_acf_changed":false,"_seopress_robots_primary_cat":"none","_seopress_titles_title":"","_seopress_titles_desc":"","_seopress_robots_index":""},"product_brand":[],"product_cat":[62,28,30],"product_tag":[],"class_list":{"0":"post-4116","1":"product","2":"type-product","3":"status-publish","4":"has-post-thumbnail","6":"product_cat-button-photocell","7":"product_cat-our-product","8":"product_cat-wire-in-controllers","10":"first","11":"instock","12":"shipping-taxable","13":"product-type-simple"},"acf":[],"_links":{"self":[{"href":"https:\/\/long-join.com\/es\/wp-json\/wp\/v2\/product\/4116","targetHints":{"allow":["GET"]}}],"collection":[{"href":"https:\/\/long-join.com\/es\/wp-json\/wp\/v2\/product"}],"about":[{"href":"https:\/\/long-join.com\/es\/wp-json\/wp\/v2\/types\/product"}],"version-history":[{"count":0,"href":"https:\/\/long-join.com\/es\/wp-json\/wp\/v2\/product\/4116\/revisions"}],"wp:featuredmedia":[{"embeddable":true,"href":"https:\/\/long-join.com\/es\/wp-json\/wp\/v2\/media\/4119"}],"wp:attachment":[{"href":"https:\/\/long-join.com\/es\/wp-json\/wp\/v2\/media?parent=4116"}],"wp:term":[{"taxonomy":"product_brand","embeddable":true,"href":"https:\/\/long-join.com\/es\/wp-json\/wp\/v2\/product_brand?post=4116"},{"taxonomy":"product_cat","embeddable":true,"href":"https:\/\/long-join.com\/es\/wp-json\/wp\/v2\/product_cat?post=4116"},{"taxonomy":"product_tag","embeddable":true,"href":"https:\/\/long-join.com\/es\/wp-json\/wp\/v2\/product_tag?post=4116"}],"curies":[{"name":"wp","href":"https:\/\/api.w.org\/{rel}","templated":true}]}}