{"id":4107,"date":"2023-12-01T18:00:22","date_gmt":"2023-12-01T10:00:22","guid":{"rendered":"https:\/\/long-join.com\/?post_type=product&#038;p=4107"},"modified":"2024-12-19T15:16:15","modified_gmt":"2024-12-19T07:16:15","slug":"controlador-de-luz-inteligente-inalambrico-zigbee-con-interruptor-de-control-fotografico-jl-245cz","status":"publish","type":"product","link":"https:\/\/long-join.com\/es\/product\/zigbee-wireless-intelligent-light-controller-switch-photo-control-jl-245cz\/","title":{"rendered":"Controlador de luz inteligente inal\u00e1mbrico Zigbee con interruptor de control fotogr\u00e1fico JL-245CZ"},"content":{"rendered":"<blockquote><p><a href=\"https:\/\/long-join.com\/es\/product\/controlador-de-alumbrado-publico-inteligente-inalambrico-jl-246cg-master-zigbee-120-277-v-ca\/\" rel=\"sponsored nofollow \">JL-246CG<\/a> El controlador inal\u00e1mbrico ZigBee es un controlador maestro con conexi\u00f3n inal\u00e1mbrica descendente multipunto JL-245CZ. Gracias a su funci\u00f3n de transmisi\u00f3n de datos, se conecta autom\u00e1ticamente a servicios de terminales en la nube mediante diversas comunicaciones LTE Cat1 o 2G\/3G\/4G\/NB-IOT\/LoRa\/Sigfox. Adem\u00e1s, este controlador cuenta con una funci\u00f3n de control estrat\u00e9gico que activa y desactiva autom\u00e1ticamente la iluminaci\u00f3n desde el anochecer hasta el amanecer. Consejos: Modo de control de iluminaci\u00f3n local: El controlador de iluminaci\u00f3n funciona autom\u00e1ticamente seg\u00fan las condiciones de lux de la iluminaci\u00f3n externa.<\/p>\n<p><img fetchpriority=\"high\" decoding=\"async\" class=\"wp-image-10412 size-full\" src=\"http:\/\/long-join.com\/wp-content\/uploads\/2024\/12\/246CG_04.jpg\" alt=\"Controlador maestro inteligente 246CG_04\" width=\"750\" height=\"963\" srcset=\"https:\/\/long-join.com\/wp-content\/uploads\/2024\/12\/246CG_04.jpg 750w, https:\/\/long-join.com\/wp-content\/uploads\/2024\/12\/246CG_04-234x300.jpg 234w, https:\/\/long-join.com\/wp-content\/uploads\/2024\/12\/246CG_04-600x770.jpg 600w\" sizes=\"(max-width: 750px) 100vw, 750px\" \/><\/p><\/blockquote>\n<blockquote><p>*Las series JL-245 y JL-246 de controladores de iluminaci\u00f3n inteligentes son aptas para aplicaciones de control individual o de sistemas de ciudades inteligentes, como carreteras, exposiciones, escuelas, centros comerciales, supermercados, f\u00e1bricas, parques, etc. Estos controladores pueden funcionar como controladores de l\u00e1mparas independientes con estrategias locales. Nuestro controlador JL-245CZ cuenta con comunicaci\u00f3n inal\u00e1mbrica ZigBee, transmisi\u00f3n de datos de carga y regulaci\u00f3n de 0-10 V.<\/p><\/blockquote>\n<blockquote><p>En el aspecto de comunicaci\u00f3n de IoT, es uno de los sistemas de iluminaci\u00f3n inteligente UM9000 y carga datos (origen de datos de: dispositivo de iluminaci\u00f3n, unidad LED y monitor de pantalla LED, iluminaci\u00f3n de alarma y se\u00f1al del veh\u00edculo de transporte, etc.) al controlador maestro <a href=\"https:\/\/long-join.com\/es\/product\/controlador-de-alumbrado-publico-inteligente-inalambrico-jl-246cg-master-zigbee-120-277-v-ca\/\" target=\"_blank\" rel=\"nofollow noopener\">JL-246CG<\/a>Puede consultar sobre este tipo de controlador y si admite la conexi\u00f3n a un sistema de control de gesti\u00f3n local. Informaci\u00f3n: control est\u00e1ndar con comunicaci\u00f3n inal\u00e1mbrica, para conectar un nodo al sistema de gesti\u00f3n de ciudades inteligentes local. El equipo t\u00e9cnico de Long-join puede escribir la transferencia del documento del protocolo UART.<\/p><\/blockquote>\n<blockquote><p>*Sistema de red de gesti\u00f3n de IoT UM9000 (WAN): M JL-245C y un JL-246CW o JL-246CG para componer una red Zigbee de control de iluminaci\u00f3n, luego use una red N *Zigbee para componer una red m\u00e1s grande.<\/p><\/blockquote>\n<blockquote><p>Observaciones:<\/p>\n<blockquote><p>1\u3001M es la cantidad de controladores individuales, se recomienda \u2264 50<\/p><\/blockquote>\n<blockquote><p>2\u3001 M*JL-245C + 1*JL-246 Forman una red ZigBee<\/p><\/blockquote>\n<blockquote><p>3\u3001 N es la cantidad de red ZigBee<\/p><\/blockquote>\n<\/blockquote>\n<blockquote><p><strong>Caracter\u00edsticas del JL-246CZ<\/strong><\/p><\/blockquote>\n<blockquote><p>* Tecnolog\u00eda de red ad hoc Zigbee, y esta conexi\u00f3n inal\u00e1mbrica puede soportar <strong>malla<\/strong> funci\u00f3n de red y trabajo en bandas de frecuencia libres de 2,4 GHz (global), 868 MHz (europea) y 915 MHz (americana).<\/p><\/blockquote>\n<blockquote><p>* Distancia de comunicaci\u00f3n zigbee: \u22641000 m<\/p><\/blockquote>\n<blockquote><p>* Altitud: \u22644000m<\/p><\/blockquote>\n<blockquote><p>* Cubierta tipo s\u00e1ndwich para larga duraci\u00f3n, esta forma con doble PC<\/p><\/blockquote>\n<blockquote><p>* Nivel de protecci\u00f3n contra sobretensiones: modo diferencial 6KV\/3KA<\/p><\/blockquote>\n<p><strong>El diagrama de cableado del controlador NEMA de 7 pines es el siguiente<\/strong><\/p>\n<p><img decoding=\"async\" class=\"wp-image-10460 size-full\" title=\"Controlador inal\u00e1mbrico inteligente JL-245CZ016\" src=\"http:\/\/long-join.com\/wp-content\/uploads\/2023\/12\/JL-245CZ016.jpg\" alt=\"Controlador inal\u00e1mbrico inteligente JL-245CZ016\" width=\"750\" height=\"613\" srcset=\"https:\/\/long-join.com\/wp-content\/uploads\/2023\/12\/JL-245CZ016.jpg 750w, https:\/\/long-join.com\/wp-content\/uploads\/2023\/12\/JL-245CZ016-300x245.jpg 300w, https:\/\/long-join.com\/wp-content\/uploads\/2023\/12\/JL-245CZ016-600x490.jpg 600w\" sizes=\"(max-width: 750px) 100vw, 750px\" \/><\/p>\n<table style=\"height: 286px;\" border=\"1\" width=\"436\" cellspacing=\"0\" cellpadding=\"0\">\n<tbody>\n<tr>\n<td width=\"101\">Color<\/td>\n<td width=\"88\">Definici\u00f3n de PIN<\/td>\n<\/tr>\n<tr>\n<td>Marr\u00f3n<\/td>\n<td>Suelo<\/td>\n<\/tr>\n<tr>\n<td>Naranja<\/td>\n<td>Atenuaci\u00f3n PWM o 0-10v<\/td>\n<\/tr>\n<tr>\n<td>Gris<\/td>\n<td>Tierra<\/td>\n<\/tr>\n<tr>\n<td>P\u00farpura<\/td>\n<td>0-10 V +<\/td>\n<\/tr>\n<tr>\n<td>Negro<\/td>\n<td>Entrada de CA Li<\/td>\n<\/tr>\n<tr>\n<td>Blanco<\/td>\n<td>Entrada de CA N<\/td>\n<\/tr>\n<tr>\n<td>Rojo<\/td>\n<td>Entrada de CA Lo<\/td>\n<\/tr>\n<\/tbody>\n<\/table>\n<p>&nbsp;<\/p>","protected":false},"excerpt":{"rendered":"<p>1. Modelo del producto: JL-245CZ<br \/>\n2. Clasificaci\u00f3n IP: IP65\/IP67<br \/>\n3. Inal\u00e1mbrico: Zigbee<br \/>\n4. Salida de atenuaci\u00f3n: 0-10 V\/PWM<\/p>","protected":false},"featured_media":4113,"template":"","meta":{"_acf_changed":false,"_seopress_robots_primary_cat":"none","_seopress_titles_title":"","_seopress_titles_desc":"","_seopress_robots_index":""},"product_brand":[],"product_cat":[60,59,55],"product_tag":[],"class_list":{"0":"post-4107","1":"product","2":"type-product","3":"status-publish","4":"has-post-thumbnail","6":"product_cat-dimming-photocontrol","7":"product_cat-smart-photocell-sensor","8":"product_cat-twist-lock-photocontrollers","10":"first","11":"instock","12":"shipping-taxable","13":"product-type-simple"},"acf":[],"_links":{"self":[{"href":"https:\/\/long-join.com\/es\/wp-json\/wp\/v2\/product\/4107","targetHints":{"allow":["GET"]}}],"collection":[{"href":"https:\/\/long-join.com\/es\/wp-json\/wp\/v2\/product"}],"about":[{"href":"https:\/\/long-join.com\/es\/wp-json\/wp\/v2\/types\/product"}],"version-history":[{"count":14,"href":"https:\/\/long-join.com\/es\/wp-json\/wp\/v2\/product\/4107\/revisions"}],"predecessor-version":[{"id":10500,"href":"https:\/\/long-join.com\/es\/wp-json\/wp\/v2\/product\/4107\/revisions\/10500"}],"wp:featuredmedia":[{"embeddable":true,"href":"https:\/\/long-join.com\/es\/wp-json\/wp\/v2\/media\/4113"}],"wp:attachment":[{"href":"https:\/\/long-join.com\/es\/wp-json\/wp\/v2\/media?parent=4107"}],"wp:term":[{"taxonomy":"product_brand","embeddable":true,"href":"https:\/\/long-join.com\/es\/wp-json\/wp\/v2\/product_brand?post=4107"},{"taxonomy":"product_cat","embeddable":true,"href":"https:\/\/long-join.com\/es\/wp-json\/wp\/v2\/product_cat?post=4107"},{"taxonomy":"product_tag","embeddable":true,"href":"https:\/\/long-join.com\/es\/wp-json\/wp\/v2\/product_tag?post=4107"}],"curies":[{"name":"wp","href":"https:\/\/api.w.org\/{rel}","templated":true}]}}