{"id":4097,"date":"2023-12-01T15:59:35","date_gmt":"2023-12-01T07:59:35","guid":{"rendered":"https:\/\/long-join.com\/?post_type=product&#038;p=4097"},"modified":"2025-05-16T17:39:08","modified_gmt":"2025-05-16T09:39:08","slug":"interruptor-de-fotocontrol-termico-serie-jl-202","status":"publish","type":"product","link":"https:\/\/long-join.com\/es\/product\/thermal-photo-control-switch-jl-202-series\/","title":{"rendered":"Interruptor de fotocontrol t\u00e9rmico serie JL-202"},"content":{"rendered":"<blockquote><p>El fotocontrolador de la serie JL-202 es aplicable para controlar la iluminaci\u00f3n de calles, jardines, pasillos y puertas de forma autom\u00e1tica de acuerdo con el nivel de iluminaci\u00f3n natural ambiental.<\/p><\/blockquote>\n<blockquote><p><strong>Caracter\u00edstica<\/strong><\/p><\/blockquote>\n<blockquote><p>1. Principio de trabajo del control bimet\u00e1lico de detecci\u00f3n t\u00e9rmica.<\/p><\/blockquote>\n<blockquote><p>2. Retardo de tiempo de m\u00e1s de 30 segundos para evitar un funcionamiento incorrecto debido a focos o rayos durante la noche.<\/p><\/blockquote>\n<blockquote><p>3. Este producto proporciona tres terminales con bloqueo giratorio que cumplen con los requisitos de ANSI C136.10-1996 y el est\u00e1ndar para fotocontroles enchufables con bloqueo para uso con iluminaci\u00f3n de \u00e1rea UL773.<\/p><\/blockquote>","protected":false},"excerpt":{"rendered":"<p>1. Modelo del producto: JL-202A<br \/>\n2. Voltaje nominal: 120 VCA<br \/>\n3. Nivel de lux de encendido\/apagado: 10~20 Lx encendido\/30~60 Lx apagado<br \/>\n4. Protecci\u00f3n contra sobretensiones: opci\u00f3n<br \/>\n5. Est\u00e1ndares compatibles: CE, ROHS, UL<\/p>","protected":false},"featured_media":4101,"template":"","meta":{"_acf_changed":false,"_seopress_robots_primary_cat":"none","_seopress_titles_title":"","_seopress_titles_desc":"","_seopress_robots_index":""},"product_brand":[],"product_cat":[28,55],"product_tag":[],"class_list":{"0":"post-4097","1":"product","2":"type-product","3":"status-publish","4":"has-post-thumbnail","6":"product_cat-our-product","7":"product_cat-twist-lock-photocontrollers","9":"first","10":"instock","11":"shipping-taxable","12":"product-type-simple"},"acf":[],"_links":{"self":[{"href":"https:\/\/long-join.com\/es\/wp-json\/wp\/v2\/product\/4097","targetHints":{"allow":["GET"]}}],"collection":[{"href":"https:\/\/long-join.com\/es\/wp-json\/wp\/v2\/product"}],"about":[{"href":"https:\/\/long-join.com\/es\/wp-json\/wp\/v2\/types\/product"}],"version-history":[{"count":2,"href":"https:\/\/long-join.com\/es\/wp-json\/wp\/v2\/product\/4097\/revisions"}],"predecessor-version":[{"id":13251,"href":"https:\/\/long-join.com\/es\/wp-json\/wp\/v2\/product\/4097\/revisions\/13251"}],"wp:featuredmedia":[{"embeddable":true,"href":"https:\/\/long-join.com\/es\/wp-json\/wp\/v2\/media\/4101"}],"wp:attachment":[{"href":"https:\/\/long-join.com\/es\/wp-json\/wp\/v2\/media?parent=4097"}],"wp:term":[{"taxonomy":"product_brand","embeddable":true,"href":"https:\/\/long-join.com\/es\/wp-json\/wp\/v2\/product_brand?post=4097"},{"taxonomy":"product_cat","embeddable":true,"href":"https:\/\/long-join.com\/es\/wp-json\/wp\/v2\/product_cat?post=4097"},{"taxonomy":"product_tag","embeddable":true,"href":"https:\/\/long-join.com\/es\/wp-json\/wp\/v2\/product_tag?post=4097"}],"curies":[{"name":"wp","href":"https:\/\/api.w.org\/{rel}","templated":true}]}}