{"id":4088,"date":"2023-12-01T15:08:24","date_gmt":"2023-12-01T07:08:24","guid":{"rendered":"https:\/\/long-join.com\/?post_type=product&#038;p=4088"},"modified":"2024-06-28T16:41:26","modified_gmt":"2024-06-28T08:41:26","slug":"kits-de-receptaculo-de-fotocontrolador-con-interruptor-de-sensor-jl-205cjl-200z-de-14-pines","status":"publish","type":"product","link":"https:\/\/long-join.com\/es\/product\/jl-205cjl-200z-14-sensor-switch-photocontroller-receptacle-kits\/","title":{"rendered":"Kits de recept\u00e1culos para fotocontrolador con interruptor de sensor JL-205C y JL-200Z-14"},"content":{"rendered":"<blockquote><p>El recept\u00e1culo de fotocontrol con cubierta posterior de policarbonato es adecuado para la iluminaci\u00f3n de luminarias. Adem\u00e1s, el recept\u00e1culo de 3 pines de montaje externo se considera a menudo por su impacto en la est\u00e9tica del cuerpo de la l\u00e1mpara y la disipaci\u00f3n de calor de los componentes integrados en la cavidad de luz.<\/p><\/blockquote>\n<blockquote><p>* Puede elegir el controlador de 3 pines con bloqueo giratorio: JL-205C 120-277 VCA, adem\u00e1s, el controlador de bajo voltaje JL-205-12D\/24D (12 V\/24 V).<\/p><\/blockquote>\n<blockquote><p>* Serie de control de luz de amplio voltaje opcional: JL-205B (220-240 VCA), JL-205C (110-277 VCA), JL-205A (110-120 VCA).<\/p><\/blockquote>","protected":false},"excerpt":{"rendered":"<p>1. Modelo del producto: JL-205C y JL-200Z-14<br \/>\n2. Voltaje nominal: 110-277 VCA<br \/>\n3. Nivel de lux de encendido\/apagado: 10~20 Lx encendido\/30~60 Lx apagado<br \/>\n4. Est\u00e1ndares compatibles: CE, ROHS, UL<\/p>","protected":false},"featured_media":4094,"template":"","meta":{"_acf_changed":false,"_seopress_robots_primary_cat":"none","_seopress_titles_title":"","_seopress_titles_desc":"","_seopress_robots_index":""},"product_brand":[],"product_cat":[28,55],"product_tag":[],"class_list":{"0":"post-4088","1":"product","2":"type-product","3":"status-publish","4":"has-post-thumbnail","6":"product_cat-our-product","7":"product_cat-twist-lock-photocontrollers","9":"first","10":"instock","11":"shipping-taxable","12":"product-type-simple"},"acf":[],"_links":{"self":[{"href":"https:\/\/long-join.com\/es\/wp-json\/wp\/v2\/product\/4088","targetHints":{"allow":["GET"]}}],"collection":[{"href":"https:\/\/long-join.com\/es\/wp-json\/wp\/v2\/product"}],"about":[{"href":"https:\/\/long-join.com\/es\/wp-json\/wp\/v2\/types\/product"}],"version-history":[{"count":0,"href":"https:\/\/long-join.com\/es\/wp-json\/wp\/v2\/product\/4088\/revisions"}],"wp:featuredmedia":[{"embeddable":true,"href":"https:\/\/long-join.com\/es\/wp-json\/wp\/v2\/media\/4094"}],"wp:attachment":[{"href":"https:\/\/long-join.com\/es\/wp-json\/wp\/v2\/media?parent=4088"}],"wp:term":[{"taxonomy":"product_brand","embeddable":true,"href":"https:\/\/long-join.com\/es\/wp-json\/wp\/v2\/product_brand?post=4088"},{"taxonomy":"product_cat","embeddable":true,"href":"https:\/\/long-join.com\/es\/wp-json\/wp\/v2\/product_cat?post=4088"},{"taxonomy":"product_tag","embeddable":true,"href":"https:\/\/long-join.com\/es\/wp-json\/wp\/v2\/product_tag?post=4088"}],"curies":[{"name":"wp","href":"https:\/\/api.w.org\/{rel}","templated":true}]}}